{"id":1279,"date":"2020-11-11T13:51:30","date_gmt":"2020-11-11T19:51:30","guid":{"rendered":"http:\/\/schoolchoiceforkids.org\/es\/rethinking-k-12-education\/"},"modified":"2022-10-28T16:50:08","modified_gmt":"2022-10-28T22:50:08","slug":"rethinking-k-12-education","status":"publish","type":"page","link":"https:\/\/schoolchoiceforkids.org\/es\/rethinking-k-12-education\/","title":{"rendered":"Reconsiderando la Educaci\u00f3n"},"content":{"rendered":"\n<style type=\"text\/css\" data-created_by=\"avia_inline_auto\" id=\"style-css-av-l6obwoct-cc6b55ef3db7e7bfd9c4b1b69f60ec13\">\n#top .av-special-heading.av-l6obwoct-cc6b55ef3db7e7bfd9c4b1b69f60ec13{\npadding-bottom:10px;\n}\nbody .av-special-heading.av-l6obwoct-cc6b55ef3db7e7bfd9c4b1b69f60ec13 .av-special-heading-tag .heading-char{\nfont-size:25px;\n}\n.av-special-heading.av-l6obwoct-cc6b55ef3db7e7bfd9c4b1b69f60ec13 .av-subheading{\nfont-size:15px;\n}\n<\/style>\n<div  class='av-special-heading av-l6obwoct-cc6b55ef3db7e7bfd9c4b1b69f60ec13 av-special-heading-h1 blockquote modern-quote  avia-builder-el-0  el_before_av_textblock  avia-builder-el-first '><h1 class='av-special-heading-tag '  itemprop=\"headline\"  >Reconsiderando la Educaci\u00f3n<\/h1><div class=\"special-heading-border\"><div class=\"special-heading-inner-border\"><\/div><\/div><\/div>\n<section  class='av_textblock_section av-l6obwgu5-def9a8a7787ddc05c6a5db0c9f830add '   itemscope=\"itemscope\" itemtype=\"https:\/\/schema.org\/CreativeWork\" ><div class='avia_textblock'  itemprop=\"text\" ><p>El desaf\u00edo de educar a los ni\u00f1os durante la pandemia COVID-19 ha llevado a muchos padres de familia a reconsiderar la educaci\u00f3n de K\u00ednder a 12\u25e6 grado para sus hijos. Durante la primavera del 2020 algunos padres adquirieron un mayor conocimiento sobre la forma en que sus hijos aprenden mejor. La ley del estado de Colorado ofrece una gama de opciones educativas para ayudar a las familias a encontrar la mejor opci\u00f3n did\u00e1ctica que se adapte mejor a las necesidades de sus hijos, exigencias de trabajo u otras circunstancias especiales.<\/p>\n<p>Esta nueva secci\u00f3n de la p\u00e1gina web\u00a0<a href=\"https:\/\/schoolchoiceforkids.org\/es\/\">Opci\u00f3nEscolarparaNi\u00f1os<\/a>\u00a0fue creada en 2020 para ayudar a los padres mientras navegan por la interrupci\u00f3n de la educaci\u00f3n tradicional, aunque tambi\u00e9n dicha informaci\u00f3n ser\u00e1 de gran valor en el futuro. Los padres aprender\u00e1n sobre\u00a0<em>learning pods<\/em>\u00a0(grupos de aprendizaje) micro-escuelas, tipos de escuelas privadas, educaci\u00f3n en casa y las numerosas opciones de escuelas p\u00fablicas de Colorado.<\/p>\n<p><strong>Aprendizaje Remoto<\/strong><\/p>\n<p>Durante la pandemia COVID-19, los estudiantes inscritos en escuelas p\u00fablicas o privadas pueden estar obligados a participar en alg\u00fan aprendizaje remoto, o bien, las familias pueden elegir una opci\u00f3n remota a largo plazo ofrecida por la escuela, debido a riesgos de salud. A pesar de que el aprendizaje se est\u00e1 llevando a cabo en casa, en ninguna de las dos situaciones, bajo la ley estatal, se considera educaci\u00f3n en casa. El aprendizaje remoto puede variar de un sal\u00f3n de clases a otro. Generalmente, el aprendizaje remoto durante la pandemia COVID-19 es diferente a la instrucci\u00f3n virtual proporcionada por una escuela en l\u00ednea.<\/p>\n<p>A menudo, los padres necesitan actividades de enriquecimiento para complementar el programa remoto de sus hijos. Consulte nuestra secci\u00f3n de recursos para ver actividades de enriquecimiento \u00fatiles para los grados de K\u00ednder al 8\u25e6 grado. El Departamento de Educaci\u00f3n de Colorado (CDE) tambi\u00e9n ha proporcionado algunos\u00a0<a href=\"https:\/\/www.cde.state.co.us\/families\">recursos<\/a>\u00a0para que las familias naveguen aprendiendo en casa durante la pandemia.<\/p>\n<p><strong><em>Learning Pods<\/em>\u00a0(Grupos de Aprendizaje)<br \/>\n<\/strong><\/p>\n<p><a href=\"https:\/\/schoolchoiceweek.com\/en-espanol\/\">Los Grupos de Aprendizaje<\/a>\u00a0han surgido como una opci\u00f3n para que los padres proporcionen a sus hijos estructura y apoyo mientras participan en el aprendizaje remoto. Algunos padres necesitan a otra persona para supervisar a sus hijos durante el d\u00eda y\/o para proporcionar a sus hijos oportunidades de socializaci\u00f3n y actividades de enriquecimiento. Los grupos de aprendizaje est\u00e1n hechos por peque\u00f1os grupos de estudiantes que est\u00e1n inscritos en escuelas p\u00fablicas o privadas. Los grupos de aprendizaje pueden formarse durante cualquier posible cierre de escuela debido a COVID-19 o para atender a los estudiantes que, por razones de salud, han optado por el aprendizaje remoto durante todo el a\u00f1o acad\u00e9mico.<\/p>\n<p>Los grupos de aprendizaje son formados ya sea por padres, maestros, empresas privadas o distritos escolares.\u00a0<em>En los grupos de aprendizaje creados por los padres,<\/em>\u00a0el supervisor facilita el programa educativo de la escuela p\u00fablica o no p\u00fablica y tambi\u00e9n puede ofrecer actividades de enriquecimiento. Los padres comparten el costo para contratar a alguien que supervise los grupos de aprendizaje o pueden establecer un calendario de rotaci\u00f3n para compartir la responsabilidad. Debido a que est\u00e1 creciendo el n\u00famero de grupos de aprendizaje, el estado ha intervenido y creado una\u00a0<a href=\"https:\/\/www.cde.state.co.us\/communications\/2020learnpodguid\">gu\u00eda<\/a>\u00a0para que la sigan las familias. \u00a0<em>Los grupos de aprendizaje formados<\/em>\u00a0<em>por empresas<\/em>\u00a0son creados y administrados por empresas privadas. Aquellos que eligen iniciar un grupo de aprendizaje de empresas, crean una c\u00e1psula de aprendizaje para un peque\u00f1o n\u00famero de estudiantes o peque\u00f1os grupos de estudiantes. \u00a0Proporcionan apoyo para el aprendizaje remoto, completan tareas y a veces una variedad de actividades de enriquecimiento por la tarde. Tambi\u00e9n hay algunos\u00a0<em>grupos de aprendizaje creados por<\/em>\u00a0<em>el distrito<\/em>\u00a0<em>escolar<\/em>\u00a0que operan en funci\u00f3n de las necesidades de la familia durante los momentos de aprendizaje remoto.<\/p>\n<p>Un n\u00famero creciente de organizaciones sin fines de lucro est\u00e1n facilitando grupos de aprendizaje para apoyar a las familias de bajos ingresos. Adem\u00e1s, muchos padres est\u00e1n invitando al menos a una familia, que no puede pagar por los gastos del grupo de aprendizaje a unirse a su grupo sin costo alguno.<\/p>\n<p>M\u00e1s informaci\u00f3n sobre grupos de aprendizaje:<\/p>\n<ul class=\"new-list\">\n<li><a href=\"https:\/\/www.facebook.com\/groups\/pandemicpodsf\/\">Grupos de pandemia de Facebook<\/a><\/li>\n<li><a href=\"https:\/\/schoolchoiceweek.com\/en-espanol\/\">Informaci\u00f3n \u00datil de Grupos de Aprendizaje<\/a><\/li>\n<li><a href=\"https:\/\/www.realsimple.com\/work-life\/family\/kids-parenting\/how-to-build-a-learning-pod\">Como Crear un Grupo de Aprendizaje<\/a><\/li>\n<\/ul>\n<p><strong>Opciones de Escuelas Privadas<\/strong>\u00a0<strong>\u00a0<\/strong><\/p>\n<p>Los padres en Colorado pueden elegir entre una variedad de opciones de escuelas no p\u00fablicas. El t\u00e9rmino \u201cescuelas no p\u00fablicas\u201d se refiere a escuelas privadas, independientes y parroquiales. Las escuelas parroquiales est\u00e1n conectadas a un lugar espec\u00edfico de alabanza, sin embargo, las escuelas independientes no lo est\u00e1n. Ambas se consideran escuelas privadas. Los estudiantes pagan colegiatura para asistir a una escuela privada. A veces hay becas disponibles. Ni la Junta de Educaci\u00f3n Estatal ni las juntas de distritos escolares tienen jurisdicci\u00f3n sobre las escuelas privadas. Las escuelas privadas de Colorado no est\u00e1n obligadas a administrar evaluaciones nacionales o estatales a sus estudiantes ni est\u00e1n obligadas a contratar maestros con licencia de ense\u00f1anza.<\/p>\n<p>La mayor\u00eda de las escuelas privadas, aunque no todas, ofrecen un programa educativo impartido en una escuela tradicional. Es legal que una escuela privada ofrezca tipos de instrucci\u00f3n acad\u00e9mica a sus estudiantes inscritos cuyo aprendizaje puede ser impartido desde otro lugar. Por ejemplo, los padres pueden inscribir a sus hijos en una escuela privada, sin embargo, los estudiantes reciben la instrucci\u00f3n acad\u00e9mica desde una ubicaci\u00f3n v\u00eda sat\u00e9lite, en l\u00ednea o en casa. Algunas escuelas privadas ofrecen programas donde los estudiantes asisten a clases presenciales durante dos o tres d\u00edas y luego pasan el resto de la semana aprendiendo desde casa.<\/p>\n<p>Una opci\u00f3n de escuela privada que ha surgido en la \u00faltima d\u00e9cada son las\u00a0<a href=\"https:\/\/www.educationnext.org\/rise-micro-schools\/\">micro-escuelas<\/a>. Las micro-escuelas privadas son peque\u00f1as escuelas que utilizan modelos de ense\u00f1anza innovadores y activos con peque\u00f1os salones de clase de edades m\u00faltiples. A veces son denominados como \u201cescuela de un solo sal\u00f3n\u201d El paradigma de la\u00a0<a href=\"https:\/\/www.microschoolrevolution.com\/founder-article\/establishing-your-microschool\/\">micro-escuela<\/a>\u00a0permite la adaptabilidad y el aprendizaje personalizado.<\/p>\n<p>Hay un tipo de escuela privada com\u00fanmente conocida como\u00a0<em>umbrella school<\/em>\u00a0(escuela paraguas). Las escuelas paraguas son escuelas privadas que ofrecen una \u201ccobertura\u201d para las familias que desean educar a sus hijos en casa bajo la supervisi\u00f3n legal de una escuela privada, en lugar de seguir la ley de la escuela en casa. Algunas escuelas privadas tradicionales tambi\u00e9n ofrecen los servicios de supervisi\u00f3n de la escuela en casa.<\/p>\n<p><strong>Opciones de Escuela en Casa<\/strong><\/p>\n<p>Una escuela en casa es un programa educativo no p\u00fablico basado en el hogar en el que la instrucci\u00f3n es proporcionada por el padre del ni\u00f1o o por un familiar adulto designado por el padre.<a href=\"https:\/\/www.cde.state.co.us\/choice\/homeschool_law\">\u00a0La Ley de Escuela en Casa<\/a>\u00a0de Colorado rige el establecimiento y la implementaci\u00f3n de una escuela en casa. Cualquier padre que planea educar a sus hijos en casa debe leer toda la ley de la escuela en casa.<\/p>\n<p>Durante la pandemia COVID-19, algunos padres pueden optar por retirar a sus hijos de una escuela p\u00fablica o privada para educarlos en casa. Adem\u00e1s de los requisitos que se enumeran a continuaci\u00f3n, los padres supervisan el programa de escuela en casa y son responsables de los costos asociados con la obtenci\u00f3n de libros, suministros y ex\u00e1menes. Una escuela en casa no est\u00e1 bajo la supervisi\u00f3n y el control de un distrito escolar. Aprendiendo desde el hogar mientras se est\u00e1 inscrito en una escuela del vecindario u otra escuela p\u00fablica no se considera como una Escuela en Casa.<\/p>\n<p>\u00bfCu\u00e1les son los requisitos legales de una escuela en casa?<\/p>\n<p>Todos los padres que planean educar en casa a sus hijos deben leer toda\u00a0<a href=\"https:\/\/www.cde.state.co.us\/choice\/homeschool_law\">La Ley de Escuela en Casa<\/a>\u00a0de Colorado. Los requisitos b\u00e1sicos para un programa de escuela en casa incluyen los siguientes:<\/p>\n<ul class=\"new-list\">\n<li>Carta de intenci\u00f3n: Los padres deben proporcionar una notificaci\u00f3n por escrito a un distrito escolar de Colorado que describa el establecimiento de un programa de educaci\u00f3n en el hogar al menos 14 d\u00edas antes de comenzar el programa de escuela en casa.<\/li>\n<li>Materias: Se requiere un programa de escuela en casa para ense\u00f1ar las materias de lectura, escritura, expresi\u00f3n oral, matem\u00e1ticas, historia, civismo, literatura, ciencias y cursos relacionados con la constituci\u00f3n de los Estados Unidos. La Ley de Escuelas en casa de Colorado no requiere el uso de un plan espec\u00edfico de estudios.<\/li>\n<li>Asistencia: Los programas de Escuela en Casa deben tener no menos de 172 d\u00edas de instrucci\u00f3n por a\u00f1o escolar, con un promedio de cuatro horas de contacto por d\u00eda.<\/li>\n<li>Mantenimiento de registros: Como m\u00ednimo, los registros deben incluir la asistencia, los resultados de las pruebas y las evaluaciones y la cartilla de vacunaci\u00f3n. Si se requiere, los registros deben ser proporcionados al distrito escolar donde la notificaci\u00f3n de escuela en casa fue dada de alta.<\/li>\n<li>Evaluaci\u00f3n: El progreso acad\u00e9mico debe evaluarse en los grados 3\u25e6, 5\u25e6, 7\u25e6, 9\u25e6 y 11\u25e6. Los estudiantes pueden tomar un examen nacional estandarizado de rendimiento o ser evaluados por una persona calificada. Debido a que los estudiantes en programas de escuela en casa no participan en programas de evaluaci\u00f3n a nivel estatal cualquier exenci\u00f3n para estudiantes de escuelas p\u00fablicas durante la pandemia COVID-19 en la administraci\u00f3n de las evaluaciones estatales no aplica a las evaluaciones requeridas de educaci\u00f3n en casa<\/li>\n<\/ul>\n<p>\u00bfCu\u00e1l es la diferencia entre una escuela en casa y el aprendizaje en casa?<\/p>\n<p>La escuela en casa es un tipo espec\u00edfico de aprendizaje en casa regido por\u00a0<a href=\"https:\/\/www.cde.state.co.us\/choice\/homeschool_law\">La Ley de Educaci\u00f3n en Casa<\/a>\u00a0de Colorado. El aprendizaje en casa, sin embargo, puede tomar muchas formas diferentes. Aprender desde casa puede ser<\/p>\n<ul class=\"new-list\">\n<li>escuela p\u00fablica o escuela privada;<\/li>\n<li>aprendizaje mixto, aprendizaje h\u00edbrido, o una escuela o programa en l\u00ednea;<\/li>\n<li>un grupo de aprendizaje (creado por padres, creado por empresas, creado por el distrito o privado); O<\/li>\n<li>tutor privado que es un maestro con licencia de Colorado.<\/li>\n<\/ul>\n<p><strong>Recursos<\/strong><\/p>\n<ul class=\"new-list\">\n<li><a href=\"https:\/\/www.cde.state.co.us\/choice\/homeschool_law\">Ley de la Escuela en Casa de Colorado<\/a><\/li>\n<li><a href=\"https:\/\/www.cde.state.co.us\/choice\/homeschool\">Informaci\u00f3n de la Escuela en Casa del Departamento de Educaci\u00f3n de Colorado<\/a><\/li>\n<li><a href=\"https:\/\/codes.findlaw.com\/co\/title-22-education\/co-rev-st-sect-22-33-104.html\">Ley de Asistencia Escolar Obligatoria<\/a><\/li>\n<li><a href=\"https:\/\/hslda.org\/\">Asociaci\u00f3n de Defensa Legal de la Escuela en Casa<\/a><\/li>\n<li><a href=\"https:\/\/chec.org\/\">Educadores Cristianos del Hogar en Colo<\/a>rado<\/li>\n<\/ul>\n<p><strong>\u00a0<\/strong><strong>Tutor o Padre con Licencia de Colorado<\/strong><\/p>\n<p>Los padres en Colorado tambi\u00e9n pueden optar por educar a sus hijos en casa, o en otro lugar, por medio de un maestro con licencia de Colorado. El maestro con licencia puede ser el padre o un tutor privado. En este caso, los requisitos de la ley de la escuela en casa\u00a0<a href=\"https:\/\/codes.findlaw.com\/co\/title-22-education\/co-rev-st-sect-22-33-104.html\">no aplican<\/a>, sin embargo, es posible que el padre deba ponerse en contacto con la escuela del ni\u00f1o y llenar un formulario de retiro oficial.<\/p>\n<p><strong>Opciones de la Escuela P\u00fablica<\/strong><\/p>\n<p>Los padres en Colorado pueden elegir entre una variedad de opciones de escuelas p\u00fablicas, incluyendo escuelas de vecindario, escuelas\u00a0<em>charter<\/em>, escuelas\u00a0<em>option<\/em>\u00a0(de opci\u00f3n, a veces denominadas como escuelas\u00a0<em>magnet\u00a0<\/em>o escuelas de enfoque), escuelas en l\u00ednea y escuelas de innovaci\u00f3n (bajo la Ley de Escuelas de Innovaci\u00f3n). Durante la pandemia COVID-19, los estudiantes inscritos en escuelas p\u00fablicas pueden participar en un aprendizaje m\u00e1s remoto que en a\u00f1os anteriores. El aprendizaje remoto en el hogar evolucionar\u00e1 a medida que las escuelas y los distritos recopilen comentarios e implementen nuevas y mejores pr\u00e1cticas. El Departamento de Educaci\u00f3n de Colorado (CDE) ha proporcionado algunos\u00a0<a href=\"https:\/\/www.cde.state.co.us\/learningathome\">recursos<\/a>\u00a0para que las familias naveguen por el aprendizaje en el hogar.<\/p>\n<p>\u00bfCu\u00e1les son las diferencias entre las escuelas de vecindario, las escuelas\u00a0<em>charter<\/em>, las escuelas de opci\u00f3n, las escuelas en l\u00ednea y las escuelas de la Ley de Innovaci\u00f3n?<\/p>\n<p><em>Las escuelas del vecindario<\/em>\u00a0son t\u00edpicamente escuelas p\u00fablicas administradas por el distrito que sirven a los estudiantes que viven dentro de los l\u00edmites establecidos. Colorado, sin embargo, es un estado de inscripci\u00f3n abierta, lo que significa que los estudiantes pueden escoger o inscribirse en otra escuela p\u00fablica en el estado. Los estudiantes pueden iniciar el proceso de inscripci\u00f3n abierta en otros tipos de escuelas p\u00fablicas, incluyendo escuelas\u00a0<em>charter,<\/em>\u00a0escuelas de opci\u00f3n, escuelas o programas en l\u00ednea, o escuelas bajo La Ley de Escuelas de Innovaci\u00f3n.<\/p>\n<p><em>Las escuelas charter<\/em>\u00a0son escuelas p\u00fablicas gratuitas que celebran un contrato aut\u00f3nomo de acuerdo con\u00a0<a href=\"https:\/\/www.cde.state.co.us\/cdechart\/csact_part1\">La Ley de Escuelas Charter<\/a>. Por lo general, los estudiantes tienen que inscribirse en las escuelas charter. En Colorado una escuela charter est\u00e1 autorizada por el distrito escolar o por\u00a0<a href=\"https:\/\/www.csi.state.co.us\/\">El Instituto de Escuelas Charter de Colorado<\/a>. Si bien, las escuelas charter est\u00e1n sujetas a los mismos requisitos de evaluaci\u00f3n y rendimiento de todas las escuelas p\u00fablicas, tienen mayor flexibilidad y autonom\u00eda que las escuelas p\u00fablicas tradicionales en t\u00e9rminos de filosof\u00eda de ense\u00f1anza, plan de estudios, calendarios escolares, decisiones de personal y algunas decisiones financieras.<\/p>\n<p>En 2019-2020 hab\u00eda 262 escuelas\u00a0<em>charter<\/em>\u00a0de Colorado que atend\u00edan a 128.000 estudiantes, lo que es alrededor del 14% de inscripciones en escuelas p\u00fablicas en el estado. Para obtener una lista de las escuelas ch\u00e1rter de Colorado, consulte la\u00a0<a href=\"https:\/\/www.cde.state.co.us\/choice\">Lista de Escuelas Charter 2020-2021<\/a>\u00a0del Departamento de Educaci\u00f3n de Colorado. O bien, La Liga de Escuelas Charter de Colorado ofrece una\u00a0<a href=\"https:\/\/coloradoleague.org\/search\/custom.asp?id=2524\">herramienta<\/a>\u00a0para encontrar una escuela charter en su distrito o por el tipo de programa.<\/p>\n<p><em>Las escuelas de opci\u00f3n\u00a0<\/em>son escuelas p\u00fablicas gratuitas que brindan un enfoque especial o un programa educativo. A diferencia de las escuelas\u00a0<em>charter<\/em>, las escuelas de opci\u00f3n son administradas por el distrito, por lo que no existe una ley estatal separada que especifique requisitos especiales para las escuelas de opci\u00f3n. Las escuelas de opci\u00f3n tambi\u00e9n pueden llamarse escuelas \u201c<em>magnet<\/em>\u201d o \u201cde \u201cenfoque\u201d.<\/p>\n<p>Hay algunas excepciones, pero generalmente, las escuelas de opci\u00f3n no tienen un \u00e1rea de asistencia y todos los estudiantes tienen que iniciar el proceso de inscripci\u00f3n abierta en la escuela. La Escuela de Artes de Denver ubicada en el Distrito Escolar P\u00fablico de Denver o la Escuela D\u2019Evelyn Junior\/Highschool en el Distrito Escolar P\u00fablico del Condado de Jefferson son ejemplos de escuelas de opci\u00f3n que no tienen \u00e1reas de asistencia.<\/p>\n<p>Cuando una escuela de opci\u00f3n tambi\u00e9n es una escuela de vecindario, los estudiantes que viven en el \u00e1rea de asistencia pueden acudir a la escuela. Los estudiantes que no viven en el \u00e1rea de asistencia tienen que iniciar un proceso de inscripci\u00f3n abierta en la escuela.<\/p>\n<p><em>Las escuelas<\/em><em>\u00a0y programas<\/em>\u00a0en l\u00ednea ofrecen instrucci\u00f3n acad\u00e9mica dirigida por un maestro a trav\u00e9s de una plataforma digital que proporciona a los estudiantes opciones sobre el tiempo y el lugar de aprendizaje. Si la escuela en l\u00ednea es una escuela p\u00fablica, es gratuita. Colorado ofrece educaci\u00f3n virtual a trav\u00e9s de escuelas en l\u00ednea de m\u00faltiples distritos, escuelas en l\u00ednea de un solo distrito y programas de un solo distrito. Las escuelas en l\u00ednea est\u00e1n autorizadas por un distrito escolar, Juntas de Servicios Educativos Cooperativos (BOCES) o por el Instituto de Escuelas Charter (Aut\u00f3nomas). Una escuela en l\u00ednea de distritos m\u00faltiples puede servir a los estudiantes en todo el estado. Las escuelas y programas en l\u00ednea de un solo distrito sirven a los estudiantes principalmente de un distrito espec\u00edfico.<\/p>\n<p>Haga clic\u00a0<a href=\"https:\/\/www.cde.state.co.us\/onlinelearning\/schools\">aqu\u00ed<\/a>\u00a0\u00a0para obtener enlaces a las escuelas p\u00fablicas de distritos m\u00faltiples de Colorado, las escuelas en l\u00ednea de un solo distrito y los programas en l\u00ednea de un solo distrito.\u00a0<a href=\"https:\/\/www.coloradodls.org\/\">Soluciones de Aprendizaje Digitales de Colorado<\/a>\u00a0ofrece cursos en l\u00ednea suplementarios a escuelas p\u00fablicas de Colorado.<\/p>\n<p>El Departamento de Educaci\u00f3n de Colorado ofrece a los padres y estudiantes una \u00a0<a href=\"https:\/\/www.cde.state.co.us\/onlinelearning\/faq\">gran cantidad<\/a>\u00a0de informaci\u00f3n sobre la educaci\u00f3n p\u00fablica en l\u00ednea en Colorado en su p\u00e1gina web.<\/p>\n<p>El aprendizaje mixto es un m\u00e9todo de impartici\u00f3n de instrucci\u00f3n en el que el contenido se presenta de forma remota y en persona con cierto grado de control del estudiante sobre el tiempo, el lugar y el ritmo de instrucci\u00f3n. El aprendizaje mixto se puede ofrecer como un componente de cualquier escuela, o una escuela puede utilizar un modelo de aprendizaje mixto como su m\u00e9todo principal de impartir instrucci\u00f3n. Hay cuatro modelos comunes de aprendizaje mixto:<\/p>\n<ul class=\"new-list\">\n<li>Modelo de rotaci\u00f3n \u2013 un curso en el que los alumnos rotan en un horario fijo o a discreci\u00f3n del maestro.<\/li>\n<li>Modelo Flex \u2013 un curso en el que la ense\u00f1anza en l\u00ednea es el modo principal de aprendizaje de los estudiantes con actividades ocasionales fuera de l\u00ednea.<\/li>\n<li>Modelo a la carta \u2013 un curso que un estudiante toma en l\u00ednea para suplementar el aprendizaje del estudiante en una escuela tradicional.<\/li>\n<li>Modelo virtual enriquecido: un curso en el que los alumnos han requerido sesiones de aprendizaje cara a cara con su maestro principal, pero que luego son libres de completar el trabajo del curso de forma remota.<\/li>\n<\/ul>\n<p><a href=\"https:\/\/www.colorado.gov\/cel\">Colorado Empowered Learning (CEL)<\/a>\u00a0fue lanzado en 2017 por la Asamblea General de Colorado a trav\u00e9s de\u00a0<a href=\"https:\/\/www.leg.state.co.us\/clics\/clics2016a\/csl.nsf\/fsbillcont2\/B08F6533D6C9DDEC87257F3F006F4D9E\/$FILE\/1222_signed.pdf\">H.B. 16-1222<\/a><\/p>\n<div class=\"formswift-button\"><a class=\"fs-edit-link\">\u270e Edit<\/a><a class=\"fs-sign-link\">Sign<\/a><\/div>\n<p>. El prop\u00f3sito de esta iniciativa financiada por el estado es aumentar la equidad y el acceso en la educaci\u00f3n de K\u00ednder a 12\u25e6 grado, a trav\u00e9s del aprendizaje mixto. Para obtener m\u00e1s informaci\u00f3n sobre los esfuerzos de CEL, consulte la \u00a0<a href=\"https:\/\/www.documentcloud.org\/documents\/3899971-CO-BlendedLearningRoadmap.html\">Hoja de Ruta de Aprendizaje Mixto de Colorado.<\/a><\/p>\n<p><em>Las Escuelas de Innovaci\u00f3n<\/em>\u00a0son escuelas p\u00fablicas a las que se brinda la oportunidad de dise\u00f1ar e implementar ideas y pr\u00e1cticas innovadoras y obtener exenciones de las pol\u00edticas estatales y locales y los convenios colectivos que pueden obstaculizar la implementaci\u00f3n de pr\u00e1cticas innovadoras. Las escuelas de innovaci\u00f3n fueron establecidas por la\u00a0\u00a0<a href=\"https:\/\/www.cde.state.co.us\/choice\/innovationschoolsstatute\">Ley de Escuelas de Innovaci\u00f3n de 2008,<\/a>\u00a0que inclu\u00eda una lista de \u00e1reas sugeridas para la innovaci\u00f3n, incluyendo 1) Plan de estudios, est\u00e1ndares acad\u00e9micos y evaluaciones \u00a0(2) medidas de rendici\u00f3n , (3) prestaci\u00f3n de servicios para poblaciones especiales (por ejemplo, estudiantes con discapacidad, estudiantes superdotados, estudiantes de ESL (Ingl\u00e9s como segunda lengua), estudiantes en riesgo de fracaso acad\u00e9mico, etc.), (4) cuestiones relacionadas con la contrataci\u00f3n de maestros, la formaci\u00f3n, la preparaci\u00f3n, el desarrollo profesional, el empleo, las expectativas de desempe\u00f1o y la compensaci\u00f3n, (5) la gobernanza escolar y (6) la preparaci\u00f3n y el asesoramiento de los estudiantes en la transici\u00f3n a la educaci\u00f3n superior y la fuerza laboral.<\/p>\n<p>Cualquier escuela p\u00fablica puede solicitar convertirse en una Escuela de Innovaci\u00f3n. Los grupos de escuelas dentro de un distrito tambi\u00e9n pueden solicitar convertirse en una Zona Escolar de Innovaci\u00f3n. Haga clic\u00a0<a href=\"https:\/\/www.cde.state.co.us\/choice\/innovationschoolslist\">aqu\u00ed<\/a>\u00a0\u00a0para obtener una lista de Escuelas de Innovaci\u00f3n y Zonas Escolares de Innovaci\u00f3n.<\/p>\n<p><strong>Recursos<\/strong><\/p>\n<ul class=\"new-list\">\n<li><a href=\"https:\/\/www.cde.state.co.us\/choice\">Unidad de Escuelas de Elecci\u00f3n del Departamento de Educaci\u00f3n de Colorado<\/a><\/li>\n<li><a href=\"https:\/\/coloradoleague.org\/\">Lista de Escuelas Charter de Colorado<\/a><\/li>\n<li><a href=\"https:\/\/www.csi.state.co.us\/\">Instituto de Escuela Charter de Colorado<\/a><\/li>\n<\/ul>\n<\/div><\/section>\n","protected":false},"excerpt":{"rendered":"","protected":false},"author":2,"featured_media":0,"parent":0,"menu_order":0,"comment_status":"closed","ping_status":"closed","template":"","meta":{"_monsterinsights_skip_tracking":false,"_monsterinsights_sitenote_active":false,"_monsterinsights_sitenote_note":"","_monsterinsights_sitenote_category":0,"footnotes":""},"class_list":["post-1279","page","type-page","status-publish","hentry"],"_links":{"self":[{"href":"https:\/\/schoolchoiceforkids.org\/es\/wp-json\/wp\/v2\/pages\/1279","targetHints":{"allow":["GET"]}}],"collection":[{"href":"https:\/\/schoolchoiceforkids.org\/es\/wp-json\/wp\/v2\/pages"}],"about":[{"href":"https:\/\/schoolchoiceforkids.org\/es\/wp-json\/wp\/v2\/types\/page"}],"author":[{"embeddable":true,"href":"https:\/\/schoolchoiceforkids.org\/es\/wp-json\/wp\/v2\/users\/2"}],"replies":[{"embeddable":true,"href":"https:\/\/schoolchoiceforkids.org\/es\/wp-json\/wp\/v2\/comments?post=1279"}],"version-history":[{"count":0,"href":"https:\/\/schoolchoiceforkids.org\/es\/wp-json\/wp\/v2\/pages\/1279\/revisions"}],"wp:attachment":[{"href":"https:\/\/schoolchoiceforkids.org\/es\/wp-json\/wp\/v2\/media?parent=1279"}],"curies":[{"name":"wp","href":"https:\/\/api.w.org\/{rel}","templated":true}]}}