{"id":488,"date":"2016-06-03T01:24:35","date_gmt":"2016-06-03T07:24:35","guid":{"rendered":"http:\/\/sc4k.i2i.org\/?page_id=488&#038;lang=es"},"modified":"2022-09-19T13:10:44","modified_gmt":"2022-09-19T19:10:44","slug":"preguntas-frecuentes-con-respecto-matricula-abierta","status":"publish","type":"page","link":"https:\/\/schoolchoiceforkids.org\/es\/preguntas-frecuentes-con-respecto-matricula-abierta\/","title":{"rendered":"Preguntas frecuentes con respecto a matr\u00edcula abierta"},"content":{"rendered":"\n<style type=\"text\/css\" data-created_by=\"avia_inline_auto\" id=\"style-css-av-l6obiud5-2e3faf066ea45e918863ebbf5d54670c\">\n#top .av-special-heading.av-l6obiud5-2e3faf066ea45e918863ebbf5d54670c{\npadding-bottom:10px;\n}\nbody .av-special-heading.av-l6obiud5-2e3faf066ea45e918863ebbf5d54670c .av-special-heading-tag .heading-char{\nfont-size:25px;\n}\n.av-special-heading.av-l6obiud5-2e3faf066ea45e918863ebbf5d54670c .av-subheading{\nfont-size:15px;\n}\n<\/style>\n<div  class='av-special-heading av-l6obiud5-2e3faf066ea45e918863ebbf5d54670c av-special-heading-h1 blockquote modern-quote  avia-builder-el-0  el_before_av_textblock  avia-builder-el-first '><h1 class='av-special-heading-tag '  itemprop=\"headline\"  >Preguntas frecuentes con respecto a matr\u00edcula abierta<\/h1><div class=\"special-heading-border\"><div class=\"special-heading-inner-border\"><\/div><\/div><\/div>\n<section  class='av_textblock_section av-l6obin71-8380b2816343b2d47b2534a968eb2b4b '   itemscope=\"itemscope\" itemtype=\"https:\/\/schema.org\/CreativeWork\" ><div class='avia_textblock'  itemprop=\"text\" ><p><a title=\"top\" name=\"top\"><\/a><\/p>\n<p><a href=\"#abierta\"> \u00bfQu\u00e9 es matr\u00edcula abierta (&#8220;open enrollment&#8221;)?<\/a><\/p>\n<p><a href=\"#cuando\">\u00bfCu\u00e1ndo puedo solicitar <\/a><a href=\"#cuando\">matr\u00edcula abierta para mi hijo\/a?<\/a><\/p>\n<p><a href=\"#comosol\">\u00bfC\u00f3mo solicito matr\u00edcula abierta para mi hijo\/a?<\/a><\/p>\n<p><a href=\"#comoenc\">\u00bfC\u00f3mo encuentro la escuela adecuada?<\/a><\/p>\n<p><a href=\"#trans\">\u00bfSe provee el servicio de transporte escolar?<\/a><\/p>\n<p><a href=\"#restric\">\u00bfCu\u00e1les son las restricciones para participar en los deportes de la Escuela Preparatoria cuando los estudiantes se matriculan?<\/a><\/p>\n<p><a href=\"#negar\">\u00bfCu\u00e1ndo puede un distrito escolar negar o rechazar una matr\u00edcula abierta?<\/a><\/p>\n<p>_____________________________________________________________________________<\/p>\n<p><a title=\"abierta\" name=\"abierta\"><\/a><strong> \u00bfQu\u00e9 es matr\u00edcula abierta (&#8220;open enrollment&#8221;)?<\/strong><\/p>\n<p>La matr\u00edcula abierta (&#8220;open enrollment&#8221;) significa que los estudiantes en el estado de Colorado pueden matricularse en otra escuela p\u00fablica que no sea la cual su hijo o hija este asignada de acuerdo a su domicilio o zona geogr\u00e1fica donde residen.<\/p>\n<ul>\n<li>Los distritos escolares asignan a los estudiantes a las escuelas basadose en la area de domicilio o vecindad.<\/li>\n<li>Ejemplo: El distrito escolar asigno a los ninos en la calle de Tom\u00e1s, a asistir a la Escuela Primaria Snowy Mountain despu\u00e9s de visitar la Escuela Primaria Spruce, la familia de Tom\u00e1s decidi\u00f3 que ellos preferir\u00edan que su hijo Tom\u00e1s asistiera a la Escuela Primaria Spruce as\u00ed que ellos llenaron la solicitud de inscripci\u00f3n abierta y la presentaron durante la temporada de la inscripcion abierta, que tradicion\u00e1lmente es muy corta. Tom\u00e1s fu\u00e9 seleccionado para matricularse en la Escuela Primaria Spruce. Debido a que el transporte escolar no era proporcionado, el pap\u00e1 de Tom\u00e1s se comprom\u00e9tio a llevarlo a la escuela todos los d\u00edas y su mam\u00e1 lo recoge a la hora de la salida en las tardes.<\/li>\n<\/ul>\n<p>Independientemente los estudiantes pueden aplicar para la matr\u00edcula abierta en cualquier escuela p\u00fablica, siempre y cuando cumplan con los requisitos. La mayor\u00eda de las escuelas que no tengan lugares vacantes o espacio accesible para m\u00e1s estudiantes, pasaran a la lista de espera. Cuando haya espacio disponible las escuelas aceptar\u00e1n a los estudiantes ya sea tomando como base el orden de llegada o teniendo un sorteo de loter\u00eda para determinar cuales estudiantes se pueden matricular en la escuela. Investigue personalmente con las escuelas de su inter\u00e9s para obtener claros detalles al respecto.<\/p>\n<p>Adicionales pueden existir otras restricciones, haga su lista de preguntas antes de visitar la escuela de su inter\u00e9s. Recuerde que usted se puede enterar de todo lo que ofrecen las escuelas en este espacio de internet.<\/p>\n<p><a href=\"#top\">(Regresar al inicio de la p\u00e1gina)<\/a><\/p>\n<p><a title=\"cuando\" name=\"cuando\"><\/a><strong>\u00bfCuando puedo solicitar matr\u00edcula abierta para mi hijo\/a?<\/strong><\/p>\n<p>Las solicitudes de matr\u00edcula abierta (&#8220;open enrollment&#8221;) son para la matriculaci\u00f3n en una escuela para el siguiente a\u00f1o escolar.<\/p>\n<p>Los distritos escolares y algunas escuelas por individual establecen su propio calendario para aceptar solicitudes de matr\u00edcula abierta (&#8220;open enrollment&#8221;). Los estudiantes tienen que aplicar para matr\u00edcula abierta en las escuelas <em>charter<\/em>. Investigue con la escuela <em>charter<\/em> por individual para aprender mas acerca de las fechas de matriculaci\u00f3n y del proceso de aplicaci\u00f3n. Muchos de los distritos escolares tienen fechas l\u00edmites de inscripci\u00f3n en Diciembre, Enero y Febrero, as\u00ed que aseg\u00farese de planear con anticipaci\u00f3n Vea nuestra lista de requisitos de <a href=\"https:\/\/schoolchoiceforkids.org\/es\/paginas-web-de-matricula-abierta-de-los-distritos-escolares\/\">Inscripci\u00f3n Abierta<\/a> para ayudarle a saber lo que tiene que hacer.<\/p>\n<p><a href=\"#top\">(Regresar al inicio de la p\u00e1gina)<\/a><\/p>\n<p><a title=\"comosol\" name=\"comosol\"><\/a><strong>\u00bfC\u00f3mo solicito matr\u00edcula abierta para mi hijo\/a?<\/strong><\/p>\n<p>Cada escuela tiene sus propias reglas con respecto a donde recoger y donde entregar las solicitudes de Inscripci\u00f3n Abierta. Los estudiantes tienen que aplicar para matr\u00edcula abierta en las escuelas <em>charter<\/em>. Investigue con la escuela <em>charter<\/em> por individual para aprender mas acerca de las fechas de matriculaci\u00f3n y del proceso de aplicaci\u00f3n.<\/p>\n<ul>\n<li><a href=\"https:\/\/schoolchoiceforkids.org\/es\/paginas-web-de-matricula-abierta-de-los-distritos-escolares\/\">P\u00e1ginas Web de Matr\u00edcula Abierta de los Distritos Escolares<\/a><\/li>\n<\/ul>\n<p><a href=\"#top\">(Regresar al inicio de la p\u00e1gina)<\/a><\/p>\n<p><a title=\"comoenc\" name=\"comoenc\"><\/a><strong>\u00bfC\u00f3mo encuentro la escuela adecuada?<\/strong><\/p>\n<p>Muchas de las escuelas p\u00fablicas son denominadas con frecuencia <em>&#8220;schools of choice&#8221;<\/em> (escuelas de opci\u00f3n), \u00e9stas han sido dise\u00f1adas para ofrecer m\u00e9todos de planes de ense\u00f1anza y programas que son diferentes a los de las escuelas p\u00fablicas tradicionales para brindar, de esta manera, m\u00e1s opciones a padres de familia y a estudiantes. Algunas de las escuelas de opci\u00f3n son tambi\u00e9n escuelas de su comunidad (localizadas en su zona escolar o \u00e1rea geogr\u00e1fica donde Usted reside) que han optado por ofrecer programas \u00fanicos.<\/p>\n<p>Las escuelas p\u00fablicas de opci\u00f3n\u00a0pueden ser referidas bajo diferentes nombres, incluyendo <strong>escuelas <em>charter<\/em><\/strong>, <strong>escuelas<\/strong> <em><strong>option<\/strong><\/em>, <strong>escuelas<\/strong> <strong><em>alternative<\/em><\/strong>, <strong>escuelas<\/strong> <em><strong>focus, \u00a0escuelas de\u00a0innovaci\u00f3n\u00a0<\/strong><\/em>y <strong>escuelas <em>contract<\/em><\/strong>. Existen muchas filosof\u00edas, m\u00e9todos y programas educacionales de los que Usted puede elegir. <a href=\"https:\/\/schoolchoiceforkids.org\/es\/escoja-la-mejor-escuela-para-su-hijoa\/\">Haga clic aqu\u00ed para leer acerca de las filosof\u00edas, m\u00e9todos y programas educacionales disponibles en las escuelas p\u00fablicas de Colorado.<\/a><\/p>\n<p><a href=\"https:\/\/schoolchoiceforkids.org\/es\/encuentre-una-escuela\/\">Haga clic aqu\u00ed para buscar las opciones de escuelas p\u00fablicas en su \u00e1rea<\/a>.<\/p>\n<p><a href=\"#top\">(Regresar al inicio de la p\u00e1gina)<\/a><\/p>\n<p><a title=\"trans\" name=\"trans\"><\/a><strong>\u00bfSe provee el servicio de transporte escolar?<\/strong><\/p>\n<p>Cuando Usted matricula a su hijo\/a en otra escuela, puede ser que el servicio de transporte escolar no se provea. Investigue con el distrito o la escuela en donde usted cambiar\u00e1 a su hijo\/a.<\/p>\n<p><a href=\"#top\">(Regresar al inicio de la p\u00e1gina)<\/a><\/p>\n<p><a title=\"restric\" name=\"restric\"><\/a><strong>\u00bfCu\u00e1les son las restricciones para participar en los deportes de la escuela preparatoria cuando los estudiantes aplican para matr\u00edcula abierta?<\/strong><\/p>\n<p>La Regla 1800 de la <em>CHSAA<\/em>\u00a0(Asociaci\u00f3n de Actividades de las Escuelas Preparatorias de Colorado) decreta elegibilidad deportiva para poder participar en el equipo escolar de deportes formado por los mejores jugadores de la escuela, cuando un estudiante se cambia a otra escuela preparatoria. Si Usted piensa que esta regla podr\u00eda aplicar en su caso, <a href=\"https:\/\/www2.chsaa.org\/about\/pdf\/Competitor's_Brochure_2020_2021.pdf\">favor de leer la informaci\u00f3n de la regla<\/a>.<\/p>\n<p><a href=\"#top\">(Regresar al inicio de la p\u00e1gina)<\/a><\/p>\n<p><a title=\"negar\" name=\"negar\"><\/a><strong>\u00bfCuando puede un distrito negar o rechazar una matr\u00edcula abierta?<\/strong><\/p>\n<p><a href=\"https:\/\/www.cde.state.co.us\/choice\/openenrollment\" target=\"_blank\" rel=\"noopener noreferrer\">La ley de matr\u00edcula abierta<\/a> (&#8220;open enrollment&#8221;) enumera varias razones por las cuales un distrito puede negar o rechazar una solicitud de matr\u00edcula abierta.<\/p>\n<ul>\n<li>&#8220;No hay espacios disponibles o falta personal de ense\u00f1anza.&#8221; (Contacte a la escuela para preguntar si hay una lista de espera.)<\/li>\n<li>&#8220;La escuela no ofrece un programa especial o las facilidades necesarias para cumplir con las necesidades de los estudiantes.&#8221;<\/li>\n<li>&#8220;El estudiante no cumple con los requisitos establecidos para un programa en particular.&#8221;<\/li>\n<li>&#8220;Un plan de integraci\u00f3n est\u00e1 puesto en marcha y la negativa es necesaria para estar conforme a el plan de integraci\u00f3n&#8221;<\/li>\n<li>&#8220;El estudiante ha sido expulsado o est\u00e1 en proceso de ser expulsado de otro distrito, o puede ser que al estudiante le sea negado el permiso de Inscripci\u00f3n Abierta bajo circunstancias que permitieran una expulsi\u00f3n.&#8221;<\/li>\n<\/ul>\n<p>Si no hay espacio suficiente en una escuela para los estudiantes que quieren cambiarse a \u00e9sta, usualmente, se les da preferencia, a los que viven dentro del distrito escolar. Hable al distrito para averiguar acerca de sus pol\u00edticas para aceptar estudiantes.<\/p>\n<p><a href=\"#top\">(Regresar al inicio de la p\u00e1gina)<\/a><\/p>\n<hr \/>\n<p><a href=\"https:\/\/schoolchoiceforkids.org\/es\/escoja-la-mejor-escuela-para-su-hijoa\/\">Continue al paso 2: Decida qu\u00e9 tipo de escuela ser\u00eda la mejor para su hijo\/a<\/a><\/p>\n<hr \/>\n<\/div><\/section>\n","protected":false},"excerpt":{"rendered":"","protected":false},"author":2,"featured_media":0,"parent":0,"menu_order":0,"comment_status":"closed","ping_status":"closed","template":"","meta":{"_monsterinsights_skip_tracking":false,"_monsterinsights_sitenote_active":false,"_monsterinsights_sitenote_note":"","_monsterinsights_sitenote_category":0,"footnotes":""},"class_list":["post-488","page","type-page","status-publish","hentry"],"_links":{"self":[{"href":"https:\/\/schoolchoiceforkids.org\/es\/wp-json\/wp\/v2\/pages\/488","targetHints":{"allow":["GET"]}}],"collection":[{"href":"https:\/\/schoolchoiceforkids.org\/es\/wp-json\/wp\/v2\/pages"}],"about":[{"href":"https:\/\/schoolchoiceforkids.org\/es\/wp-json\/wp\/v2\/types\/page"}],"author":[{"embeddable":true,"href":"https:\/\/schoolchoiceforkids.org\/es\/wp-json\/wp\/v2\/users\/2"}],"replies":[{"embeddable":true,"href":"https:\/\/schoolchoiceforkids.org\/es\/wp-json\/wp\/v2\/comments?post=488"}],"version-history":[{"count":0,"href":"https:\/\/schoolchoiceforkids.org\/es\/wp-json\/wp\/v2\/pages\/488\/revisions"}],"wp:attachment":[{"href":"https:\/\/schoolchoiceforkids.org\/es\/wp-json\/wp\/v2\/media?parent=488"}],"curies":[{"name":"wp","href":"https:\/\/api.w.org\/{rel}","templated":true}]}}