{"id":493,"date":"2016-06-03T01:37:33","date_gmt":"2016-06-03T07:37:33","guid":{"rendered":"http:\/\/sc4k.i2i.org\/?page_id=493&#038;lang=es"},"modified":"2022-08-10T16:11:17","modified_gmt":"2022-08-10T22:11:17","slug":"lista-de-requisitos-para-matricula-abierta","status":"publish","type":"page","link":"https:\/\/schoolchoiceforkids.org\/es\/lista-de-requisitos-para-matricula-abierta\/","title":{"rendered":"Lista de requisitos para matr\u00edcula abierta"},"content":{"rendered":"\n<style type=\"text\/css\" data-created_by=\"avia_inline_auto\" id=\"style-css-av-l6o61hms-dcf07bf9208448af54eb960076156d43\">\n#top .av-special-heading.av-l6o61hms-dcf07bf9208448af54eb960076156d43{\npadding-bottom:10px;\n}\nbody .av-special-heading.av-l6o61hms-dcf07bf9208448af54eb960076156d43 .av-special-heading-tag .heading-char{\nfont-size:25px;\n}\n.av-special-heading.av-l6o61hms-dcf07bf9208448af54eb960076156d43 .av-subheading{\nfont-size:15px;\n}\n<\/style>\n<div  class='av-special-heading av-l6o61hms-dcf07bf9208448af54eb960076156d43 av-special-heading-h1 blockquote modern-quote  avia-builder-el-0  el_before_av_textblock  avia-builder-el-first '><h1 class='av-special-heading-tag '  itemprop=\"headline\"  >Lista de requisitos para matr\u00edcula abierta<\/h1><div class=\"special-heading-border\"><div class=\"special-heading-inner-border\"><\/div><\/div><\/div>\n<section  class='av_textblock_section av-l6o61c1p-7e36b06f67972640f3ab45b330f2e580 '   itemscope=\"itemscope\" itemtype=\"https:\/\/schema.org\/CreativeWork\" ><div class='avia_textblock'  itemprop=\"text\" ><p>_1. Determine en cual distrito(s) escolar es posible que matricule a su hijo\/a (se les dar\u00e1 preferencia a los estudiantes que vivan en el distrito antes que a los estudiantes que vivan fuera de dicho distrito). Si su estudiante esta en el programa de <em>homeschooling<\/em> (estudios en casa) \u00f3 matriculado en una escuela que no sea p\u00fablica, puede ser que no califique para matricularse en una escuela p\u00fablica por Internet.<\/p>\n<p>_2. Cuando Usted matricule a su hijo por primera vez en un distrito escolar, necesitar\u00e1 por lo menos la siguiente informaci\u00f3n:<\/p>\n<ul>\n<li>Comprobante de edad (acta de nacimiento u otro documento)<\/li>\n<li>Comprobante de domicilio (tal como un recibo de utilidades: recibo de agua, luz, etc.)<\/li>\n<li>Comprobante de inmunizaci\u00f3n (cartilla de vacunaci\u00f3n) (<a href=\"https:\/\/cdphe.colorado.gov\/schoolrequiredvaccines\">Haga clic aqu\u00ed para ver los requerimentos para el 2021<\/a>)<\/li>\n<li>Nombre de la escuela anterior (si su hijo\/a est\u00e1 en matr\u00edcula abierta \u00f3 se esta cambiando a otro distrito escolar)<\/li>\n<li>Escuelas locales pueden preguntar por otra informaci\u00f3n, investigue con las escuelas por individual acerca de sus requerimientos<\/li>\n<\/ul>\n<p>_3. Llame al distrito escolar o a la escuela para averiguar el principio y el final de las fechas l\u00edmites para aplicar para matr\u00edcula abierta en la escuela que a Usted le interesa. Algunas de las escuelas, especialmente las escuelas <em>charter<\/em> tienen una fecha l\u00edmite y un proceso diferente a los del distrito.<\/p>\n<p>_4. Localice escuelas. Para obtener una lista de las opciones de escuelas, busque en <a href=\"https:\/\/schoolchoiceforkids.org\/es\/encuentre-una-escuela\/\"><em>OpcionEscolarParaNinos.org<\/em><\/a><em>\u00a0<\/em><a href=\"https:\/\/schoolchoiceforkids.org\/es\/encuentre-una-escuela\/\">\u00f3 utilize la busqueda avanzada para encontrar escuelas con caracter\u00edsticas espec\u00edficas<\/a>, tales como Montessori, academias rigurosas, esculas para estudiantes &#8220;en riesgo&#8221; (<em>estudiantes problem\u00e1ticos, desfavorecidos socialmente<\/em>), etc. Tambi\u00e9n pregunte al distrito escolar acerca de programas \u00fanicos o especializados que puedan ofrecer.<\/p>\n<p>_5. Investigue donde puede obtener y entregar los formularios de matr\u00edcula abierta (por ejemplo: en la escuela o en la oficina del distrito).<\/p>\n<p>_6. Averigue cual es el proceso de elecci\u00f3n (Por ejemplo: Si hay una lista de espera, acepta la escuela a los nuevos estudiantes por orden de llegada o por un sistema de sorteo?).<\/p>\n<p>_7. Lea las pol\u00edticas de la junta directiva del distrito escolar sobre matr\u00edcula abierta para cambios de escuela.<\/p>\n<p>_8. Si su estudiante planea participar en los deportes y formar parte del equipo de los mejores jugadores de la escuela preparatoria, lea el reglamento de la <a href=\"https:\/\/www2.chsaa.org\/about\/pdf\/Competitor's_Brochure_2020_2021.pdf\">CHSAA (Asociaci\u00f3n de Actividades de las Escuelas Preparatorias de Colorado<\/a>) con respecto a las limitaciones de participaci\u00f3n para estudiantes que cambien de escuela.<\/p>\n<p>_9. Presente su\/s solicitud\/es para matricular a su hijo\/a. Puede ser que usted quiera aplicar en mas de una escuela, en el caso de que su primera opci\u00f3n no este disponible. Algunos distritos escolares limitan el n\u00famero de escuelas en las que usted puede aplicar.<\/p>\n<p>_10. Visite las escuelas que Usted este considerando. <a href=\"https:\/\/schoolchoiceforkids.org\/es\/escoja-la-mejor-escuela-para-su-hijoa\/\">Hag clic aqu\u00ed para enterarse m\u00e1s acerca de como selecionar una escuela.<\/a><\/p>\n<p>_11. Determine como transportar\u00e1 a su estudiante a la escuela. La mayor\u00eda de los distritos escolares no proveen servicio de transportaci\u00f3n para estudiantes que eligan matricularse en una escuela fuera de su zona escolar o \u00e1rea geogr\u00e1fica de asistencia.<\/p>\n<p>_12. Pregunte por cuanto tiempo es v\u00e1lida la matriculaci\u00f3n. Investigue si Usted tiene que volver a aplicar cada a\u00f1o.<\/p>\n<\/div><\/section>\n","protected":false},"excerpt":{"rendered":"","protected":false},"author":2,"featured_media":0,"parent":0,"menu_order":0,"comment_status":"closed","ping_status":"closed","template":"","meta":{"_monsterinsights_skip_tracking":false,"_monsterinsights_sitenote_active":false,"_monsterinsights_sitenote_note":"","_monsterinsights_sitenote_category":0,"footnotes":""},"class_list":["post-493","page","type-page","status-publish","hentry"],"_links":{"self":[{"href":"https:\/\/schoolchoiceforkids.org\/es\/wp-json\/wp\/v2\/pages\/493","targetHints":{"allow":["GET"]}}],"collection":[{"href":"https:\/\/schoolchoiceforkids.org\/es\/wp-json\/wp\/v2\/pages"}],"about":[{"href":"https:\/\/schoolchoiceforkids.org\/es\/wp-json\/wp\/v2\/types\/page"}],"author":[{"embeddable":true,"href":"https:\/\/schoolchoiceforkids.org\/es\/wp-json\/wp\/v2\/users\/2"}],"replies":[{"embeddable":true,"href":"https:\/\/schoolchoiceforkids.org\/es\/wp-json\/wp\/v2\/comments?post=493"}],"version-history":[{"count":0,"href":"https:\/\/schoolchoiceforkids.org\/es\/wp-json\/wp\/v2\/pages\/493\/revisions"}],"wp:attachment":[{"href":"https:\/\/schoolchoiceforkids.org\/es\/wp-json\/wp\/v2\/media?parent=493"}],"curies":[{"name":"wp","href":"https:\/\/api.w.org\/{rel}","templated":true}]}}