{"id":497,"date":"2016-06-03T01:38:53","date_gmt":"2016-06-03T07:38:53","guid":{"rendered":"http:\/\/sc4k.i2i.org\/?page_id=497&#038;lang=es"},"modified":"2022-09-19T13:14:19","modified_gmt":"2022-09-19T19:14:19","slug":"como-evaluar-una-escuela","status":"publish","type":"page","link":"https:\/\/schoolchoiceforkids.org\/es\/como-evaluar-una-escuela\/","title":{"rendered":"Como evaluar una escuela"},"content":{"rendered":"\n<style type=\"text\/css\" data-created_by=\"avia_inline_auto\" id=\"style-css-av-l6o4idu1-5bde443da5a0a9dce8c7583fe513d072\">\n#top .av-special-heading.av-l6o4idu1-5bde443da5a0a9dce8c7583fe513d072{\npadding-bottom:10px;\n}\nbody .av-special-heading.av-l6o4idu1-5bde443da5a0a9dce8c7583fe513d072 .av-special-heading-tag .heading-char{\nfont-size:25px;\n}\n.av-special-heading.av-l6o4idu1-5bde443da5a0a9dce8c7583fe513d072 .av-subheading{\nfont-size:15px;\n}\n<\/style>\n<div  class='av-special-heading av-l6o4idu1-5bde443da5a0a9dce8c7583fe513d072 av-special-heading-h1 blockquote modern-quote  avia-builder-el-0  el_before_av_textblock  avia-builder-el-first '><h1 class='av-special-heading-tag '  itemprop=\"headline\"  >Como evaluar una escuela<\/h1><div class=\"special-heading-border\"><div class=\"special-heading-inner-border\"><\/div><\/div><\/div>\n<section  class='av_textblock_section av-l6o4i7ru-6b3936c61ae56b12f2d0b7c2d8796b62 '   itemscope=\"itemscope\" itemtype=\"https:\/\/schema.org\/CreativeWork\" ><div class='avia_textblock'  itemprop=\"text\" ><p>Cuando Usted tenga una lista de escuelas, en las que est\u00e1 interesado en mandar a su hijo\/a, siga los siguientes pasos:<\/p>\n<h4><strong>1\u00b0 Paso: Vea el Reporte Escolar<\/strong><\/h4>\n<p>El estado de Colorado publica un <a href=\"https:\/\/www.cde.state.co.us\/siteindex\" target=\"_blank\" rel=\"noopener noreferrer\">Informe Anal\u00edtico de las Escuelas<\/a> (tambi\u00e9n conocido como &#8220;reporte de escuelas p\u00fablicas) para proveer detalles sobre cada escuela p\u00fablica de Colorado incluyendo que tan bueno es el rendimiento de los estudiantes en ex\u00e1menes estandarizados, <a href=\"https:\/\/www.schoolchoiceforkids.org\/spanish.php?ID=15\">informaci\u00f3n de seguridad escolar<\/a>, y mas. Los informes enumeran preguntas que los padres de familia pueden hacer a la escuela.<\/p>\n<h4><strong>2\u00b0 Paso: Prepare las preguntas que Usted puede hacer mientras visita la escuela<\/strong><\/h4>\n<p>Prepare una lista de preguntas que puede hacer mientras visita la escuela. Hable con el director, maestros\/as, estudiantes y otros padres de familia en la escuela para que contesten sus preguntas. Los sitios de Internet citados debajo le ayudar\u00e1n a pensar sobre las preguntas que quiera hacer.<\/p>\n<ul>\n<li><a href=\"https:\/\/www.schoolchoiceforkids.org\/spanish.php?ID=82\">Peguntas del Informe Anal\u00edtico de las Escuelas<\/a><br \/>\nEstas preguntas que hacer en la escuela de su ni\u00f1o\/a originalmente aparecieron en los Informes Anal\u00edticos de las Escuelas.<\/li>\n<\/ul>\n<ul>\n<li><a href=\"https:\/\/www.schoolchoiceforkids.org\/english.php?ID=23\">Herramientas de evaluaci\u00f3n escolar<\/a><br \/>\nEsta lista de 30 preguntas est\u00e1 basada en un estudio referente a qu\u00e9 es lo que hace eficiente el trabajo de las escuelas.<\/li>\n<\/ul>\n<ul>\n<li><a href=\"https:\/\/school.familyeducation.com\/school-selection\/parenting\/38802.html\" target=\"_blank\" rel=\"noopener noreferrer\">Haga las preguntas apropiadas, Encuentre la escuela adecuada<\/a><br \/>\nEsta lista de preguntas le ayudar\u00e1 a informarse acerca del entorno escolar y el nivel de compromiso del personal de la escuela.<\/li>\n<\/ul>\n<h4><strong>3\u00b0 Paso: Visite la escuela<\/strong><\/h4>\n<p>Llame a la oficina de la escuela para concertar una cita para conocer al director y visitar las instalaciones de la escuela.<\/p>\n<\/div><\/section>\n","protected":false},"excerpt":{"rendered":"","protected":false},"author":2,"featured_media":0,"parent":0,"menu_order":0,"comment_status":"closed","ping_status":"closed","template":"","meta":{"_monsterinsights_skip_tracking":false,"_monsterinsights_sitenote_active":false,"_monsterinsights_sitenote_note":"","_monsterinsights_sitenote_category":0,"footnotes":""},"class_list":["post-497","page","type-page","status-publish","hentry"],"_links":{"self":[{"href":"https:\/\/schoolchoiceforkids.org\/es\/wp-json\/wp\/v2\/pages\/497","targetHints":{"allow":["GET"]}}],"collection":[{"href":"https:\/\/schoolchoiceforkids.org\/es\/wp-json\/wp\/v2\/pages"}],"about":[{"href":"https:\/\/schoolchoiceforkids.org\/es\/wp-json\/wp\/v2\/types\/page"}],"author":[{"embeddable":true,"href":"https:\/\/schoolchoiceforkids.org\/es\/wp-json\/wp\/v2\/users\/2"}],"replies":[{"embeddable":true,"href":"https:\/\/schoolchoiceforkids.org\/es\/wp-json\/wp\/v2\/comments?post=497"}],"version-history":[{"count":0,"href":"https:\/\/schoolchoiceforkids.org\/es\/wp-json\/wp\/v2\/pages\/497\/revisions"}],"wp:attachment":[{"href":"https:\/\/schoolchoiceforkids.org\/es\/wp-json\/wp\/v2\/media?parent=497"}],"curies":[{"name":"wp","href":"https:\/\/api.w.org\/{rel}","templated":true}]}}