{"id":499,"date":"2016-06-03T01:43:48","date_gmt":"2016-06-03T07:43:48","guid":{"rendered":"http:\/\/sc4k.i2i.org\/?page_id=499&#038;lang=es"},"modified":"2022-09-22T11:27:55","modified_gmt":"2022-09-22T17:27:55","slug":"escoja-la-mejor-escuela-para-su-hijoa","status":"publish","type":"page","link":"https:\/\/schoolchoiceforkids.org\/es\/escoja-la-mejor-escuela-para-su-hijoa\/","title":{"rendered":"Escoja la mejor escuela para su hijo\/a"},"content":{"rendered":"\n<style type=\"text\/css\" data-created_by=\"avia_inline_auto\" id=\"style-css-av-l6o5jpm9-b7b69e334f0509c198367f3cacacf232\">\n#top .av-special-heading.av-l6o5jpm9-b7b69e334f0509c198367f3cacacf232{\npadding-bottom:10px;\n}\nbody .av-special-heading.av-l6o5jpm9-b7b69e334f0509c198367f3cacacf232 .av-special-heading-tag .heading-char{\nfont-size:25px;\n}\n.av-special-heading.av-l6o5jpm9-b7b69e334f0509c198367f3cacacf232 .av-subheading{\nfont-size:15px;\n}\n<\/style>\n<div  class='av-special-heading av-l6o5jpm9-b7b69e334f0509c198367f3cacacf232 av-special-heading-h1 blockquote modern-quote  avia-builder-el-0  el_before_av_textblock  avia-builder-el-first '><h1 class='av-special-heading-tag '  itemprop=\"headline\"  >Escoja la mejor escuela para su hijo\/a<\/h1><div class=\"special-heading-border\"><div class=\"special-heading-inner-border\"><\/div><\/div><\/div>\n<section  class='av_textblock_section av-l6o5jjmz-0ad0b39599a813330c770d07a042566d '   itemscope=\"itemscope\" itemtype=\"https:\/\/schema.org\/CreativeWork\" ><div class='avia_textblock'  itemprop=\"text\" ><p><a href=\"#metodos\">M\u00e9todos de Aprendizaje:<\/a><\/p>\n<p><span style=\"color: #fe6600;\"><strong><a style=\"color: #fe6600;\" href=\"#kines\">1. Kinesthetic<\/a><\/strong><\/span> (Cenest\u00e9sico, sentido mediante el cual se percibe el movimiento muscular, la tensi\u00f3n, la posici\u00f3n y la postura)<\/p>\n<p><span style=\"color: #fe6600;\"><strong><a style=\"color: #fe6600;\" href=\"#visual\">2.<\/a><a style=\"color: #fe6600;\" href=\"#visual\"> Visual<\/a><\/strong><\/span><\/p>\n<p><span style=\"color: #fe6600;\"><strong><a style=\"color: #fe6600;\" href=\"#auditivo\">3. Auditivo<\/a><\/strong><\/span><\/p>\n<p><a href=\"#haga\">Haga las preguntas adecuadas<\/a><\/p>\n<p><a href=\"#prog\"> Programas \u00fanicos<\/a><\/p>\n<hr \/>\n<p><a title=\"metodos\" name=\"metodos\"><\/a>M\u00e9todos de aprendizaje<\/p>\n<p>Los estudiantes aprenden diferente. Existen tres m\u00e9todos de mayor importancia: <strong><em>Kinesthetic<\/em><\/strong> (Cenest\u00e9sico, por experiencias), <strong>Visual<\/strong> y <strong>Auditivo<\/strong>. Usualmente la gente aprende mejor cuando son ense\u00f1ados en su m\u00e9todo primario de aprendizaje.<\/p>\n<p>Debajo de \u00e9stas l\u00edneas encontrar\u00e1 sugerencias de cuales programas podr\u00edan beneficiar a diferentes tipos de estudiantes, pero \u00e9stas son s\u00f3lo sugerencias. Un estudiante cenest\u00e9sico (<em>kinesthetic<\/em>) posiblemente puede aprender bien en un programa para estudiantes visuales. RECUERDE: que Usted conoce mejor a su hijo\/a.<\/p>\n<p><a title=\"kines\" name=\"kines\"><\/a><strong> 1. <em>Kinesthetic <\/em>(Cenest\u00e9sico)<\/strong><\/p>\n<p><em>\u00bfCu\u00e1les son las caracter\u00edsticas de un estudiante cenest\u00e9sico?<\/em><\/p>\n<p>Los estudiantes cenest\u00e9sicos son aquellos que aprenden mejor, al experimentar f\u00edsicamente lo que est\u00e1n estudiando. Algunas veces los estudiantes cenest\u00e9sicos necesitan utilizar cada uno de los cinco sentidos para explorar el mundo. Un ejemplo de aprendizaje cenest\u00e9sico es usando cubos \u00f3 cuentas (de pl\u00e1stico \u00f3 madera) para resolver un problema de matem\u00e1ticas.<\/p>\n<p>Los programas cenest\u00e9sicos tienden a concentrarse en proyectos y a experimentar lo que se est\u00e1 aprendiendo Algunos de los programas cenest\u00e9sicos hacen \u00e9nfasis en que los estudiantes trabajen en equipo para proyectos.<\/p>\n<p><em>Programas escolares que se enfocan en estudiantes cenest\u00e9sicos:<\/em><\/p>\n<ul>\n<li>Montessori<\/li>\n<li>Al aire libre \/ Expedicional<\/li>\n<li>Enfocado al estudiante \/ Dirigido por el estudiante<\/li>\n<li>Por experiencias<\/li>\n<li>Aprendizaje basado en proyectos<\/li>\n<\/ul>\n<p><a title=\"visual\" name=\"visual\"><\/a><strong> 2. Visual<\/strong><\/p>\n<p><em>\u00bfCu\u00e1les son las caracter\u00edsticas de un estudiante visual?<\/em><\/p>\n<p>Estudiantes visuales son aquellos que aprenden mejor usando sus ojos para absorber informaci\u00f3n. Un ejemplo de aprendizaje visual es viendo una demostraci\u00f3n o leyendo un libro.<\/p>\n<p>Los programas visuales tienden a hacer hincapi\u00e9 en el aprendizaje a trav\u00e9s de la lectura.<\/p>\n<p><em>Programas escolares que se enfocan en estudiantes visuales:<\/em><\/p>\n<ul>\n<li>Por Internet (usando una computadora)<\/li>\n<li><em>Baccalaureate<\/em> Internacional<\/li>\n<li>Regreso a lo b\u00e1sico<\/li>\n<li>Preparaci\u00f3n universitaria<\/li>\n<li>Artes liberales<\/li>\n<li>Cl\u00e1sico<\/li>\n<\/ul>\n<p><a title=\"auditivo\" name=\"auditivo\"><\/a><strong> 3. Auditivo<\/strong><\/p>\n<p><em>\u00bfCu\u00e1les son las caracter\u00edsticas de un estudiante auditivo?<\/em><\/p>\n<p>Los estudiantes auditivos son aquellos que aprenden mejor escuchando y absorben la informaci\u00f3n a trav\u00e9s del sonido. Un ejemplo de aprendizaje visual es escuchando la lectura de un maestro.<\/p>\n<p>Los programas auditivos tienden a hacer \u00e9nfasis en la instrucci\u00f3n o discusi\u00f3n dirigida por el maestro.<\/p>\n<p><em>Programas escolares que se enfocan en estudiantes auditivos:<\/em><\/p>\n<ul>\n<li>Regreso a lo b\u00e1sico<\/li>\n<li>Core Knowledge (Conocimientos generales)<\/li>\n<li>Preparaci\u00f3n Universitaria<\/li>\n<li>Educaci\u00f3n dual<\/li>\n<li>Artes liberales<\/li>\n<li>Cl\u00e1sico<\/li>\n<\/ul>\n<p><a href=\"https:\/\/www.opcionescolarparaninos.org\/spanish.php?ID=11\"> Haga clic aqu\u00ed para leer mas acerca de m\u00e9todos de aprendizaje.<\/a><\/p>\n<p><a title=\"haga\" name=\"haga\"><\/a> Haga las preguntas apropiadas<\/p>\n<p>Los padres deber\u00edan de tener conocimiento de lo que es un programa educacional de una escuela. Tener una lista de preguntas lo ayudar\u00e1 a encontrar una escuela para su hijo\/a. Hable con el director, los maestros, estudiantes y padres de estudiantes matriculados en la escuela.<\/p>\n<p>Las p\u00e1ginas de Internet enumeradas bajo estas l\u00edneas le ayudar\u00e1n a pensar acerca de las preguntas que son mas importantes para Usted.<\/p>\n<ul>\n<li><a href=\"https:\/\/www.ed.gov\/espanol\/parents\/schools\/choose\/choosingspanish.pdf\" target=\"_blank\" rel=\"noopener noreferrer\">La Selecci\u00f3n de una Escuela para Su Hijo<\/a><\/li>\n<li><a href=\"https:\/\/schoolchoiceforkids.org\/es\/preguntas-del-informe-analitico-de-las-escuelas\/\">Preguntas del Informe Anal\u00edtico Escolar<\/a>Estas preguntas por hacer a la escuela de su hijo\/a aparecen originalmente en los Informes Anal\u00edticos de las escuelas de Colorado.<\/li>\n<\/ul>\n<ul>\n<li><a href=\"https:\/\/www.opcionescolarparaninos.org\/english.php?ID=23\">Herramientas de Evaluaci\u00f3n de la Escuela<\/a>Esta lista de 30 preguntas est\u00e1 basada en un estudio referente a qu\u00e9 es lo que hace eficiente el trabajo de las escuelas.<\/li>\n<\/ul>\n<p><a title=\"prog\" name=\"prog\"><\/a>Programas \u00fanicos<\/p>\n<p>OpcionEscolarParaNinos.org le permite buscar escuelas p\u00fablicas en Colorado que tengan caracter\u00edsticas \u00fanicas tales como educaci\u00f3n de car\u00e1cter, Montessori, idiomas mundiales, pr\u00e1cticas, itinerarios flexibles y mucho mas.<\/p>\n<ul>\n<li><a href=\"https:\/\/www.opcionescolarparaninos.org\/essearchtool.html\">Haga clic aqu\u00ed para buscar programas y escuelas p\u00fablicas \u00fanicas.<\/a><\/li>\n<li><a href=\"https:\/\/www.opcionescolarparaninos.org\/spanish.php?ID=16\">Haga clic aqu\u00ed para encontrar escuelas privadas.<\/a><\/li>\n<\/ul>\n<hr \/>\n<p><a href=\"https:\/\/www.opcionescolarparaninos.org\/essearchtool.html\">Continue al paso 3: Encuentre escuelas cerca de su casa o lugar de trabajo<\/a><\/p>\n<hr \/>\n<\/div><\/section>\n","protected":false},"excerpt":{"rendered":"","protected":false},"author":2,"featured_media":0,"parent":0,"menu_order":0,"comment_status":"closed","ping_status":"closed","template":"","meta":{"_monsterinsights_skip_tracking":false,"_monsterinsights_sitenote_active":false,"_monsterinsights_sitenote_note":"","_monsterinsights_sitenote_category":0,"footnotes":""},"class_list":["post-499","page","type-page","status-publish","hentry"],"_links":{"self":[{"href":"https:\/\/schoolchoiceforkids.org\/es\/wp-json\/wp\/v2\/pages\/499","targetHints":{"allow":["GET"]}}],"collection":[{"href":"https:\/\/schoolchoiceforkids.org\/es\/wp-json\/wp\/v2\/pages"}],"about":[{"href":"https:\/\/schoolchoiceforkids.org\/es\/wp-json\/wp\/v2\/types\/page"}],"author":[{"embeddable":true,"href":"https:\/\/schoolchoiceforkids.org\/es\/wp-json\/wp\/v2\/users\/2"}],"replies":[{"embeddable":true,"href":"https:\/\/schoolchoiceforkids.org\/es\/wp-json\/wp\/v2\/comments?post=499"}],"version-history":[{"count":0,"href":"https:\/\/schoolchoiceforkids.org\/es\/wp-json\/wp\/v2\/pages\/499\/revisions"}],"wp:attachment":[{"href":"https:\/\/schoolchoiceforkids.org\/es\/wp-json\/wp\/v2\/media?parent=499"}],"curies":[{"name":"wp","href":"https:\/\/api.w.org\/{rel}","templated":true}]}}