{"id":502,"date":"2016-06-03T12:04:01","date_gmt":"2016-06-03T18:04:01","guid":{"rendered":"http:\/\/sc4k.i2i.org\/?page_id=502&#038;lang=es"},"modified":"2022-08-10T15:27:23","modified_gmt":"2022-08-10T21:27:23","slug":"como-elegir-una-escuela-para-su-hijoa","status":"publish","type":"page","link":"https:\/\/schoolchoiceforkids.org\/es\/como-elegir-una-escuela-para-su-hijoa\/","title":{"rendered":"Como elegir una escuela para su hijo\/a"},"content":{"rendered":"\n<style type=\"text\/css\" data-created_by=\"avia_inline_auto\" id=\"style-css-av-l6o4h0r5-5d9d4b7f29fed72aff3ebc9f9b7bf31f\">\n#top .av-special-heading.av-l6o4h0r5-5d9d4b7f29fed72aff3ebc9f9b7bf31f{\npadding-bottom:10px;\n}\nbody .av-special-heading.av-l6o4h0r5-5d9d4b7f29fed72aff3ebc9f9b7bf31f .av-special-heading-tag .heading-char{\nfont-size:25px;\n}\n.av-special-heading.av-l6o4h0r5-5d9d4b7f29fed72aff3ebc9f9b7bf31f .av-subheading{\nfont-size:15px;\n}\n<\/style>\n<div  class='av-special-heading av-l6o4h0r5-5d9d4b7f29fed72aff3ebc9f9b7bf31f av-special-heading-h1 blockquote modern-quote  avia-builder-el-0  el_before_av_textblock  avia-builder-el-first '><h1 class='av-special-heading-tag '  itemprop=\"headline\"  >Como elegir una escuela para su hijo\/a<\/h1><div class=\"special-heading-border\"><div class=\"special-heading-inner-border\"><\/div><\/div><\/div>\n<section  class='av_textblock_section av-l6o4gvnj-e0d7ca80a3c0d8c2c16749650d252594 '   itemscope=\"itemscope\" itemtype=\"https:\/\/schema.org\/CreativeWork\" ><div class='avia_textblock'  itemprop=\"text\" ><h3 align=\"center\">10 preguntas principales para hacer<\/h3>\n<p>La reflexi\u00f3n predominante acerca de elegir una escuela le dice a los padres de familia como entrevistar a una escuela. Pero, \u00bfno deber\u00eda Usted de empezar con el\/la ni\u00f1o\/a? En lugar de preguntar a una escuela acerca de su plan de estudios, los padres de familia deber\u00edan pensar primero acerca de las fortalezas y debilidades de su hijo\/a cuando se trata de aprender.<\/p>\n<p>Los ni\u00f1os aprenden de diferentes maneras. La escuela adecuada para un ni\u00f1o\/a es aquella que ense\u00f1a de la manera que un\/a ni\u00f1o\/a individualmente aprende mejor. Tenemos ni\u00f1os\/as que son estudiantes cin\u00e9ticos o activos y tienen que estar en movimiento todo el tiempo. Los ni\u00f1os\/as que son estudiantes contemplativos y aprenden mejor en silencio, en entornos autodeterminados. Y tenemos los ni\u00f1os que aprenden en un entorno que combina los dos tipos.<\/p>\n<p>Existen muchos estilos de escuelas- Montessori, escuela con un plan de estudios esencial, entornos de aprendizaje al aire libre. Con el fin de elegir la mejor escuela para su hijo\/a, los padres de familia deben de preguntarse lo siguiente:<\/p>\n<p>1. \u00bfQu\u00e9 es lo que entusiasma a mi hijo\/a acerca del aprendizaje?<\/p>\n<p>2. \u00bfAprende mejor mi hijo\/a a trav\u00e9s de actividades pr\u00e1cticas o razonando a trav\u00e9s de la situaci\u00f3n (proceso calculador)? \u00bfEs mi hijo\/a un estudiante activo o un estudiante met\u00f3dico?<\/p>\n<p>3. \u00bfAprende mi hijo\/a a trav\u00e9s de indicios verbales o indicios escritos o a trav\u00e9s de una combinaci\u00f3n de ambos?<\/p>\n<p>4. \u00bfResponde mi hijo\/a adecuadamente a la autoridad o al trabajo mejor en un entorno de sociedad o en un entorno de equipo?<\/p>\n<p>5. \u00bfTrabaja mi hijo\/a adecuadamente con los dem\u00e1s estudiantes a su alrededor o est\u00e1 mas contento\/a en una sesi\u00f3n mas tranquila y sola?<\/p>\n<p>6. \u00bfSe motiva mi hijo\/a a si mismo\/a o necesita que lo dirijan?<\/p>\n<p>7. \u00bfEst\u00e1 mi hijo\/a estimulado\/a culturalmente?<\/p>\n<p>8. \u00bfCu\u00e1les son los intereses especiales de mi hijo\/a?<\/p>\n<ul>\n<li>M\u00fasica<\/li>\n<li>Arte<\/li>\n<li>Tecnolog\u00eda \/ Ciencia<\/li>\n<li>Actividad f\u00edsica \/ Deportes<\/li>\n<li>Lectura<\/li>\n<\/ul>\n<p>9. \u00bfNecesita mi hijo\/a la atenci\u00f3n que permiten los peque\u00f1os salones de clase o es el\/ella capaz de sobresalir en un sal\u00f3n de clases mas grande?<\/p>\n<p>10. \u00bfCu\u00e1les evaluaciones se utilizan para dar seguimiento al progreso de aprendizaje de mi hijo\/a? \u00bfQu\u00e9 examen se utiliza y c\u00f3mo se compara la escuela con otras?<\/p>\n<p>Si los padres de familia est\u00e1n armados con informaci\u00f3n acerca del estilo de aprendizaje de su hijo\/a, ellos pueden elegir de entre varias escuelas que ense\u00f1an en ese estilo.<\/p>\n<\/div><\/section>\n","protected":false},"excerpt":{"rendered":"","protected":false},"author":2,"featured_media":0,"parent":0,"menu_order":0,"comment_status":"closed","ping_status":"closed","template":"","meta":{"_monsterinsights_skip_tracking":false,"_monsterinsights_sitenote_active":false,"_monsterinsights_sitenote_note":"","_monsterinsights_sitenote_category":0,"footnotes":""},"class_list":["post-502","page","type-page","status-publish","hentry"],"_links":{"self":[{"href":"https:\/\/schoolchoiceforkids.org\/es\/wp-json\/wp\/v2\/pages\/502","targetHints":{"allow":["GET"]}}],"collection":[{"href":"https:\/\/schoolchoiceforkids.org\/es\/wp-json\/wp\/v2\/pages"}],"about":[{"href":"https:\/\/schoolchoiceforkids.org\/es\/wp-json\/wp\/v2\/types\/page"}],"author":[{"embeddable":true,"href":"https:\/\/schoolchoiceforkids.org\/es\/wp-json\/wp\/v2\/users\/2"}],"replies":[{"embeddable":true,"href":"https:\/\/schoolchoiceforkids.org\/es\/wp-json\/wp\/v2\/comments?post=502"}],"version-history":[{"count":0,"href":"https:\/\/schoolchoiceforkids.org\/es\/wp-json\/wp\/v2\/pages\/502\/revisions"}],"wp:attachment":[{"href":"https:\/\/schoolchoiceforkids.org\/es\/wp-json\/wp\/v2\/media?parent=502"}],"curies":[{"name":"wp","href":"https:\/\/api.w.org\/{rel}","templated":true}]}}