{"id":508,"date":"2016-06-03T12:07:32","date_gmt":"2016-06-03T18:07:32","guid":{"rendered":"http:\/\/sc4k.i2i.org\/?page_id=508&#038;lang=es"},"modified":"2022-08-10T19:02:03","modified_gmt":"2022-08-11T01:02:03","slug":"tutoria-gratuita","status":"publish","type":"page","link":"https:\/\/schoolchoiceforkids.org\/es\/tutoria-gratuita\/","title":{"rendered":"Tutor\u00eda gratu\u00edta"},"content":{"rendered":"\n<style type=\"text\/css\" data-created_by=\"avia_inline_auto\" id=\"style-css-av-l6oc53yg-8804b58f07ea0034f0a56c8cf9390ce5\">\n#top .av-special-heading.av-l6oc53yg-8804b58f07ea0034f0a56c8cf9390ce5{\npadding-bottom:10px;\n}\nbody .av-special-heading.av-l6oc53yg-8804b58f07ea0034f0a56c8cf9390ce5 .av-special-heading-tag .heading-char{\nfont-size:25px;\n}\n.av-special-heading.av-l6oc53yg-8804b58f07ea0034f0a56c8cf9390ce5 .av-subheading{\nfont-size:15px;\n}\n<\/style>\n<div  class='av-special-heading av-l6oc53yg-8804b58f07ea0034f0a56c8cf9390ce5 av-special-heading-h1 blockquote modern-quote  avia-builder-el-0  el_before_av_textblock  avia-builder-el-first '><h1 class='av-special-heading-tag '  itemprop=\"headline\"  >Tutor\u00eda gratu\u00edta<\/h1><div class=\"special-heading-border\"><div class=\"special-heading-inner-border\"><\/div><\/div><\/div>\n<section  class='av_textblock_section av-l6oc4y3l-4f038ae8d89dc28d2e9bc73e8477a0d8 '   itemscope=\"itemscope\" itemtype=\"https:\/\/schema.org\/CreativeWork\" ><div class='avia_textblock'  itemprop=\"text\" ><h3 align=\"center\">Tutor\u00eda gratu\u00edta<\/h3>\n<h3 align=\"center\">(Por mandato de la ley <em>No Child Left Behind<\/em> [Que Ning\u00fan Ni\u00f1o Se Quede Atr\u00e1s])<\/h3>\n<h4 align=\"center\">Free Tutoring (Mandated by the No Child Left Behind Act)<\/h4>\n<h4>\u00bfCu\u00e1les escuelas ofrecen tutor\u00eda gratuita?<\/h4>\n<p><a href=\"https:\/\/www.schoolchoiceforkids.org\/spanish.php?ID=93\">Haga clic aqu\u00ed para ver una lista de las escuelas que tienen que ofrecer tutor\u00eda gratuita.<\/a> Si la escuela de su hijo\/a est\u00e1 en la lista, contacte a la escuela para averiguar que tipo de ayuda acad\u00e9mica est\u00e1 disponible para su hijo\/a bajo la ley <em>No Child Left Behind<\/em> (Que Ning\u00fan Ni\u00f1o Se Quede Atr\u00e1s). <a href=\"https:\/\/www.cde.state.co.us\/scriptscfpu\/ssp\/SuppSerSearch.asp\" target=\"_blank\" rel=\"noopener\">Usted tambi\u00e9n puede buscar aqu\u00ed para informarse acerca de los servicios que pueden ser ofrecidos a trav\u00e9s de la escuela de su hijo\/a.<\/a><\/p>\n<h4>\u00bfPorqu\u00e9 algunas escuelas tienen el deber de ofrecer tutor\u00eda gratuita?<\/h4>\n<p>Las escuelas que no han cumplido con ciertos requerimientos bajo la ley federal <em>No Child Left Behind<\/em> (<em>NCLB<\/em>) (Que Ning\u00fan Ni\u00f1o Se Quede Atr\u00e1s) tienen el deber de ofrecer a los padres de familia las opciones que pudieran ayudar a su hijo\/a a obtener una mejor educaci\u00f3n. Para mas informaci\u00f3n a fondo acerca de los requerimientos que las escuelas tienen que cumplir, <a href=\"https:\/\/www.ed.gov\/parents\/academic\/involve\/nclbguide\/parentsguide.html\" target=\"_blank\" rel=\"noopener\">haga clic aqu\u00ed<\/a>.<\/p>\n<p>La ley <em>No Child Left Behind<\/em> (Que Ning\u00fan Ni\u00f1o Se Quede Atr\u00e1s) requiere que las escuelas incrementen la puntuaci\u00f3n de los ex\u00e1menes a una cantidad especificada. Si despu\u00e9s de cierto per\u00edodo de tiempo, una escuela fracasa en incrementar las puntuaciones de los estudiantes, entonces el distrito escolar, tiene que ofrecer servicios acad\u00e9micos sin costo alguno para estudiantes de bajos ingresos inscritos en la escuela. Puede ser que los servicios incluyan tutor\u00eda o clases especiales para ayudar a los estudiantes en lectura, idiomas, artes, o matem\u00e1ticas.<\/p>\n<\/div><\/section>\n","protected":false},"excerpt":{"rendered":"","protected":false},"author":2,"featured_media":0,"parent":0,"menu_order":0,"comment_status":"closed","ping_status":"closed","template":"","meta":{"_monsterinsights_skip_tracking":false,"_monsterinsights_sitenote_active":false,"_monsterinsights_sitenote_note":"","_monsterinsights_sitenote_category":0,"footnotes":""},"class_list":["post-508","page","type-page","status-publish","hentry"],"_links":{"self":[{"href":"https:\/\/schoolchoiceforkids.org\/es\/wp-json\/wp\/v2\/pages\/508","targetHints":{"allow":["GET"]}}],"collection":[{"href":"https:\/\/schoolchoiceforkids.org\/es\/wp-json\/wp\/v2\/pages"}],"about":[{"href":"https:\/\/schoolchoiceforkids.org\/es\/wp-json\/wp\/v2\/types\/page"}],"author":[{"embeddable":true,"href":"https:\/\/schoolchoiceforkids.org\/es\/wp-json\/wp\/v2\/users\/2"}],"replies":[{"embeddable":true,"href":"https:\/\/schoolchoiceforkids.org\/es\/wp-json\/wp\/v2\/comments?post=508"}],"version-history":[{"count":0,"href":"https:\/\/schoolchoiceforkids.org\/es\/wp-json\/wp\/v2\/pages\/508\/revisions"}],"wp:attachment":[{"href":"https:\/\/schoolchoiceforkids.org\/es\/wp-json\/wp\/v2\/media?parent=508"}],"curies":[{"name":"wp","href":"https:\/\/api.w.org\/{rel}","templated":true}]}}