{"id":510,"date":"2016-06-03T12:09:40","date_gmt":"2016-06-03T18:09:40","guid":{"rendered":"http:\/\/sc4k.i2i.org\/?page_id=510&#038;lang=es"},"modified":"2022-10-07T12:25:41","modified_gmt":"2022-10-07T18:25:41","slug":"educacion-publica-por-internet","status":"publish","type":"page","link":"https:\/\/schoolchoiceforkids.org\/es\/educacion-publica-por-internet\/","title":{"rendered":"Educaci\u00f3n p\u00fablica por Internet"},"content":{"rendered":"\n<style type=\"text\/css\" data-created_by=\"avia_inline_auto\" id=\"style-css-av-l6o4s9am-22acdfdfa74c70a17fce91df951c0e58\">\n#top .av-special-heading.av-l6o4s9am-22acdfdfa74c70a17fce91df951c0e58{\npadding-bottom:10px;\n}\nbody .av-special-heading.av-l6o4s9am-22acdfdfa74c70a17fce91df951c0e58 .av-special-heading-tag .heading-char{\nfont-size:25px;\n}\n.av-special-heading.av-l6o4s9am-22acdfdfa74c70a17fce91df951c0e58 .av-subheading{\nfont-size:15px;\n}\n<\/style>\n<div  class='av-special-heading av-l6o4s9am-22acdfdfa74c70a17fce91df951c0e58 av-special-heading-h1 blockquote modern-quote  avia-builder-el-0  el_before_av_textblock  avia-builder-el-first '><h1 class='av-special-heading-tag '  itemprop=\"headline\"  >Educaci\u00f3n p\u00fablica por Internet<\/h1><div class=\"special-heading-border\"><div class=\"special-heading-inner-border\"><\/div><\/div><\/div>\n<section  class='av_textblock_section av-l6o4rz24-a6690d04071fce3a6d922adb93e3e061 '   itemscope=\"itemscope\" itemtype=\"https:\/\/schema.org\/CreativeWork\" ><div class='avia_textblock'  itemprop=\"text\" ><p align=\"center\">Nuevo! Los estudiantes que anteriormente estaban inscriptos en escuelas de hogar o escuelas privadas ahora pueden inscribirse en Internet en programas de educaci\u00f3n publica.<\/p>\n<p><a href=\"#como\"> \u00bfC\u00f3mo puede mi hijo\/a asistir a una escuela p\u00fablica por Internet desde nuestra casa?<\/a><\/p>\n<p><a href=\"#hay\">\u00bfHay escuelas p\u00fablicas v\u00eda Internet, donde mi hijo\/a pueda ir a un laboratorio de computaci\u00f3n?<\/a><\/p>\n<p><a href=\"#quien\">\u00bfQui\u00e9n se puede matricular en una escuela p\u00fablica por Internet?<\/a><\/p>\n<p><a href=\"#mismo\">\u00bfEs lo mismo una escuela p\u00fablica por Internet que el programa de <em>homeschooling<\/em> (estudios en casa)?<\/a><\/p>\n<p><a href=\"#estara\">\u00bfEstar\u00e1 trabajando mi hijo\/a en la computadora todo el d\u00eda?<\/a><\/p>\n<p><a href=\"#comp\">\u00bfQu\u00e9 pasa si no tenemos una computadora en casa?<\/a><\/p>\n<hr \/>\n<p><a title=\"como\" name=\"como\"><\/a><strong>\u00bfC\u00f3mo puede mi hijo\/a asistir a una escuela p\u00fablica por Internet desde nuestra casa?<\/strong><\/p>\n<p>Muchos\u00a0distritos escolares ofrecen escuelas p\u00fablicas gratuitas por Internet. Cuando un estudiante esta matriculado en una escuela por Internet, el programa es enviado a trav\u00e9s del uso de la computadora y del Internet, permitiendo al estudiante hacer sus tareas del curso en casa. El estudiante recibe apoyo de maestros de la escuela v\u00eda <em>e-mail<\/em> (correo electr\u00f3nico), tel\u00e9fono y algunas veces en visitas personalizadas. Los estudiantes\u00a0necesitan la supervisi\u00f3n y la asistencia del padre o tutor legal.<\/p>\n<p>Algunos distritos escolares tienen programas que s\u00f3lo dan servicio a estudiantes que viven en dicho distrito. Otros distritos escolares tienen programas que dan servicio a estudiantes que viven en cualquier parte del estado. Algunos programas tambi\u00e9n pueden tener una locaci\u00f3n f\u00edsica donde los estudiantes pueden ir a hacer las tareas del curso.<\/p>\n<p><a href=\"https:\/\/www.cde.state.co.us\/onlinelearning\/schools\">Haga clic aqu\u00ed para ver las escuelas p\u00fablicas por Internet de Colorado con base en casa.<\/a><\/p>\n<p><a title=\"hay\" name=\"hay\"><\/a><strong>\u00bfHay escuelas p\u00fablicas donde mi hijo\/a pueda ir a un laboratorio de computaci\u00f3n para hacer sus tareas?<\/strong><\/p>\n<p>Algunas escuelas p\u00fablicas por Internet tienen una locaci\u00f3n f\u00edsica (a veces denominados Centros de Aprendizaje) donde los estudiantes pueden ir y hacer sus tareas de Internet con la asistencia de un mentor o maestro.<\/p>\n<p><a title=\"quien\" name=\"quien\"><\/a><strong>\u00bfQui\u00e9n se puede matricular en una escuela p\u00fablica por Internet?<\/strong><\/p>\n<p>Las escuelas por Internet est\u00e1n disponibles para los ni\u00f1os de Kinder al 12\u00b0 grado. Muchos distritos escolares ofrecen programas por Internet para estudiantes que vivan en cualquier parte del estado. Pocos distritos escolares solo dan servicio a los estudiantes que viven en el distrito escolar.<\/p>\n<p>Para mas informaci\u00f3n lea tambi\u00e9n <a href=\"https:\/\/schoolchoiceforkids.org\/es\/preguntas-frecuentes-con-respecto-matricula-abierta\/\">Preguntas frecuentes con respecto a matr\u00edcula abierta<\/a> para aprender acerca de otros requerimientos necesarios.<\/p>\n<p><a href=\"https:\/\/schoolchoiceforkids.org\/es\/programas-por-internet-publicos-con-base-en-casa\/\">Haga clic aqu\u00ed para ver para ver las escuelas p\u00fablicas por Internet de Colorado con base en casa.<\/a><\/p>\n<p><a title=\"mismo\" name=\"mismo\"><\/a><strong>\u00bfEs lo mismo una escuela p\u00fablica por Internet que el programa de <em>homeschooling<\/em> (estudios en casa)?<\/strong><\/p>\n<p>No. Los estudiantes matriculados en una escuela p\u00fablica por Internet no est\u00e1n bajo la ley de <a href=\"https:\/\/schoolchoiceforkids.org\/es\/programa-de-estudios-en-casa\/\"><em>homeschool<\/em> (escuela en casa<\/a><a href=\"https:\/\/www.schoolchoiceforkids.org\/spanish.php?ID=18\">)<\/a> y tienen que cumplir con los requerimientos de asistencia y de los ex\u00e1menes estandarizados esperados de cualquier estudiante matriculado en escuela p\u00fablica.<\/p>\n<p><a title=\"estara\" name=\"estara\"><\/a><strong>\u00bfEstar\u00e1 mi hijo\/a trabajando todo el d\u00eda en la computadora?<\/strong><\/p>\n<p>El tiempo que se pasa en la computadora depende del programa, las tareas del curso no siempre se hacen por Internet; muchas de las tareas escolares implican materiales f\u00edsicos y lectura de libros lejos de la computadora, especialmente en los primeros grados.<\/p>\n<p><a title=\"comp\" name=\"comp\"><\/a><strong>\u00bfQu\u00e9 pasa si no tenemos una computadora en casa?<\/strong><\/p>\n<p>La mayor\u00eda de las escuelas p\u00fablicas por Internet le suministrar\u00e1n una computadora y le reembolsar\u00e1n el costo de una conexi\u00f3n de Internet. Por favor investigue para m\u00e1s detalles con las escuelas por individual.<\/p>\n<\/div><\/section>\n","protected":false},"excerpt":{"rendered":"","protected":false},"author":2,"featured_media":0,"parent":0,"menu_order":0,"comment_status":"closed","ping_status":"closed","template":"","meta":{"_monsterinsights_skip_tracking":false,"_monsterinsights_sitenote_active":false,"_monsterinsights_sitenote_note":"","_monsterinsights_sitenote_category":0,"footnotes":""},"class_list":["post-510","page","type-page","status-publish","hentry"],"_links":{"self":[{"href":"https:\/\/schoolchoiceforkids.org\/es\/wp-json\/wp\/v2\/pages\/510","targetHints":{"allow":["GET"]}}],"collection":[{"href":"https:\/\/schoolchoiceforkids.org\/es\/wp-json\/wp\/v2\/pages"}],"about":[{"href":"https:\/\/schoolchoiceforkids.org\/es\/wp-json\/wp\/v2\/types\/page"}],"author":[{"embeddable":true,"href":"https:\/\/schoolchoiceforkids.org\/es\/wp-json\/wp\/v2\/users\/2"}],"replies":[{"embeddable":true,"href":"https:\/\/schoolchoiceforkids.org\/es\/wp-json\/wp\/v2\/comments?post=510"}],"version-history":[{"count":0,"href":"https:\/\/schoolchoiceforkids.org\/es\/wp-json\/wp\/v2\/pages\/510\/revisions"}],"wp:attachment":[{"href":"https:\/\/schoolchoiceforkids.org\/es\/wp-json\/wp\/v2\/media?parent=510"}],"curies":[{"name":"wp","href":"https:\/\/api.w.org\/{rel}","templated":true}]}}