{"id":514,"date":"2016-06-03T12:14:52","date_gmt":"2016-06-03T18:14:52","guid":{"rendered":"http:\/\/sc4k.i2i.org\/?page_id=514&#038;lang=es"},"modified":"2022-08-10T15:40:43","modified_gmt":"2022-08-10T21:40:43","slug":"encuentre-escuela-que-no-son-publicas-en-colorado","status":"publish","type":"page","link":"https:\/\/schoolchoiceforkids.org\/es\/encuentre-escuela-que-no-son-publicas-en-colorado\/","title":{"rendered":"Encuentre Escuela que no son P\u00fablicas en Colorado"},"content":{"rendered":"\n<style type=\"text\/css\" data-created_by=\"avia_inline_auto\" id=\"style-css-av-l6o4y6dt-e74f28acce01d34f6d42e65d3f06f43a\">\n#top .av-special-heading.av-l6o4y6dt-e74f28acce01d34f6d42e65d3f06f43a{\npadding-bottom:10px;\n}\nbody .av-special-heading.av-l6o4y6dt-e74f28acce01d34f6d42e65d3f06f43a .av-special-heading-tag .heading-char{\nfont-size:25px;\n}\n.av-special-heading.av-l6o4y6dt-e74f28acce01d34f6d42e65d3f06f43a .av-subheading{\nfont-size:15px;\n}\n<\/style>\n<div  class='av-special-heading av-l6o4y6dt-e74f28acce01d34f6d42e65d3f06f43a av-special-heading-h1 blockquote modern-quote  avia-builder-el-0  el_before_av_textblock  avia-builder-el-first '><h1 class='av-special-heading-tag '  itemprop=\"headline\"  >Encuentre Escuela que no son P\u00fablicas en Colorado<\/h1><div class=\"special-heading-border\"><div class=\"special-heading-inner-border\"><\/div><\/div><\/div>\n<section  class='av_textblock_section av-l6o4xzji-439e56cd313414dba23cbf2cdfe21e3e '   itemscope=\"itemscope\" itemtype=\"https:\/\/schema.org\/CreativeWork\" ><div class='avia_textblock'  itemprop=\"text\" ><p>Escuelas que no son p\u00fablicas incluyendo privadas o parroquiales las cuales no est\u00e1n bajo la operaci\u00f3n del sistema gubernamental.<\/p>\n<ul>\n<li><strong><strong>Encuentre Escuelas que no son p\u00fablicas en Colorado<\/strong><\/strong>\n<ul>\n<li><strong>Enumeradas <strong>por Ciudad<\/strong>: <\/strong> <a href=\"https:\/\/schoolchoiceforkids.org\/es\/opciones-de-escuelas-que-no-son-publicas-en-colorado-ciudades-a-c\/\">A<\/a> <a href=\"https:\/\/schoolchoiceforkids.org\/es\/opciones-de-escuelas-que-no-son-publicas-en-colorado-ciudades-a-c\/\">B<\/a> <a href=\"https:\/\/schoolchoiceforkids.org\/es\/opciones-de-escuelas-que-no-son-publicas-en-colorado-ciudades-a-c\/\">C<\/a> <a href=\"https:\/\/schoolchoiceforkids.org\/es\/opciones-de-escuelas-que-no-son-publicas-en-colorado-ciudades-d-e\/\">D<\/a> <a href=\"https:\/\/schoolchoiceforkids.org\/es\/opciones-de-escuelas-que-no-son-publicas-en-colorado-ciudades-d-e\/\">E<\/a> <a href=\"https:\/\/schoolchoiceforkids.org\/es\/opciones-de-escuelas-que-no-son-publicas-en-colorado-ciudades-f-i\/\">F<\/a> <a href=\"https:\/\/schoolchoiceforkids.org\/es\/opciones-de-escuelas-que-no-son-publicas-en-colorado-ciudades-f-i\/\">G<\/a> <a href=\"https:\/\/schoolchoiceforkids.org\/es\/opciones-de-escuelas-que-no-son-publicas-en-colorado-ciudades-f-i\/\">H<\/a> <a href=\"https:\/\/schoolchoiceforkids.org\/es\/opciones-de-escuelas-que-no-son-publicas-en-colorado-ciudades-f-i\/\">I<\/a> <a href=\"https:\/\/schoolchoiceforkids.org\/es\/opciones-de-escuelas-que-no-son-publicas-en-colorado-ciudades-k-o\/\">K<\/a> <a href=\"https:\/\/schoolchoiceforkids.org\/es\/opciones-de-escuelas-que-no-son-publicas-en-colorado-ciudades-k-o\/\">L<\/a> <a href=\"https:\/\/schoolchoiceforkids.org\/es\/opciones-de-escuelas-que-no-son-publicas-en-colorado-ciudades-k-o\/\">M<\/a> <a href=\"https:\/\/schoolchoiceforkids.org\/es\/opciones-de-escuelas-que-no-son-publicas-en-colorado-ciudades-k-o\/\">N<\/a> <a href=\"https:\/\/schoolchoiceforkids.org\/es\/opciones-de-escuelas-que-no-son-publicas-en-colorado-ciudades-k-o\/\">O<\/a>\u00a0<a href=\"https:\/\/schoolchoiceforkids.org\/es\/opciones-de-escuelas-que-no-son-publicas-en-colorado-ciudades-p-s\/\">P<\/a> <a href=\"https:\/\/schoolchoiceforkids.org\/es\/opciones-de-escuelas-que-no-son-publicas-en-colorado-ciudades-p-s\/\">R<\/a> <a href=\"https:\/\/schoolchoiceforkids.org\/es\/opciones-de-escuelas-que-no-son-publicas-en-colorado-ciudades-p-s\/\">S<\/a> <a href=\"https:\/\/schoolchoiceforkids.org\/es\/opciones-de-escuelas-que-no-son-publicas-en-colorado-ciudades-t-w\/\">T<\/a> <a href=\"https:\/\/schoolchoiceforkids.org\/es\/opciones-de-escuelas-que-no-son-publicas-en-colorado-ciudades-t-w\/\">V<\/a> <a href=\"https:\/\/schoolchoiceforkids.org\/es\/opciones-de-escuelas-que-no-son-publicas-en-colorado-ciudades-t-w\/\">W<\/a><\/li>\n<\/ul>\n<ul>\n<li><strong>Enumeradas por Orden Alfab\u00e9tico:<\/strong> <a href=\"https:\/\/schoolchoiceforkids.org\/es\/opciones-de-escuelas-que-no-son-publicas-en-colorado-a-c\/\">A<\/a> <a href=\"https:\/\/schoolchoiceforkids.org\/es\/opciones-de-escuelas-que-no-son-publicas-en-colorado-a-c\/\">B<\/a> <a href=\"https:\/\/schoolchoiceforkids.org\/es\/opciones-de-escuelas-que-no-son-publicas-en-colorado-a-c\/\">C<\/a> <a href=\"https:\/\/schoolchoiceforkids.org\/es\/opciones-de-escuelas-que-no-son-publicas-en-colorado-d-j\/\">D<\/a> <a href=\"https:\/\/schoolchoiceforkids.org\/es\/opciones-de-escuelas-que-no-son-publicas-en-colorado-d-j\/\">E<\/a> <a href=\"https:\/\/schoolchoiceforkids.org\/es\/opciones-de-escuelas-que-no-son-publicas-en-colorado-d-j\/\">F<\/a> <a href=\"https:\/\/schoolchoiceforkids.org\/es\/opciones-de-escuelas-que-no-son-publicas-en-colorado-d-j\/\">G<\/a> <a href=\"https:\/\/schoolchoiceforkids.org\/es\/opciones-de-escuelas-que-no-son-publicas-en-colorado-d-j\/\">H<\/a> <a href=\"https:\/\/schoolchoiceforkids.org\/es\/opciones-de-escuelas-que-no-son-publicas-en-colorado-d-j\/\">I<\/a> <a href=\"https:\/\/schoolchoiceforkids.org\/es\/opciones-de-escuelas-que-no-son-publicas-en-colorado-d-j\/\">J<\/a> <a href=\"https:\/\/schoolchoiceforkids.org\/es\/opciones-de-escuelas-que-no-son-publicas-en-colorado-k-r\/\">K<\/a> <a href=\"https:\/\/schoolchoiceforkids.org\/es\/opciones-de-escuelas-que-no-son-publicas-en-colorado-k-r\/\">L<\/a> <a href=\"https:\/\/schoolchoiceforkids.org\/es\/opciones-de-escuelas-que-no-son-publicas-en-colorado-k-r\/\">M<\/a> <a href=\"https:\/\/schoolchoiceforkids.org\/es\/opciones-de-escuelas-que-no-son-publicas-en-colorado-k-r\/\">N<\/a> <a href=\"https:\/\/schoolchoiceforkids.org\/es\/opciones-de-escuelas-que-no-son-publicas-en-colorado-k-r\/\">O<\/a> <a href=\"https:\/\/schoolchoiceforkids.org\/es\/opciones-de-escuelas-que-no-son-publicas-en-colorado-k-r\/\">P<\/a> <a href=\"https:\/\/schoolchoiceforkids.org\/es\/opciones-de-escuelas-que-no-son-publicas-en-colorado-k-r\/\">R<\/a> <a href=\"https:\/\/schoolchoiceforkids.org\/es\/opciones-de-escuelas-que-no-son-publicas-en-colorado-s-z\/\">S<\/a> <a href=\"https:\/\/schoolchoiceforkids.org\/es\/opciones-de-escuelas-que-no-son-publicas-en-colorado-s-z\/\">T<\/a> <a href=\"https:\/\/schoolchoiceforkids.org\/es\/opciones-de-escuelas-que-no-son-publicas-en-colorado-s-z\/\">U<\/a> <a href=\"https:\/\/schoolchoiceforkids.org\/es\/opciones-de-escuelas-que-no-son-publicas-en-colorado-s-z\/\">V<\/a> <a href=\"https:\/\/schoolchoiceforkids.org\/es\/opciones-de-escuelas-que-no-son-publicas-en-colorado-s-z\/\">W<\/a> <a href=\"https:\/\/schoolchoiceforkids.org\/es\/opciones-de-escuelas-que-no-son-publicas-en-colorado-s-z\/\">Z<\/a><\/li>\n<\/ul>\n<\/li>\n<\/ul>\n<ul>\n<li><strong>Notificaci\u00f3n Pre-escolar:<\/strong> Algunas escuelas est\u00e1n enumeradas en el enlace anterior (por ciudad o por orden alfab\u00e9tico) y algunas ofrecen preescolar pero no todas est\u00e1n en la lista.\u00a0 <u><a href=\"https:\/\/www.schoolchoiceforkids.org\/spanish.php?ID=109\">Busque m\u00e1s informaci\u00f3n sobre escuelitas preescolares.<\/a><br \/>\n<\/u><\/li>\n<li><a href=\"https:\/\/schoolchoiceforkids.org\/es\/educacion-temprana-y-preescolar\/\">Busque aqu\u00ed m\u00e1s informaci\u00f3n sobre programas de estudio en el hogar.<\/a><\/li>\n<li><a href=\"https:\/\/schoolchoiceforkids.org\/es\/becas-escolares-de-escuelas-que-no-son-publicas\/\">Busque aqu\u00ed m\u00e1s recursos de informaci\u00f3n sobre las escuelas que no son p\u00fablicas.<\/a><\/li>\n<\/ul>\n<\/div><\/section>\n","protected":false},"excerpt":{"rendered":"","protected":false},"author":2,"featured_media":0,"parent":0,"menu_order":0,"comment_status":"closed","ping_status":"closed","template":"","meta":{"_monsterinsights_skip_tracking":false,"_monsterinsights_sitenote_active":false,"_monsterinsights_sitenote_note":"","_monsterinsights_sitenote_category":0,"footnotes":""},"class_list":["post-514","page","type-page","status-publish","hentry"],"_links":{"self":[{"href":"https:\/\/schoolchoiceforkids.org\/es\/wp-json\/wp\/v2\/pages\/514","targetHints":{"allow":["GET"]}}],"collection":[{"href":"https:\/\/schoolchoiceforkids.org\/es\/wp-json\/wp\/v2\/pages"}],"about":[{"href":"https:\/\/schoolchoiceforkids.org\/es\/wp-json\/wp\/v2\/types\/page"}],"author":[{"embeddable":true,"href":"https:\/\/schoolchoiceforkids.org\/es\/wp-json\/wp\/v2\/users\/2"}],"replies":[{"embeddable":true,"href":"https:\/\/schoolchoiceforkids.org\/es\/wp-json\/wp\/v2\/comments?post=514"}],"version-history":[{"count":0,"href":"https:\/\/schoolchoiceforkids.org\/es\/wp-json\/wp\/v2\/pages\/514\/revisions"}],"wp:attachment":[{"href":"https:\/\/schoolchoiceforkids.org\/es\/wp-json\/wp\/v2\/media?parent=514"}],"curies":[{"name":"wp","href":"https:\/\/api.w.org\/{rel}","templated":true}]}}