{"id":518,"date":"2016-06-03T12:56:36","date_gmt":"2016-06-03T18:56:36","guid":{"rendered":"http:\/\/sc4k.i2i.org\/?page_id=518&#038;lang=es"},"modified":"2022-09-19T13:04:52","modified_gmt":"2022-09-19T19:04:52","slug":"becas-escolares-de-escuelas-que-no-son-publicas","status":"publish","type":"page","link":"https:\/\/schoolchoiceforkids.org\/es\/becas-escolares-de-escuelas-que-no-son-publicas\/","title":{"rendered":"Becas escolares de escuelas que no son p\u00fablicas"},"content":{"rendered":"\n<style type=\"text\/css\" data-created_by=\"avia_inline_auto\" id=\"style-css-av-l6o4b74w-b75cbfa437dbd684f9f5498eae234719\">\n#top .av-special-heading.av-l6o4b74w-b75cbfa437dbd684f9f5498eae234719{\npadding-bottom:10px;\n}\nbody .av-special-heading.av-l6o4b74w-b75cbfa437dbd684f9f5498eae234719 .av-special-heading-tag .heading-char{\nfont-size:25px;\n}\n.av-special-heading.av-l6o4b74w-b75cbfa437dbd684f9f5498eae234719 .av-subheading{\nfont-size:15px;\n}\n<\/style>\n<div  class='av-special-heading av-l6o4b74w-b75cbfa437dbd684f9f5498eae234719 av-special-heading-h1 blockquote modern-quote  avia-builder-el-0  el_before_av_textblock  avia-builder-el-first '><h1 class='av-special-heading-tag '  itemprop=\"headline\"  >Becas escolares de escuelas que no son p\u00fablicas<\/h1><div class=\"special-heading-border\"><div class=\"special-heading-inner-border\"><\/div><\/div><\/div>\n<section  class='av_textblock_section av-l6o4b0ub-42d2bd3d26124fb46b1969d9708b7cb3 '   itemscope=\"itemscope\" itemtype=\"https:\/\/schema.org\/CreativeWork\" ><div class='avia_textblock'  itemprop=\"text\" ><p>Debajo encontrar\u00e1 varias organizaciones privadas que proveen becas de ayuda econ\u00f3mica para la colegiatura a estudiantes de bajos ingresos para asistir a escuelas privadas, parroquiales \u00f3 independientes.<\/p>\n<h4><a href=\"https:\/\/www.acescholarships.org\/\" target=\"_blank\" rel=\"noopener noreferrer\"><span style=\"color: #fe6600;\">ACE, Alliance for Choice in Education (ACE) (Alianza para la OPCION en educaci\u00f3n) becas (Colorado)<\/span><\/a><\/h4>\n<p>Las familias que viven en Colorado que califican para recibir almuerzo gratis o de precio reducido pueden aplicar para una beca <em>ACE<\/em>. La beca provee hasta un 50 por ciento de la colegiatura, con pagos m\u00e1ximos de $2,000 por a\u00f1o para los grados de kinder al 8\u00b0 y $3,000 por a\u00f1o para los grados del 9\u00b0 a 12\u00b0. <em>ACE<\/em> se compromete a pagar cuatro a\u00f1os de colegiatura.<\/p>\n<h4><span style=\"color: #fe6600;\"><a style=\"color: #fe6600;\" href=\"https:\/\/parentschallenge.org\">Parents Challenge (Reto de los padres de familia) (Colorado Springs)<\/a><\/span><\/h4>\n<p>&#8220;Reto de los padres de familia&#8221; ofrece una variedad de becas para colegiaturas de escuelas privadas, gastos de <em>homeschool<\/em> (escuela en casa) y ayuda suplementaria de escuela p\u00fablica tales como computadoras, tutor\u00eda o materiales acad\u00e9micos. Para ser elegible para aplicar, los estudiantes tienen que vivir en el condado de El Paso, estar entrando de preescolar al 12\u00b0 grado, y el ingreso familiar tiene que dar derecho a los estudiantes para recibir almuerzo gratuito o de precio reducido. Para m\u00e1s informaci\u00f3n visite la <a href=\"https:\/\/parentschallenge.org\" target=\"_blank\" rel=\"noopener noreferrer\">p\u00e1gina Web Retos de los padres de familia<\/a>.<\/p>\n<h4><span style=\"color: #fe6600;\"><a style=\"color: #fe6600;\" href=\"https:\/\/www.seedsofhopedenver.org\">Fundaci\u00f3n caritativa <em>Seeds of Hope<\/em> (Semillas de Esperanza) (La Arquidi\u00f3cesis de las escuelas Cat\u00f3licas de Denver)<\/a><\/span><\/h4>\n<p>La fundaci\u00f3n caritativa <em>Seeds of Hope<\/em> (Semillas de Esperanza) ofrece ayuda para colegiatura para estudiantes para asistir a escuelas cat\u00f3licas de la di\u00f3cesis arzobispal de Denver. La Di\u00f3cesis Arzobispal de Denver incluye varias escuelas localizadas fuera del \u00e1rea de Denver. Investigue con Seeds of Hope (Semillas de Esperanza) las locaciones de las escuelas.<\/p>\n<p>Ayuda para colegiaturas esta disponible para estudiantes de Kinder al 8\u00b0 grado que asistan actualmente a una escuela primaria de la Di\u00f3cesis Arzobispal de Denver (algunas escuelas est\u00e1n localizadas fuera del \u00e1rea de Denver). Las familias tienen que calificar para obtener almuerzo gratuito o de precio reducido, para que de esta manera, puedan calificar para recibir la ayuda.<\/p>\n<h4><strong><em><a href=\"https:\/\/thechallengefoundation.org\"><span style=\"color: #fe6600;\"><strong>The Challenge Foundation (La Fundaci\u00f3n Del Reto)<\/strong><\/span><\/a><\/em><\/strong><\/h4>\n<p>La Fundaci\u00f3n del reto es una organizaci\u00f3n sin fines de lucro que ayuda a los estudiantes inteligentes, ambiciosos, y trabajadores a romper el ciclo de la pobreza a trav\u00e9s de oportunidades de la educaci\u00f3n. Esta fundaci\u00f3n esta enfocada en ayudar a los estudiantes de bajos ingresos y ofrece servicios de apoyo individualizado a ellos.<\/p>\n<\/div><\/section>\n","protected":false},"excerpt":{"rendered":"","protected":false},"author":2,"featured_media":0,"parent":0,"menu_order":0,"comment_status":"closed","ping_status":"closed","template":"","meta":{"_monsterinsights_skip_tracking":false,"_monsterinsights_sitenote_active":false,"_monsterinsights_sitenote_note":"","_monsterinsights_sitenote_category":0,"footnotes":""},"class_list":["post-518","page","type-page","status-publish","hentry"],"_links":{"self":[{"href":"https:\/\/schoolchoiceforkids.org\/es\/wp-json\/wp\/v2\/pages\/518","targetHints":{"allow":["GET"]}}],"collection":[{"href":"https:\/\/schoolchoiceforkids.org\/es\/wp-json\/wp\/v2\/pages"}],"about":[{"href":"https:\/\/schoolchoiceforkids.org\/es\/wp-json\/wp\/v2\/types\/page"}],"author":[{"embeddable":true,"href":"https:\/\/schoolchoiceforkids.org\/es\/wp-json\/wp\/v2\/users\/2"}],"replies":[{"embeddable":true,"href":"https:\/\/schoolchoiceforkids.org\/es\/wp-json\/wp\/v2\/comments?post=518"}],"version-history":[{"count":0,"href":"https:\/\/schoolchoiceforkids.org\/es\/wp-json\/wp\/v2\/pages\/518\/revisions"}],"wp:attachment":[{"href":"https:\/\/schoolchoiceforkids.org\/es\/wp-json\/wp\/v2\/media?parent=518"}],"curies":[{"name":"wp","href":"https:\/\/api.w.org\/{rel}","templated":true}]}}