{"id":520,"date":"2016-06-04T09:19:20","date_gmt":"2016-06-04T15:19:20","guid":{"rendered":"http:\/\/sc4k.i2i.org\/?page_id=520&#038;lang=es"},"modified":"2022-10-06T16:05:15","modified_gmt":"2022-10-06T22:05:15","slug":"programa-de-estudios-en-casa","status":"publish","type":"page","link":"https:\/\/schoolchoiceforkids.org\/es\/programa-de-estudios-en-casa\/","title":{"rendered":"Programa de estudios en casa"},"content":{"rendered":"\n<style type=\"text\/css\" data-created_by=\"avia_inline_auto\" id=\"style-css-av-l6obq64r-1b7528a3d2f080c25b9bfde341c16f95\">\n#top .av-special-heading.av-l6obq64r-1b7528a3d2f080c25b9bfde341c16f95{\npadding-bottom:10px;\n}\nbody .av-special-heading.av-l6obq64r-1b7528a3d2f080c25b9bfde341c16f95 .av-special-heading-tag .heading-char{\nfont-size:25px;\n}\n.av-special-heading.av-l6obq64r-1b7528a3d2f080c25b9bfde341c16f95 .av-subheading{\nfont-size:15px;\n}\n<\/style>\n<div  class='av-special-heading av-l6obq64r-1b7528a3d2f080c25b9bfde341c16f95 av-special-heading-h1 blockquote modern-quote  avia-builder-el-0  el_before_av_textblock  avia-builder-el-first '><h1 class='av-special-heading-tag '  itemprop=\"headline\"  >Programa de estudios en casa<\/h1><div class=\"special-heading-border\"><div class=\"special-heading-inner-border\"><\/div><\/div><\/div>\n<section  class='av_textblock_section av-l6obq0b4-83c6735e6eec1a42607153f4ef2d4b8e '   itemscope=\"itemscope\" itemtype=\"https:\/\/schema.org\/CreativeWork\" ><div class='avia_textblock'  itemprop=\"text\" ><p><a href=\"#antes\">Antes de que Usted comience el programa de <em>homeschooling<\/em> (estudios en casa)<\/a><\/p>\n<ul>\n<li><a href=\"#determine\">Determine si el programa de <em>homeschooling<\/em> (estudios en casa) es lo mejor para su familia<\/a><\/li>\n<li><a href=\"#ley\">Conozca la ley<\/a><\/li>\n<li><a href=\"#grupo\">Encuentre un grupo de ayuda<\/a><\/li>\n<li><a href=\"#usara\">Decida que plan de estudios usar\u00e1<\/a><\/li>\n<\/ul>\n<p><a href=\"#recursos\">Recursos<\/a><\/p>\n<ul>\n<li><a href=\"#exam\">Informaci\u00f3n de los ex\u00e1menes estandarizados<\/a><\/li>\n<li><a href=\"#enlaces\">Enlaces para recursos del programa de <em>Homeschool<\/em><\/a><\/li>\n<li><a href=\"#lib\">Librer\u00edas que venden materiales escolares para el programa de <em>homeschool<\/em> (escuela en casa)<\/a><\/li>\n<\/ul>\n<h3><a title=\"antes\" name=\"antes\"><\/a><strong>Antes de que Usted comience el programa de <em>Homeschooling<\/em> (Estudios en casa)<\/strong><\/h3>\n<h4><a title=\"determine\" name=\"determine\"><\/a><strong>1. Determine si el programa de <em>homeschooling<\/em> es lo mejor para su familia<\/strong><\/h4>\n<ul>\n<li>Padres de familia o (tutores legales) que apliquen para el programa de <em>homeschool<\/em> son responsables de la educaci\u00f3n de cada estudiante, incluyendo la compra de los libros, materiales escolares y ex\u00e1menes.<\/li>\n<li>Los estudiantes de <em>homeschool<\/em> tiene que ser sometidos a ex\u00e1menes a expensas de los padres en los grados 3\u00b0, 5\u00b0, 7\u00b0, 9\u00b0, y 11\u00b0.<\/li>\n<li>Ent\u00e9rese de las diferentes filosof\u00edas y m\u00e9todos de <em>homeschooling<\/em> (estudios en casa) y decida si homeschooling es lo mejor para el estilo de vida su familia y las necesidades educacionales de su hijo\/a. <a href=\"https:\/\/www.homeschool.com\/homeschooling-methods\/\" target=\"_blank\" rel=\"noopener noreferrer\">Haga clic aqu\u00ed para leer acerca de los m\u00e9todos, estilos y filosof\u00edas m\u00e1s populares de <em>homeschooling<\/em><\/a> (Tambi\u00e9n disponibles en espa\u00f1ol).<\/li>\n<li>Las familias que apliquen para el programa de <em>homeschooling<\/em> son responsables de mantener los informes de asistencia, inmunizaciones y las puntuaciones de los ex\u00e1menes. Tambi\u00e9n es de gran ayuda mantener los informes de los trabajos del curso de la escuela preparatoria para las solicitudes de la universidad.<\/li>\n<li><a href=\"https:\/\/homeschooling.about.com\/od\/gettingstarted\/a\/homeschool4you.htm\" target=\"_blank\" rel=\"noopener noreferrer\">Haga clic aqu\u00ed para leer acerca de los compromisos que su familia tendr\u00eda que hacer para entrar en un programa de homeschool.<\/a><\/li>\n<\/ul>\n<p><a href=\"#top\">(Regresar al inicio de la p\u00e1gina)<\/a><\/p>\n<h4><a title=\"ley\" name=\"ley\"><\/a><strong>2. Conozca la Ley<\/strong><\/h4>\n<p>Usted tiene que proveer <strong>una notificaci\u00f3n por <em>escrito<\/em> al distrito escolar local por lo menos 14 d\u00edas antes de comenzar <em>homeschool<\/em><\/strong>. Un cambio en la ley que entrara en vigor el 1ero de Julio del 2007, requiere que los padres de familia provean un aviso por escrito del prop\u00f3sito de aplicar para el programa de <em>homeschool<\/em> <strong>para ni\u00f1os\/as de los 6 a\u00f1os de edad (a partir y despu\u00e9s el 1ero de Agosto o del a\u00f1o escolar) a los 16 a\u00f1os. No es requerido para los padres de familia iniciar el programa de <em>homeschool <\/em>hasta que el ni\u00f1o\/a tenga siete a\u00f1os de edad.<\/strong> El aviso por escrito tiene que incluir el nombre, la edad, el lugar de residencia, y n\u00famero de horas de asistencia en el a\u00f1o escolar para cada ni\u00f1o que entrar\u00e1 en el programa de <em>homeschool<\/em> (el n\u00famero de horas debe ser, como m\u00ednimo, de un promedio de cuatro horas diarias por 172 d\u00edas al a\u00f1o, haciendo un total de al menos 668 horas para el a\u00f1o escolar). Usted tiene que notificar al distrito escolar cada a\u00f1o que el ni\u00f1o este en el programa de <em>homeschooling<\/em>, hasta la edad de 16 a\u00f1os.<\/p>\n<ul>\n<li><strong>Mantenga la cuenta de los informes.<\/strong> La ley requiere que Usted mantenga los informes de asistencia, inmunizaciones y puntuaciones de los ex\u00e1menes.<\/li>\n<li><strong>Los estudiantes tienen que ser sometidos a ex\u00e1menes usando un <em>Nationally norm-referenced test<\/em><\/strong> (evaluaci\u00f3n dise\u00f1ada para comparar las puntuaciones de los estudiantes con las puntuaciones a nivel nacional de otros estudiantes) <strong>en 3\u00b0, 5\u00b0, 7\u00b0, 9\u00b0 y 11\u00b0<\/strong>. <strong>(<a href=\"#exam\">Vea debajo para encontrar m\u00e1s informaci\u00f3n acerca del examen.<\/a>) Los resultados del examen tiene que ser enviados al distrito escolar local o a una escuela parroquial o privada para evaluarlos<\/strong> Si el estudiante califica en o debajo del treceavo lugar en valor percentil, \u00e9l o ella es requerido para entrar en una escuela p\u00fablica, privada o parroquial por lo menos hasta el siguiente per\u00edodo de ex\u00e1menes.<\/li>\n<li><strong>La ense\u00f1anza del programa de <em>Homeschool<\/em><\/strong> tiene que incluir lectura, escritura, ret\u00f3rica, matem\u00e1ticas, historia, civismo, literatura, ciencias, y la constituci\u00f3n de los Estados Unidos.<\/li>\n<li><strong>Los Estudiantes de <em>homeschool<\/em> tienen derecho a participar en actividades extra-curriculares e \u00ednter escolares en la escuela p\u00fablica local.<\/strong> Investigue con la escuela de su zona escolar para mas informaci\u00f3n. Si el estudiante planea participar en el equipo escolar de deportes formado por los mejores jugadores de la escuela, sea Usted consiente que la participaci\u00f3n puede ser limitada a causa de las reglas de CHSSA.<\/li>\n<li><strong>No es requerido que los padres de familia tengan una licencia de maestro<\/strong> para educar a sus hijos\/as en el programa de <em>homeschool<\/em>.<\/li>\n<li><a href=\"https:\/\/www.cde.state.co.us\/choice\/homeschool_law.htm\" target=\"_blank\" rel=\"noopener noreferrer\">Usted puede leer aqu\u00ed la ley del programa de <em>homeschooling<\/em><\/a> o ver los Estatutos Revisados de Colorado 22-33-104.5. Nota: La legislaci\u00f3n del 2007 cambi\u00f3 la edad a la que un padre de familia tiene que enviar la notificaci\u00f3n por escrito al distrito escolar para la edad de 6 a\u00f1os (previamente a la edad de 7 a\u00f1os) el 1ero de Agosto (Previamente al 1ero de Octubre). Usted puede leer <a href=\"https:\/\/www.leg.state.co.us\/clics\/clics2007a\/csl.nsf\/fsbillcont3\/9396E573D25C481487257251007B74B0?open&amp;file=016_enr.pdf\" target=\"_blank\" rel=\"noopener noreferrer\">Senate Bill 07-016<\/a> para el texto de nuevos requerimientos.<\/li>\n<\/ul>\n<p><a href=\"#top\">(Regresar al inicio de la p\u00e1gina)<\/a><\/p>\n<h4><a title=\"grupo\" name=\"grupo\"><\/a><strong>3. Encuentre un grupo de ayuda<\/strong><\/h4>\n<ul>\n<li>Visite varios grupos de ayuda y encuentre el que sea de mayor ayuda para su familia.<\/li>\n<li>Una variedad de grupos de ayuda religiosos y laicos para el programa de homeschool en Colorado son citados en estas sitios de Internet:\n<ul>\n<li><a href=\"https:\/\/chec.org\">Christian Home Educators of Colorado (CHEC)<\/a><\/li>\n<\/ul>\n<ul>\n<li><a href=\"https:\/\/www.home-school.com\/groups\/CO.html\" target=\"_blank\" rel=\"noopener noreferrer\">Homeschool World<\/a><\/li>\n<\/ul>\n<ul>\n<li><a href=\"https:\/\/www.homeschooldads.com\/state_organizations\/colorado_homeschools.html\" target=\"_blank\" rel=\"noopener noreferrer\">Homeschool Dads<\/a><\/li>\n<li><a href=\"https:\/\/www.secularhomeschool.com\/content\/203-secular-homeschool-support-groups-state\/\" target=\"_blank\" rel=\"noopener noreferrer\">SecularHomeschool.com<\/a><\/li>\n<\/ul>\n<\/li>\n<\/ul>\n<p><a href=\"#top\">(Regresar al inicio de la p\u00e1gina)<\/a><\/p>\n<h4><a title=\"usara\" name=\"usara\"><\/a><strong>4. Decida que plan de estudio usar\u00e1<\/strong><\/h4>\n<ul>\n<li>La ley requiere que los estudiantes aprendan, lectura, escritura, ret\u00f3rica, matem\u00e1ticas, historia, civismo, literatura, ciencias y la Constituci\u00f3n de los Estados Unidos.<\/li>\n<li>Algunas familias eligen comprar todos sus planes de estudio en la misma editorial o compa\u00f1\u00eda. Otras familias seleccionan y eligen diferentes compa\u00f1\u00edas o editoriales para cada asignatura.<\/li>\n<li>Ent\u00e9rese de las diversas filosof\u00edas y m\u00e9todos del programa de <em>homeschooling<\/em>. Escoja sus planes de estudio del programa de <em>Homeschooling<\/em> bas\u00e1ndose en sus valores y en la forma en que su hijo de aprende mejor. <a href=\"https:\/\/a2zhomeschooling.com\/methods\/homeschooling_methods\/homeschooling_methods_styles\/\" target=\"_blank\" rel=\"noopener noreferrer\">Haga clic aqu\u00ed para leer acerca de m\u00e9todos, estilos y filosof\u00edas mas populares del programa de <em>homeschool<\/em>.<\/a><\/li>\n<li>Hable con padres que est\u00e9n en el programa de <em>homeschooling<\/em> y pregunte que planes de estudio han dado resultado con sus hijos\/as.<\/li>\n<li><a href=\"#recursos\">Vea debajo enlaces para recursos del programa de <em>homeschooling<\/em><\/a> y <a href=\"#lib\">librer\u00edas que venden materiales escolares para <em>homeschooling<\/em><\/a>.<\/li>\n<\/ul>\n<p><a href=\"#top\">(Regresar al inicio de la p\u00e1gina)<\/a><\/p>\n<h3><a title=\"recursos\" name=\"recursos\"><\/a><strong>Recursos<\/strong><\/h3>\n<p><a href=\"https:\/\/Programas de apoyo para homeschool (escuela en casa\">Programas de apoyo para homeschool (escuela en casa)<\/a><\/p>\n<h4><a title=\"exam\" name=\"exam\"><\/a><strong>Informaci\u00f3n para examen estandarizados<\/strong><\/h4>\n<p>Los ex\u00e1menes tiene que ser administrados por personas que ha sido aprobadas por la compa\u00f1\u00eda que hace los ex\u00e1menes. Usted puede encontrar individuos calificados a trav\u00e9s de la p\u00e1gina de Internet de <a href=\"https:\/\/chec.org\/resources\/testing\/\">CHEC testing<\/a>, grupos de ayuda para el programa de <em>homeschool<\/em>, y anuncios en las revistas de <em>homeschooling<\/em>.<\/p>\n<p><a href=\"#top\">(Regresar al inicio de la p\u00e1gina)<\/a><\/p>\n<h4><a title=\"enlaces\" name=\"enlaces\"><\/a><strong>Enlaces de recursos para el programa de <em>homeschool<\/em><\/strong><\/h4>\n<p>Los siguientes enlaces proveen informaci\u00f3n acerca de planes de estudio, grupos de ayuda y muchos otros recursos de <em>homeschooling<\/em>:<\/p>\n<ul>\n<li><a href=\"https:\/\/a2zhomeschooling.com\/\" target=\"_blank\" rel=\"noopener noreferrer\">A-Z Home&#8217;s Cool<\/a><\/li>\n<li><a href=\"https:\/\/homeschooling.about.com\/\" target=\"_blank\" rel=\"noopener noreferrer\">About.com: Homeschool Curriculum<\/a><\/li>\n<li><a href=\"https:\/\/chec.org\">Christian Home Educators of Colorado (CHEC)<\/a><\/li>\n<li><a href=\"https:\/\/www.homeschoolreviews.com\/default.aspx\" target=\"_blank\" rel=\"noopener noreferrer\">HomeSchoolReviews.com<\/a><\/li>\n<li><a href=\"https:\/\/www.hslda.org\/espanol\/default.asp\" target=\"_blank\" rel=\"noopener noreferrer\">Home School Legal Defense Association (tambi\u00e9n disponible en espa\u00f1ol)<\/a><\/li>\n<li><a href=\"https:\/\/www.accreditedschoolsonline.org\/k-12\/online-home-schooling\/\" target=\"_blank\" rel=\"noopener noreferrer\">Online Homeschooling<\/a><\/li>\n<li><a href=\"https:\/\/secularhomeschool.com\/\" target=\"_blank\" rel=\"noopener noreferrer\">SecularHomeschool.com<\/a><\/li>\n<\/ul>\n<p><a href=\"#top\">(Regresar al inicio de la p\u00e1gina)<\/a><\/p>\n<\/div><\/section>\n","protected":false},"excerpt":{"rendered":"","protected":false},"author":2,"featured_media":0,"parent":0,"menu_order":0,"comment_status":"closed","ping_status":"closed","template":"","meta":{"_monsterinsights_skip_tracking":false,"_monsterinsights_sitenote_active":false,"_monsterinsights_sitenote_note":"","_monsterinsights_sitenote_category":0,"footnotes":""},"class_list":["post-520","page","type-page","status-publish","hentry"],"_links":{"self":[{"href":"https:\/\/schoolchoiceforkids.org\/es\/wp-json\/wp\/v2\/pages\/520","targetHints":{"allow":["GET"]}}],"collection":[{"href":"https:\/\/schoolchoiceforkids.org\/es\/wp-json\/wp\/v2\/pages"}],"about":[{"href":"https:\/\/schoolchoiceforkids.org\/es\/wp-json\/wp\/v2\/types\/page"}],"author":[{"embeddable":true,"href":"https:\/\/schoolchoiceforkids.org\/es\/wp-json\/wp\/v2\/users\/2"}],"replies":[{"embeddable":true,"href":"https:\/\/schoolchoiceforkids.org\/es\/wp-json\/wp\/v2\/comments?post=520"}],"version-history":[{"count":0,"href":"https:\/\/schoolchoiceforkids.org\/es\/wp-json\/wp\/v2\/pages\/520\/revisions"}],"wp:attachment":[{"href":"https:\/\/schoolchoiceforkids.org\/es\/wp-json\/wp\/v2\/media?parent=520"}],"curies":[{"name":"wp","href":"https:\/\/api.w.org\/{rel}","templated":true}]}}