{"id":522,"date":"2016-06-04T09:22:08","date_gmt":"2016-06-04T15:22:08","guid":{"rendered":"http:\/\/sc4k.i2i.org\/?page_id=522&#038;lang=es"},"modified":"2022-08-10T18:37:50","modified_gmt":"2022-08-11T00:37:50","slug":"organizaciones-de-ayuda-de-colorado","status":"publish","type":"page","link":"https:\/\/schoolchoiceforkids.org\/es\/organizaciones-de-ayuda-de-colorado\/","title":{"rendered":"Organizaciones de ayuda de Colorado"},"content":{"rendered":"\n<style type=\"text\/css\" data-created_by=\"avia_inline_auto\" id=\"style-css-av-l6ob9yov-76129660d382be3b4f9e7d1684d1b0f3\">\n#top .av-special-heading.av-l6ob9yov-76129660d382be3b4f9e7d1684d1b0f3{\npadding-bottom:10px;\n}\nbody .av-special-heading.av-l6ob9yov-76129660d382be3b4f9e7d1684d1b0f3 .av-special-heading-tag .heading-char{\nfont-size:25px;\n}\n.av-special-heading.av-l6ob9yov-76129660d382be3b4f9e7d1684d1b0f3 .av-subheading{\nfont-size:15px;\n}\n<\/style>\n<div  class='av-special-heading av-l6ob9yov-76129660d382be3b4f9e7d1684d1b0f3 av-special-heading-h1 blockquote modern-quote  avia-builder-el-0  el_before_av_textblock  avia-builder-el-first '><h1 class='av-special-heading-tag '  itemprop=\"headline\"  >Organizaciones de ayuda de Colorado<\/h1><div class=\"special-heading-border\"><div class=\"special-heading-inner-border\"><\/div><\/div><\/div>\n<section  class='av_textblock_section av-l6ob9mo3-6f198b431d2848f4558d76618ac6b985 '   itemscope=\"itemscope\" itemtype=\"https:\/\/schema.org\/CreativeWork\" ><div class='avia_textblock'  itemprop=\"text\" ><p><a href=\"https:\/\/education.i2i.org\/\" target=\"_blank\" rel=\"noopener\"> Independence Institute&#8217;s Education Policy Center<\/a><\/p>\n<p>El Centro de Pol\u00edticas de Educaci\u00f3n existe para promover las opciones de las escuelas y el cumplimiento de las responsabilidades escolares en Colorado. El personal del centro de educaci\u00f3n, investiga, escribe, y habla acerca de temas educacionales. Las publicaciones est\u00e1n disponibles en la p\u00e1gina de Internet del Instituto.<\/p>\n<p><a href=\"https:\/\/www.coparentcoalition.org\/index.php?&amp;ref=home&amp;\" target=\"_blank\" rel=\"noopener\"> Coalici\u00f3n Estatal de Padres de Colorado (Siglas en ingl\u00e9s CSPC)<\/a><\/p>\n<p>La CSPC ofrece talleres y asistencia t\u00e9cnica a los padres y los educadores e incrementa sus habilidades para establecer una relaci\u00f3n efectiva entre el hogar y la escuela y as\u00ed mejorar el rendimiento de los estudiantes. La principal meta de la CSPC es cerrar la brecha de disparidad educativa y aumentar los porcentajes de graduaci\u00f3n para aquellos estudiantes que hist\u00f3ricamente provienen de familias que carecen de representaci\u00f3n.<\/p>\n<p><a href=\"https:\/\/www.csi.state.co.us\/\" target=\"_blank\" rel=\"noopener\"> Colorado Charter School Institute<\/a><\/p>\n<p>La misi\u00f3n del Instituto es fomentar opciones de alta calidad en escuelas p\u00fablicas, ofreciendo informaci\u00f3n a trav\u00e9s del Instituto, escuelas charter, incluyendo particularmente, escuelas para estudiantes &#8220;en riesgo&#8221; (problem\u00e1ticos o desfavorecidos socialmente).<\/p>\n<p><a href=\"https:\/\/ckcolorado.org\/\" target=\"_blank\" rel=\"noopener\"> Colorado Core Knowledge<\/a><\/p>\n<p>Este es el sitio del Coordinador de Colorado Core Knowledge, ofreciendo informaci\u00f3n acerca de ayuda t\u00e9cnica, eventos relacionados con Core Knowledge y muchos otros servicios mas, para promover y apoyar la implementaci\u00f3n de la secuencia de Core Knowledge.<\/p>\n<p><a href=\"https:\/\/www.cde.state.co.us\/\" target=\"_blank\" rel=\"noopener\"> Colorado Department of Education (CDE)<\/a><\/p>\n<ul>\n<li><a href=\"https:\/\/www.cde.state.co.us\/cde_english\/SpanishResources.htm\" target=\"_blank\" rel=\"noopener\">CDE Recursos en Espa\u00f1ol<\/a><\/li>\n<\/ul>\n<p>El Departamento de Educaci\u00f3n de Colorado (CDE) es la divisi\u00f3n administrativa de la junta directiva de educaci\u00f3n del estado de Colorado. Con un compromiso organizativo para desafiantes evaluaciones estandarizadas de alto nivel acad\u00e9mico y rigurosas medidas del cumplimiento de responsabilidades, CDE da servicio a la educaci\u00f3n p\u00fablica de preescolar al 12\u00ba grado, a la educaci\u00f3n para adultos, a la alfabetizaci\u00f3n familiar y a comunidades de bibliotecas de Colorado.<\/p>\n<p><a href=\"https:\/\/www.coloradoleague.org\/\" target=\"_blank\" rel=\"noopener\"> Colorado League of Charter Schools<\/a><\/p>\n<p>La Alianza sirve y apoya a las actuales escuelas charter de Colorado y a grupos o individuos que deseen fundar una escuela charter en Colorado. La Alianza tiene un compromiso con ambas escuelas charter, adem\u00e1s de con el movimiento en su totalidad.<\/p>\n<\/div><\/section>\n","protected":false},"excerpt":{"rendered":"","protected":false},"author":2,"featured_media":0,"parent":0,"menu_order":0,"comment_status":"closed","ping_status":"closed","template":"","meta":{"_monsterinsights_skip_tracking":false,"_monsterinsights_sitenote_active":false,"_monsterinsights_sitenote_note":"","_monsterinsights_sitenote_category":0,"footnotes":""},"class_list":["post-522","page","type-page","status-publish","hentry"],"_links":{"self":[{"href":"https:\/\/schoolchoiceforkids.org\/es\/wp-json\/wp\/v2\/pages\/522","targetHints":{"allow":["GET"]}}],"collection":[{"href":"https:\/\/schoolchoiceforkids.org\/es\/wp-json\/wp\/v2\/pages"}],"about":[{"href":"https:\/\/schoolchoiceforkids.org\/es\/wp-json\/wp\/v2\/types\/page"}],"author":[{"embeddable":true,"href":"https:\/\/schoolchoiceforkids.org\/es\/wp-json\/wp\/v2\/users\/2"}],"replies":[{"embeddable":true,"href":"https:\/\/schoolchoiceforkids.org\/es\/wp-json\/wp\/v2\/comments?post=522"}],"version-history":[{"count":0,"href":"https:\/\/schoolchoiceforkids.org\/es\/wp-json\/wp\/v2\/pages\/522\/revisions"}],"wp:attachment":[{"href":"https:\/\/schoolchoiceforkids.org\/es\/wp-json\/wp\/v2\/media?parent=522"}],"curies":[{"name":"wp","href":"https:\/\/api.w.org\/{rel}","templated":true}]}}