{"id":533,"date":"2016-06-04T09:35:02","date_gmt":"2016-06-04T15:35:02","guid":{"rendered":"http:\/\/sc4k.i2i.org\/?page_id=533&#038;lang=es"},"modified":"2022-08-10T18:43:33","modified_gmt":"2022-08-11T00:43:33","slug":"preguntas-del-informe-analitico-de-las-escuelas","status":"publish","type":"page","link":"https:\/\/schoolchoiceforkids.org\/es\/preguntas-del-informe-analitico-de-las-escuelas\/","title":{"rendered":"Preguntas del Informe Anal\u00edtico de las Escuelas"},"content":{"rendered":"\n<style type=\"text\/css\" data-created_by=\"avia_inline_auto\" id=\"style-css-av-l6obhbeg-92ff5d18e588a88047ec35c2523e64e7\">\n#top .av-special-heading.av-l6obhbeg-92ff5d18e588a88047ec35c2523e64e7{\npadding-bottom:10px;\n}\nbody .av-special-heading.av-l6obhbeg-92ff5d18e588a88047ec35c2523e64e7 .av-special-heading-tag .heading-char{\nfont-size:25px;\n}\n.av-special-heading.av-l6obhbeg-92ff5d18e588a88047ec35c2523e64e7 .av-subheading{\nfont-size:15px;\n}\n<\/style>\n<div  class='av-special-heading av-l6obhbeg-92ff5d18e588a88047ec35c2523e64e7 av-special-heading-h1 blockquote modern-quote  avia-builder-el-0  el_before_av_textblock  avia-builder-el-first '><h1 class='av-special-heading-tag '  itemprop=\"headline\"  >Preguntas del Informe Anal\u00edtico de las Escuelas<\/h1><div class=\"special-heading-border\"><div class=\"special-heading-inner-border\"><\/div><\/div><\/div>\n<section  class='av_textblock_section av-l6obh5ue-349542deb1a46a11f9aa98cced7d0e69 '   itemscope=\"itemscope\" itemtype=\"https:\/\/schema.org\/CreativeWork\" ><div class='avia_textblock'  itemprop=\"text\" ><p>A continuaci\u00f3n una lista de preguntas que Usted puede hacer en la escuela de su hijo\/a.<\/p>\n<h4>\u00bfQu\u00e9 hace la escuela para mejorar los resultados generales de las calificaciones en lectura, escritura y matem\u00e1ticas?<\/h4>\n<p>Posiblemente Usted quiera solicitar informaci\u00f3n del maestro\/a de su hijo\/a para averiguar que plan de estudios esta siendo impartido y si el material escolar sigue las normas estandarizadas en esas materias. Pregunte como los ex\u00e1menes de fon\u00e9tica y los ex\u00e1menes basados en investigaci\u00f3n est\u00e1n siendo usados para identificar las fortalezas y debilidades de su hijo\/a.<\/p>\n<h4>\u00bfQu\u00e9 puedo hacer como padre \/ madre de familia para ayudar a que mi hijo\/a rinda lo mejor posible acad\u00e9micamente en la escuela?<\/h4>\n<p>La participaci\u00f3n de los padres de familia en la educaci\u00f3n es importante para poder asegurarse de que su hijo\/a est\u00e9n rindiendo satisfactoriamente &#8211; hable con el maestro de su hijo\/a para averiguar de que manera Usted puede ayudar. Pida al maestro\/a que le de a su hijo\/a, trabajos de lectura y matem\u00e1ticas complementarios \u00f3 tareas adicionales con las que Usted pueda ayudarle en casa.<\/p>\n<h4>\u00bfC\u00f3mo planea el maestro\/a ayudar a mi hijo\/a a rendir lo mejor posible acad\u00e9micamente en la escuela?<\/h4>\n<p>El maestro\/a deber de tener una idea clara de las materias en las que su hijo\/a rinde satisfactoriamente y en cuales \u00e1reas podr\u00eda necesitar mejoramiento. Pregunte al maestro como el\/ella ha sido evaluado para diagnosticarlo\/a y cu\u00e1l estrategia ha puesto en marcha para enfrentar las necesidades de su hijo\/a.<\/p>\n<h4>(Escuela primaria) \u00bfC\u00f3mo utiliza la escuela los ex\u00e1menes (por ejemplo, CMAS, NAEP, etc.) para evaluar y mejorar la educaci\u00f3n de su hijo\/a?<\/h4>\n<p>Cada a\u00f1o, el estado eval\u00faa, el rendimiento acad\u00e9mico de los estudiantes en la escuela. Pregunte al maestro\/a de su hijo\/a que se puede hacer en casa y qu\u00e9 se esta haciendo en la escuela para incrementar las calificaciones de su hijo\/a.<\/p>\n<h4>(Escuela secundaria) \u00bfC\u00f3mo utiliza las escuela los ex\u00e1menes (por ejemplo, CMAS, etc.) para asegurarse de que mi hijo\/a est\u00e1 o estar\u00e1 preparado\/a para la escuela preparatoria?<\/h4>\n<p>Pregunte al asesor\/a de su hijo\/a acerca de la selecci\u00f3n de clases que deber\u00eda tomar para mejorar sus calificaciones y aquellas que les ayudar\u00e1n a prepararse para cursos de preparaci\u00f3n universitaria en la escuela preparatoria.<\/p>\n<h4>(Escuela preparatoria) \u00bfC\u00f3mo utiliza la escuela los ex\u00e1menes (por ejemplo, CMAS, CO PSAT CO SAT, etc.) para asegurarse de que mi hijo\/a est\u00e1 o estar\u00e1 preparado\/a para la Universidad?<\/h4>\n<p>Pregunte al consejero de estudios universitarios acerca de como ayudaran o perjudicaran las calificaciones de su hijo\/a o sus aptitudes para asistir y lograr el \u00e9xito en la universidad y que tipos de apoyos financieros y becas escolares puede su hijo solicitar y recibir.<\/p>\n<h4>\u00bfEst\u00e1 siendo mi hijo estimulado con el trabajo de la escuela que se le da en clases?<\/h4>\n<p>Su hijo\/a deber\u00e1 recibir trabajo escolar que sea estimulante. Pregunte al asesor\/a de su hijo\/a acerca de opiniones, programas y trabajo adicional fuera de clase que ayuden a estimular a los estudiantes que pudieran necesitarlo.<\/p>\n<h4>\u00bfQu\u00e9 est\u00e1 haciendo la escuela para asegurase de que sus estudiantes est\u00e9n rindiendo acad\u00e9micamente lo mejor posible?<\/h4>\n<p>Si su hijo\/a necesita ayuda adicional, la escuela deber\u00e1 proveerla. Pregunte como la escuela planea asegurarse de que todos los estudiantes est\u00e9n aprendiendo lo que se necesita ser ense\u00f1ado, cuales \u00e1reas necesitan todav\u00eda mejoramiento y que se ha hecho al respecto.<\/p>\n<h4>\u00bfQu\u00e9 est\u00e1 haciendo la escuela espec\u00edficamente para mejorar el \u00edndice acad\u00e9mico general?<\/h4>\n<p>Usted deber\u00eda preguntar a su escuela, si proporciona formaci\u00f3n profesional para sus maestros\/as y evaluaciones diagnosticadas de rendimiento acad\u00e9mico que puedan ayudar a la escuela a concentrarse en aquello que se necesita mejorar.<\/p>\n<h4>\u00bfQu\u00e9 otras escuelas y opciones pueden estar disponibles para proveer la mejor medida educativa para las necesidades escolares de mi hijo\/a?<\/h4>\n<p>Pregunte al asesor\/a de su hijo\/a acerca de las opciones que pueden estar disponibles para su hijo\/a, tales como, escuelas <em>charter<\/em>, escuelas <em>magnet<\/em>, programas extraescolares antes y despu\u00e9s de las horas normales, escuelas de verano etc. Tambi\u00e9n deber\u00eda preguntar a su escuela si provee formaci\u00f3n profesional a sus maestros\/as y evaluaciones diagnosticadas de rendimiento acad\u00e9mico que puedan ayudar a la escuela a concentrarse en aquello que se necesita mejorar.<\/p>\n<p>Dependiendo del rendimiento acad\u00e9mico de la escuela, su hijo\/a puede ser elegible para uno o mas de los siguientes puntos; pregunte a su escuela si su hijo califica para:<\/p>\n<ul>\n<li>Clases despu\u00e9s de las horas normales y clases escolares de verano<\/li>\n<li>Tutor\u00eda<\/li>\n<li>Consejer\u00eda<\/li>\n<li>Otra ayuda adicional fuera de las horas regulares de la escuela<\/li>\n<\/ul>\n<\/div><\/section>\n","protected":false},"excerpt":{"rendered":"","protected":false},"author":2,"featured_media":0,"parent":0,"menu_order":0,"comment_status":"closed","ping_status":"closed","template":"","meta":{"_monsterinsights_skip_tracking":false,"_monsterinsights_sitenote_active":false,"_monsterinsights_sitenote_note":"","_monsterinsights_sitenote_category":0,"footnotes":""},"class_list":["post-533","page","type-page","status-publish","hentry"],"_links":{"self":[{"href":"https:\/\/schoolchoiceforkids.org\/es\/wp-json\/wp\/v2\/pages\/533","targetHints":{"allow":["GET"]}}],"collection":[{"href":"https:\/\/schoolchoiceforkids.org\/es\/wp-json\/wp\/v2\/pages"}],"about":[{"href":"https:\/\/schoolchoiceforkids.org\/es\/wp-json\/wp\/v2\/types\/page"}],"author":[{"embeddable":true,"href":"https:\/\/schoolchoiceforkids.org\/es\/wp-json\/wp\/v2\/users\/2"}],"replies":[{"embeddable":true,"href":"https:\/\/schoolchoiceforkids.org\/es\/wp-json\/wp\/v2\/comments?post=533"}],"version-history":[{"count":0,"href":"https:\/\/schoolchoiceforkids.org\/es\/wp-json\/wp\/v2\/pages\/533\/revisions"}],"wp:attachment":[{"href":"https:\/\/schoolchoiceforkids.org\/es\/wp-json\/wp\/v2\/media?parent=533"}],"curies":[{"name":"wp","href":"https:\/\/api.w.org\/{rel}","templated":true}]}}