{"id":535,"date":"2016-06-07T21:51:20","date_gmt":"2016-06-08T03:51:20","guid":{"rendered":"http:\/\/sc4k.i2i.org\/?page_id=535&#038;lang=es"},"modified":"2022-08-10T15:58:22","modified_gmt":"2022-08-10T21:58:22","slug":"escuelas-charter-y-de-opcion","status":"publish","type":"page","link":"https:\/\/schoolchoiceforkids.org\/es\/escuelas-charter-y-de-opcion\/","title":{"rendered":"Escuelas charter, de opci\u00f3n, y de innovaci\u00f3n"},"content":{"rendered":"\n<style type=\"text\/css\" data-created_by=\"avia_inline_auto\" id=\"style-css-av-l6o5kv08-1ebdded2e4788aa8cc7eb7ba31ba2f4d\">\n#top .av-special-heading.av-l6o5kv08-1ebdded2e4788aa8cc7eb7ba31ba2f4d{\npadding-bottom:10px;\n}\nbody .av-special-heading.av-l6o5kv08-1ebdded2e4788aa8cc7eb7ba31ba2f4d .av-special-heading-tag .heading-char{\nfont-size:25px;\n}\n.av-special-heading.av-l6o5kv08-1ebdded2e4788aa8cc7eb7ba31ba2f4d .av-subheading{\nfont-size:15px;\n}\n<\/style>\n<div  class='av-special-heading av-l6o5kv08-1ebdded2e4788aa8cc7eb7ba31ba2f4d av-special-heading-h1 blockquote modern-quote  avia-builder-el-0  el_before_av_textblock  avia-builder-el-first '><h1 class='av-special-heading-tag '  itemprop=\"headline\"  >Escuelas charter, de opci\u00f3n, y de innovaci\u00f3n<\/h1><div class=\"special-heading-border\"><div class=\"special-heading-inner-border\"><\/div><\/div><\/div>\n<section  class='av_textblock_section av-av_textblock-9f1d08d208ea38101768ba4096f09dd7 '   itemscope=\"itemscope\" itemtype=\"https:\/\/schema.org\/CreativeWork\" ><div class='avia_textblock'  itemprop=\"text\" ><p>Las <strong>escuelas <em>charter<\/em> <\/strong>son escuelas p\u00fablicas gratuitas de opci\u00f3n, que son fundadas por padres de familia, maestros o miembros de la comunidad. Las escuelas <em>charter<\/em> proveen un tipo diferente de programa educacional que las escuelas p\u00fablicas tradicionales. Cada escuela <em>charter<\/em> tiene su propia junta directiva escolar y un contrato ya sea con un distrito escolar o con el Instituto Estatal de Escuelas <em>Charter<\/em>.<\/p>\n<p>Los estudiantes tienen que aplicar para matr\u00edcula abierta en las escuelas <em>charter<\/em>. Investigue con la escuela <em>charter<\/em> por individual para aprender mas acerca de las fechas de matriculaci\u00f3n y del proceso de aplicaci\u00f3n.<\/p>\n<p>Hay aproximadamente 250 <a href=\"https:\/\/coloradoleague.org\/search\/custom.asp?id=2524\">escuelas Ch\u00e1rter<\/a> en Colorado. Estas escuelas educan a m\u00e1s de 120,000 estudiantes. Tambi\u00e9n se encuentran los programas en <a href=\"https:\/\/schoolchoiceforkids.org\/es\/programa-de-estudios-en-casa\/\">casa-basados<\/a> en l\u00ednea de internet y los de aprendizaje en centros de cursos que estan basados en los programas de ense\u00f1anza de las escuelas Ch\u00e1rter.<\/p>\n<p><strong>Escuelas <em>option<\/em><\/strong>: son escuelas p\u00fablicas gratuitas de opci\u00f3n que proveen un enfoque especial o programa educacional. A diferencia de las escuelas <em>charter<\/em> las escuelas de opci\u00f3n son dirigidas por el distrito escolar.<\/p>\n<p>Las escuelas de opci\u00f3n son tambi\u00e9n llamadas escuelas &#8220;<em>magnet<\/em>&#8221; \u00f3 &#8220;<em>focus<\/em>&#8220;.<\/p>\n<p>La mayor\u00eda de las escuelas de opci\u00f3n no tienen un \u00e1rea de asistencia y todos los estudiantes tienen que aplicar para matr\u00edcula abierta en la escuela. La escuela de Artes de Denver o la Escuela Preparatoria D&#8217;Evelyn Junior\/Senior del condado de Jefferson son ejemplos de escuelas de opci\u00f3n que no tienen \u00e1reas de asistencia.<\/p>\n<p>Algunas de las escuelas de opci\u00f3n son tambi\u00e9n escuelas que se localizan en el \u00e1rea geogr\u00e1fica donde usted reside. Cuando una escuela de opci\u00f3n se encuentra en su zona escolar, los estudiantes que viven en el \u00e1rea de asistencia pueden asistir a ella. Los estudiantes que no viven en el \u00e1rea de asistencia tienen que aplicar en la escuela para la matr\u00edcula abierta.<\/p>\n<p><a href=\"https:\/\/schoolchoiceforkids.org\/es\/encuentre-una-escuela\/\">Cuando usted use OpcionEscolarParaNinos.org para buscar escuelas en su \u00e1rea<\/a>, aparecer\u00e1n en los resultados de su b\u00fasqueda todas las escuelas <em>charter<\/em> y de opci\u00f3n localizadas en su \u00e1rea.<\/p>\n<p><strong>Escuelas de <em>innovaci\u00f3n<\/em><\/strong>: Una escuela cuyo plan de innovaci\u00f3n ha sido ratificado se conoce como una &#8220;escuela de innovaci\u00f3n&#8221;. Un grupo de escuelas que presentan conjuntamente un plan de innovaci\u00f3n que se ha aprobado se considera una &#8220;zona de escuela de innovaci\u00f3n&#8221;.<\/p>\n<p>La\u00a0ley de escuelas de innovaci\u00f3n del 2008 (proyecto de ley Senado 08-130) proporciona para que una escuela (o grupo de escuelas) solicite ciertas extensiones de ley del estado o de convenios colectivos. Dependiendo del tipo de las exenciones solicit\u00f3 y recibi\u00f3, la escuela puede tener una mayor autonom\u00eda y flexibilidad en la toma de decisiones acad\u00e9micas, tales como contrataci\u00f3n y despido, decisiones profesionales de desarrollo, presupuesto, calendario y curr\u00edculo.<\/p>\n<\/div><\/section>\n","protected":false},"excerpt":{"rendered":"","protected":false},"author":2,"featured_media":0,"parent":0,"menu_order":0,"comment_status":"closed","ping_status":"closed","template":"","meta":{"_monsterinsights_skip_tracking":false,"_monsterinsights_sitenote_active":false,"_monsterinsights_sitenote_note":"","_monsterinsights_sitenote_category":0,"footnotes":""},"class_list":["post-535","page","type-page","status-publish","hentry"],"_links":{"self":[{"href":"https:\/\/schoolchoiceforkids.org\/es\/wp-json\/wp\/v2\/pages\/535","targetHints":{"allow":["GET"]}}],"collection":[{"href":"https:\/\/schoolchoiceforkids.org\/es\/wp-json\/wp\/v2\/pages"}],"about":[{"href":"https:\/\/schoolchoiceforkids.org\/es\/wp-json\/wp\/v2\/types\/page"}],"author":[{"embeddable":true,"href":"https:\/\/schoolchoiceforkids.org\/es\/wp-json\/wp\/v2\/users\/2"}],"replies":[{"embeddable":true,"href":"https:\/\/schoolchoiceforkids.org\/es\/wp-json\/wp\/v2\/comments?post=535"}],"version-history":[{"count":0,"href":"https:\/\/schoolchoiceforkids.org\/es\/wp-json\/wp\/v2\/pages\/535\/revisions"}],"wp:attachment":[{"href":"https:\/\/schoolchoiceforkids.org\/es\/wp-json\/wp\/v2\/media?parent=535"}],"curies":[{"name":"wp","href":"https:\/\/api.w.org\/{rel}","templated":true}]}}