{"id":546,"date":"2016-06-07T22:58:48","date_gmt":"2016-06-08T04:58:48","guid":{"rendered":"http:\/\/sc4k.i2i.org\/?page_id=546&#038;lang=es"},"modified":"2022-08-10T18:52:12","modified_gmt":"2022-08-11T00:52:12","slug":"programas-por-internet-publicos-con-base-en-casa","status":"publish","type":"page","link":"https:\/\/schoolchoiceforkids.org\/es\/programas-por-internet-publicos-con-base-en-casa\/","title":{"rendered":"Programas por Internet p\u00fablicos con base en casa"},"content":{"rendered":"\n<style type=\"text\/css\" data-created_by=\"avia_inline_auto\" id=\"style-css-av-l6obsf98-b1c82c71e452ee64af60ceb4ddd8d072\">\n#top .av-special-heading.av-l6obsf98-b1c82c71e452ee64af60ceb4ddd8d072{\npadding-bottom:10px;\n}\nbody .av-special-heading.av-l6obsf98-b1c82c71e452ee64af60ceb4ddd8d072 .av-special-heading-tag .heading-char{\nfont-size:25px;\n}\n.av-special-heading.av-l6obsf98-b1c82c71e452ee64af60ceb4ddd8d072 .av-subheading{\nfont-size:15px;\n}\n<\/style>\n<div  class='av-special-heading av-l6obsf98-b1c82c71e452ee64af60ceb4ddd8d072 av-special-heading-h1 blockquote modern-quote  avia-builder-el-0  el_before_av_textblock  avia-builder-el-first '><h1 class='av-special-heading-tag '  itemprop=\"headline\"  >Programas por Internet p\u00fablicos con base en casa<\/h1><div class=\"special-heading-border\"><div class=\"special-heading-inner-border\"><\/div><\/div><\/div>\n<section  class='av_textblock_section av-l6obs9fr-19330f7444fd1243043d9c444a93c72b '   itemscope=\"itemscope\" itemtype=\"https:\/\/schema.org\/CreativeWork\" ><div class='avia_textblock'  itemprop=\"text\" ><p>Debajo encontrar\u00e1 una lista de programas virtuales p\u00fablicos con base en casa. Cuando un estudiante est\u00e1 matriculado en una escuela por Internet, el programa es enviado a trav\u00e9s del uso de una computadora, y de el Internet, permitiendo al estudiante hacer sus tareas del curso en casa.<\/p>\n<p>Algunos distritos escolares tienen programas que s\u00f3lo dan servicio a estudiantes que viven en dicho distrito. Otros distritos escolares tienen programas que dan servicio a estudiantes que viven en cualquier parte del estado. Para saber mas acerca de programas educacionales virtuales p\u00fablicos, <a href=\"https:\/\/www.opcionescolarparaninos.org\/spanish.php?ID=14\">haga clic aqui<\/a>.<\/p>\n<p><strong>70 ONLINE<br \/>\n*Only available for students residing in Pueblo County 70 School District. <\/strong><br \/>\n24951 HIGHWAY 50 EAST<br \/>\nPUEBLO, CO 81006<br \/>\n719-295-6518<br \/>\n<a href=\"https:\/\/70online.district70.org\/\">https:\/\/70online.district70.org\/<\/a><\/p>\n<p>School District: PUEBLO COUNTY SCHOOL DISTRICT 70<br \/>\nCounty: PUEBLO<br \/>\nGrades: K, 1, 2, 3, 4, 5, 6, 7, 8, 9, 10, 11, 12<\/p>\n<p><strong>ACADEMY CALVERT K-8 ONLINE SCHOOL<br \/>\n*Available to students statewide. <\/strong><br \/>\n3475 HAMPTON PARK DRIVE<br \/>\nCOLORADO SPRINGS, CO 80920<br \/>\n719-258-1550<br \/>\n<a href=\"https:\/\/www.asd20.org\/schools\/aconline\/Pages\/default.aspx\">https:\/\/www.asd20.org\/schools\/aconline\/Pages\/default.aspx<\/a><\/p>\n<p>School District: ACADEMY 20<br \/>\nCounty: EL PASO<br \/>\nGrades: K, 1, 2, 3, 4, 5, 6, 7, 8<\/p>\n<p><strong>ACADEMY ONLINE HIGH SCHOOL <\/strong><\/p>\n<p>*Available to students statewide.<\/p>\n<p>1110 CHAPEL HILLS DRIVE<\/p>\n<p>COLORADO SPRINGS, CO 80920<\/p>\n<p>719-234-1717<\/p>\n<p><a href=\"https:\/\/www.asd20.org\/education\/school\/school.php?sectionid=3858\" target=\"_blank\" rel=\"noopener\">https:\/\/www.asd20.org\/education\/school\/school.php?sectionid=3858<\/a><\/p>\n<p>School District: ACADEMY 20<\/p>\n<p>County: EL PASO<\/p>\n<p>Grades: 9, 10, 11, 12<\/p>\n<p><strong>ACHIEVE ONLINE<\/strong><\/p>\n<p><strong>*Available to students statewide for home-based learning, with a tutoring center at the location listed below. <\/strong><\/p>\n<p>2115 AFTON WAY<\/p>\n<p>COLORADO SPRINGS, CO 80909<\/p>\n<p>719-328-3012<\/p>\n<p><a href=\"https:\/\/www.d11.org\/achievek12\/\" target=\"_blank\" rel=\"noopener\">https:\/\/www.d11.org\/achievek12\/<\/a><\/p>\n<p>School District: COLORADO SPRINGS 11<\/p>\n<p>County: EL PASO<\/p>\n<p>Grades: 6, 7, 8, 9, 10, 11, 12<\/p>\n<p><strong>APS ONLINE<\/strong><\/p>\n<p>*Only available for students residing in Aurora Public Schools. In-person meetings required.<\/p>\n<p>1085 PEORIA ST.<\/p>\n<p>AURORA, CO 80011<\/p>\n<p>303-344-8060<\/p>\n<p><a href=\"https:\/\/www.apsachieveonline.org\/\" target=\"_blank\" rel=\"noopener\">https:\/\/www.apsachieveonline.org\/<\/a><\/p>\n<p>School District: AURORA PUBLIC SCHOOLS<\/p>\n<p>County: ARAPAHOE<\/p>\n<p>Grades: 9, 10, 11, 12<\/p>\n<p><strong>BOULDER UNIVERSAL<\/strong><\/p>\n<p><strong>*Available to students statewide. <\/strong><\/p>\n<p>6500 ARAPAHOE<\/p>\n<p>BOULDER, CO 80303<\/p>\n<p>303-447-1010<\/p>\n<p><a href=\"https:\/\/bvsd.org\/boulderuniversal\/Pages\/default.aspx\" target=\"_blank\" rel=\"noopener\">https:\/\/bvsd.org\/boulderuniversal\/Pages\/default.aspx<\/a><\/p>\n<p>School District: BOULDER VALLEY RE 2<\/p>\n<p>County: BOULDER<\/p>\n<p>Grades: 6, 7, 8, 9, 10, 11, 12<\/p>\n<p><strong>BRANSON SCHOOL ONLINE<\/strong><\/p>\n<p><strong>*Available to students statewide. <\/strong><\/p>\n<p>101 SADDLE ROCK DRIVE<\/p>\n<p>BRANSON, CO 81027<\/p>\n<p>719-946-5531<\/p>\n<p><a href=\"https:\/\/www.bransonschoolonline.com\/\" target=\"_blank\" rel=\"noopener\">https:\/\/www.bransonschoolonline.com\/<\/a><\/p>\n<p>School District: BRANSON REORGANIZED 82<\/p>\n<p>County: LAS ANIMAS<\/p>\n<p>Grades: K, 1, 2, 3, 4, 5, 6, 7, 8, 9, 10, 11, 12<\/p>\n<p><strong>BUENA VISTA ONLINE ACADEMY<br \/>\n*Only available for students residing in Buena Vista R-31. <\/strong><br \/>\n113 NORTH COURT STREET<\/p>\n<p>BUENA VISTA, CO 81211<br \/>\n719-966-9378<br \/>\n<a href=\"https:\/\/old.bvschools.org\/index.php?option=com_content&amp;view=category&amp;layout=blog&amp;id=102&amp;Itemid=126\">https:\/\/old.bvschools.org\/index.php?option=com_content&amp;view=category&amp;layout=blog&amp;id=102&amp;Itemid=126<\/a><\/p>\n<p>School District: BUENA VISTA R-31<br \/>\nCounty: CHAFFEE<br \/>\nGrades: 3, 4, 5, 6, 7, 8, 9, 10, 11, 12<\/p>\n<p><strong>CANON ONLINE ACADEMY<br \/>\n*Only available for students residing in Canon City RE-1. <\/strong><br \/>\n101 NORTH 14TH STREET<\/p>\n<p>CANON CITY, CO 81212<br \/>\n719-276-5700<br \/>\n<a href=\"https:\/\/canoncity.co.schoolwebpages.com\/education\/components\/layout\/default.php?sectiondetailid=18659&amp;&amp;\">https:\/\/canoncity.co.schoolwebpages.com\/education\/components\/layout\/default.php?sectiondetailid=18659&amp;&amp;<\/a><\/p>\n<p>School District: CANON CITY RE-1<br \/>\nCounty: FREMONT<br \/>\nGrades: 6, 7, 8, 9, 10, 11, 12<\/p>\n<p><strong>CENTER VIRTUAL ACADEMY<br \/>\n*Only available for students residing in Center 26 JT. <\/strong><br \/>\n550 S. SYLVESTER AVENUE<\/p>\n<p>CENTER, CO 81125<br \/>\n719-754-3442<br \/>\n<a href=\"https:\/\/www.center.k12.co.us\/schools\/cva\/\">https:\/\/www.center.k12.co.us\/schools\/cva\/<\/a><\/p>\n<p>School District: CENTER 26 JT<br \/>\nCounty: SAGUACHE<br \/>\nGrades: 9, 10, 11, 12<\/p>\n<p><strong>COLLEGE PATHWAYS (AT THE CLASSICAL ACADEMY)<\/strong><\/p>\n<p>*Available for students in multiple surrounding school districts. Students must attend classes on-site as well as complete coursework online.<\/p>\n<p>12201 CROSS PEAK VIEW<\/p>\n<p>COLORADO SPRINGS, CO 80921<\/p>\n<p>719-282-1181<\/p>\n<p><a href=\"https:\/\/www.collegepathways.org\/\" target=\"_blank\" rel=\"noopener\">https:\/\/www.collegepathways.org\/<\/a><\/p>\n<p>School District: ACADEMY 20<\/p>\n<p>County: EL PASO<\/p>\n<p>Grades: 7, 8, 9, 10, 11, 12<\/p>\n<p><strong>COLORADO CALVERT ACADEMY <\/strong><\/p>\n<p><strong>*Available to students statewide. <\/strong><\/p>\n<p>155 E. BOARDWALK DRIVE, SUITE 547<\/p>\n<p>FORT COLLINS, CO 80525<\/p>\n<p>970-232-3317<\/p>\n<p><a href=\"https:\/\/coloradocalvertacademy.com\/\" target=\"_blank\" rel=\"noopener\">https:\/\/coloradocalvertacademy.com\/<\/a><\/p>\n<p>School District: CHARTER SCHOOL INSTITUTE<\/p>\n<p>County: LARIMER<\/p>\n<p>Grades: K, 1, 2, 3, 4, 5, 6, 7, 8<\/p>\n<p><strong>COLORADO CONNECTIONS ACADEMY<\/strong><\/p>\n<p><strong>*Available to students statewide. <\/strong><\/p>\n<p>8 INVERNESS DRIVE EAST, SUITE 240<\/p>\n<p>ENGLEWOOD, CO 80112<\/p>\n<p>303-794-2302<\/p>\n<p><a href=\"https:\/\/www.connectionsacademy.com\" target=\"_blank\" rel=\"noopener\">https:\/\/www.connectionsacademy.com<\/a><\/p>\n<p>School District: DENVER COUNTY 1<\/p>\n<p>County: DENVER<\/p>\n<p>Grades: K, 1, 2, 3, 4, 5, 6, 7, 8, 9, 10, 11, 12<\/p>\n<p><strong>COLORADO CYBER (eDCSD)<\/strong><\/p>\n<p>*Available to students statewide.<\/p>\n<p>2575 MEADOW BLVD., SUITE 130<\/p>\n<p>CASTLE ROCK, CO 80109<br \/>\n303-387-9465<\/p>\n<p><a href=\"https:\/\/edcsd.org\/\" target=\"_blank\" rel=\"noopener\">https:\/\/edcsd.org\/<\/a><\/p>\n<p>School District: DOUGLAS COUNTY RE 1<\/p>\n<p>County: DOUGLAS<\/p>\n<p>Grades:<\/p>\n<p>K, 1, 2, 3, 4, 5, 6, 7, 8, 9, 10, 11, 12<\/p>\n<p><strong>COLORADO VIRTUAL ACADEMY (COVA)<\/strong><\/p>\n<p><strong>*Available to students statewide. <\/strong><\/p>\n<p>11990 GRANT STREET, #402<\/p>\n<p>NORTHGLENN, CO 80233<\/p>\n<p>866-339-6814<\/p>\n<p><a href=\"https:\/\/www.covcs.org\/\" target=\"_blank\" rel=\"noopener\">https:\/\/www.covcs.org\/<\/a><\/p>\n<p>School District: ADAMS 12 FIVE STAR SCHOOLS<\/p>\n<p>County: ADAMS<\/p>\n<p>Grades: K, 1, 2, 3, 4, 5, 6, 7, 8, 9, 10, 11, 12<\/p>\n<p><strong>D3 MY WAY<br \/>\n*Only available for students residing in Widefield School District 3. <\/strong><br \/>\n930 LETA DRIVE<\/p>\n<p>COLORADO SPRINGS, CO 80911<br \/>\n719-391-3005<br \/>\n<a href=\"https:\/\/d3myway.wsd3.org\/modules\/cms\/pages.phtml?pageid=168250&amp;sessionid=7b26284621d44a9ec9681e5365602b51&amp;sessionid=7b26284621d44a9ec9681e5365602b51\">https:\/\/d3myway.wsd3.org\/modules\/cms\/pages.phtml?pageid=168250&amp;sessionid=7b26284621d44a9ec9681e5365602b51&amp;sessionid=7b26284621d44a9ec9681e5365602b51<\/a><\/p>\n<p>School District: WIDEFIELD 3<br \/>\nCounty: EL PASO<br \/>\nGrades: K, 1, 2, 3, 4, 5, 6, 7, 8, 9, 10, 11, 12<\/p>\n<p><strong>DELTA VIRTUAL ACADEMY<br \/>\n*Only available for students residing in Delta County 50(J). <\/strong><br \/>\n350 EAST 8TH STREET<\/p>\n<p>DELTA, CO 81416<br \/>\n970-874-2753<\/p>\n<p><a href=\"https:\/\/dcva.deltaschools.com\/\">https:\/\/dcva.deltaschools.com\/<\/a><\/p>\n<p>School District: DELTA COUNTY 50(J)<br \/>\nCounty: DELTA<br \/>\nGrades: K, 1, 2, 3, 4, 5, 6, 7, 8, 9, 10, 11, 12<\/p>\n<p><strong>DPS ONLINE HIGH SCHOOL<\/strong><\/p>\n<p><strong>*Available to students statewide. <\/strong><\/p>\n<p>1350 EAST 33RD AVENUE<\/p>\n<p>DENVER, CO 80204<\/p>\n<p>720-424-8280<\/p>\n<p><a href=\"https:\/\/online.dpsk12.org\/\" target=\"_blank\" rel=\"noopener\">https:\/\/online.dpsk12.org\/<\/a><\/p>\n<p>School District: DENVER COUNTY 1<br \/>\nCounty: DENVER<\/p>\n<p>Grades: 9, 10, 11, 12<\/p>\n<p><strong>EDISON ON-LINE ACADEMY<\/strong><\/p>\n<p><strong>*Available to students statewide. <\/strong><br \/>\n14550 EDISON ROAD<\/p>\n<p>YODER, CO 80864<\/p>\n<p>719-478-2125<\/p>\n<p><a href=\"https:\/\/edison54jt.schoolfusion.us\/modules\/cms\/pages.phtml?pageid=220870&amp;sessionid=963ae3703333a97dffb1d387c5d803d5\" target=\"_blank\" rel=\"noopener\">https:\/\/edison54jt.schoolfusion.us\/modules\/cms\/pages.phtml?pageid=220870&amp;sessionid=963ae3703333a97dffb1d387c5d803d5<\/a><\/p>\n<p>School District: EDISON 54 JT<\/p>\n<p>County: EL PASO<\/p>\n<p>Grades: 6, 7, 8, 9, 10, 11, 12<\/p>\n<p><strong>ENG@GE ONLINE ACADEMY<br \/>\n*Only available for students residing in Greeley 6. <\/strong><br \/>\n1025 9TH AVENUE<\/p>\n<p>GREELEY, CO 80631<br \/>\n970-348-6566<br \/>\n<a href=\"https:\/\/www.greeleyschools.org\/Domain\/1479\">https:\/\/www.greeleyschools.org\/Domain\/1479<\/a><\/p>\n<p>School District: GREELEY 6<br \/>\nCounty: WELD<br \/>\nGrades: 9, 10 (for 2011-2012)<\/p>\n<p><strong>FALCON VIRTUAL ACADEMY<\/strong><\/p>\n<p>*Available to students statewide.<\/p>\n<p>7545 MOHAWK ROAD<\/p>\n<p>COLORADO SPRINGS, CO 80908<\/p>\n<p>719-494-8940<\/p>\n<p><a href=\"https:\/\/www.d49.org\/school\/fva\/Pages\/default.aspx\" target=\"_blank\" rel=\"noopener\">https:\/\/www.d49.org\/school\/fva\/Pages\/default.aspx<\/a><\/p>\n<p>School District: FALCON 49<\/p>\n<p>County: EL PASO<\/p>\n<p>Grades: K, 1, 2, 3, 4, 5, 6, 7, 8, 9, 10, 11, 12<\/p>\n<p><strong>FOCUS ACADEMY<br \/>\n*Only available for students residing in Florence RE-2. <\/strong><br \/>\n403 WEST 5TH STREET<\/p>\n<p>FLORENCE, CO 81226<br \/>\n719-784-2510<br \/>\n<a href=\"https:\/\/fremont.focus.schooldesk.net\/\">https:\/\/fremont.focus.schooldesk.net\/<\/a><\/p>\n<p>School District: FLORENCE RE-2<br \/>\nCounty: FREMONT<br \/>\nGrades: 6, 7, 8, 9, 10, 11, 12<\/p>\n<p><strong>FUTURES DIGITAL ACADEMY<br \/>\n*Only available for students residing in Pueblo County Rural 70. <\/strong><br \/>\n301 28TH LANE<\/p>\n<p>PUEBLO, CO 81001<br \/>\n719-647-3205<br \/>\n<a href=\"https:\/\/www.district70.org\/apps\/pages\/index.jsp?uREC_ID=109633&amp;type=d&amp;termREC_ID=&amp;pREC_ID=229179\">https:\/\/www.district70.org\/apps\/pages\/index.jsp?uREC_ID=109633&amp;type=d&amp;termREC_ID=&amp;pREC_ID=229179<\/a><\/p>\n<p>School District: PUEBLO COUNTY RURAL 70<br \/>\nCounty: PUEBLO<br \/>\nGrades: 6, 7, 8, 9, 10, 11, 12<\/p>\n<p><strong>GOAL ACADEMY<\/strong><\/p>\n<p>*Available to students statewide (multiple drop-in sites across the state)<\/p>\n<p>3273 DILLON DRIVE<\/p>\n<p>PUEBLO, CO 81008<\/p>\n<p>877-776-4625<br \/>\n<a href=\"https:\/\/goalac.org\/\" target=\"_blank\" rel=\"noopener\">https:\/\/goalac.org\/<\/a><\/p>\n<p>School District: CHARTER SCHOOL INSTITUTE<br \/>\nCounty: PUEBLO<\/p>\n<p>Grades: 9, 10, 11, 12<\/p>\n<p><strong>GRANDE RIVER VIRTUAL ACADEMY<br \/>\n*Only available for students residing in Mesa County Valley 51. <\/strong><br \/>\n930 UTE AVENUE<\/p>\n<p>GRAND JUNCTION, CO 81501<br \/>\n970-254-6885<\/p>\n<p><a href=\"https:\/\/granderiver.mesa.k12.co.us\/\">https:\/\/granderiver.mesa.k12.co.us\/<\/a><\/p>\n<p>School District: MESA COUNTY VALLEY 51<br \/>\nCounty: MESA<br \/>\nGrades: K, 1, 2, 3, 4, 5, 6, 7, 8, 9, 10, 11, 12<\/p>\n<p><strong>HEARTLIGHT ACADEMY ONLINE<br \/>\n*Only available for students residing in North Conejos RE-1J. <\/strong><br \/>\n17890 US 285<\/p>\n<p>LA JARA, CO 81140<br \/>\n719-480-2276<br \/>\n<a href=\"https:\/\/north.co.schoolwebpages.com\/education\/components\/whatsnew\/default.php?sectiondetailid=71&amp;\">https:\/\/north.co.schoolwebpages.com\/education\/components\/whatsnew\/default.php?sectiondetailid=71&amp;<\/a><\/p>\n<p>School District: NORTH CONEJOS RE-1J<br \/>\nCounty: CONEJOS<br \/>\nGrades: K, 1, 2, 3, 4, 5, 6, 7, 8, 9, 10, 11, 12<\/p>\n<p><strong>HOPE ONLINE LEARNING CENTERS<br \/>\n* Available to students statewide.<br \/>\n<\/strong>367 INVERNESS PARKWAY, SUITE 225<br \/>\nENGLEWOOD, CO 80112<br \/>\n303-989-3539<br \/>\n<em><br \/>\n<\/em><a href=\"https:\/\/www.hopeco-op.org\/FindACenter.html\" target=\"_blank\" rel=\"noopener\">https:\/\/www.hopeco-op.org\/<\/a><\/p>\n<p>School District: DOUGLAS COUNTY RE 1<br \/>\nCounty: DOUGLAS<br \/>\nGrades: K, 1, 2, 3, 4, 5, 6, 7, 8, 9, 10, 11, 12<\/p>\n<p><strong>INSIGHT SCHOOL OF COLORADO<\/strong><\/p>\n<p>*Available to students statewide.<\/p>\n<p>102 WEST 6TH STREET<\/p>\n<p>JULESBURG, CO 80737<\/p>\n<p>877-254-6744<\/p>\n<p><a href=\"https:\/\/insightcohs.net\/\" target=\"_blank\" rel=\"noopener\">https:\/\/insightcohs.net\/<\/a><\/p>\n<p>School District: JULESBURG RE-1<\/p>\n<p>County: SEDGWICK<\/p>\n<p>Grades: 9, 10, 11, 12<\/p>\n<p><strong>JEFFCO&#8217;S 21ST CENTURY VIRTUAL ACADEMY <\/strong><\/p>\n<p>*Available to students statewide.<br \/>\n1829 DENVER WEST DRIVE #27<\/p>\n<p>GOLDEN, CO 80401<br \/>\n303-982-6770<br \/>\n<a href=\"https:\/\/www.jeffcopublicschools.org\/online\/index.html\">https:\/\/www.jeffcopublicschools.org\/online\/index.html<\/a><\/p>\n<p>School District: JEFFERSON COUNTY R-1<\/p>\n<p>County: JEFFERSON<br \/>\nGrades: 7, 8, 9, 10, 11, 12<\/p>\n<p><strong>KARVAL ONLINE EDUCATION<\/strong><\/p>\n<p><strong>*Available to students statewide. <\/strong><\/p>\n<p>16232 COUNTY ROAD 29<br \/>\nKARVAL, CO 80823<\/p>\n<p>866-375-3404<br \/>\n<a href=\"https:\/\/online.karvalschool.org\/\" target=\"_blank\" rel=\"noopener\">https:\/\/online.karvalschool.org\/<\/a><\/p>\n<p>School District: KARVAL RE-23<\/p>\n<p>County: LINCOLN<\/p>\n<p>Grades: K, 1, 2, 3, 4, 5, 6, 7, 8, 9, 10, 11, 12<\/p>\n<p><strong>LPS@HOME<\/strong><\/p>\n<p>*<strong>Only available for students residing in Littleton Public School District.<\/strong><\/p>\n<p>5776 SOUTH CROCKER STREET<\/p>\n<p>LITTLETON, CO 80120<\/p>\n<p>303-347-3300<\/p>\n<p><a href=\"https:\/\/www.littletonpublicschools.net\/OurSchools\/LPShome\/tabid\/8432\/Default.aspx\" target=\"_blank\" rel=\"noopener\">https:\/\/www.littletonpublicschools.net\/OurSchools\/LPShome\/tabid\/8432\/Default.aspx<\/a><\/p>\n<p>School District: LITTLETON 6<\/p>\n<p>County: ARAPAHOE<\/p>\n<p>Grades K, 1, 2, 3, 4, 5, 6, 7, 8, 9, 10, 11, 12<\/p>\n<p><strong>MONTE VISTA ON-LINE ACADEMY<\/strong><\/p>\n<p><strong>*Available to students statewide. <\/strong><br \/>\n345 EAST PROSPECT AVENUE<\/p>\n<p>MONTE VISTA, CO 81144<br \/>\n719-852-2212<\/p>\n<p><a href=\"https:\/\/www.monte.k12.co.us\/ola\/\" target=\"_blank\" rel=\"noopener\">https:\/\/www.monte.k12.co.us\/ola\/<\/a><\/p>\n<p>School District: MONTE VISTA C-8<\/p>\n<p>County: RIO GRANDE<\/p>\n<p>Grades: 6, 7, 8, 9, 10, 11, 12<\/p>\n<p><strong>MOUNTAIN eCADEMY<br \/>\n*Only available for students residing in Cripple Creek-Victor RE-1. <\/strong><br \/>\n410 NORTH B STREET<\/p>\n<p>CRIPPLE CREEK, CO 80813<br \/>\n719-689-2685<br \/>\n<a href=\"https:\/\/www.ccvschools.org\/\">https:\/\/www.ccvschools.org\/<\/a><\/p>\n<p>School District: CRIPPLE CREEK-VICTOR RE-1<br \/>\nCounty: TELLER<br \/>\nGrades: 9, 10, 11, 12<\/p>\n<p><strong>NEW HORIZONS HIGH SCHOOL <\/strong><\/p>\n<p>*Online program only available for the school&#8217;s students.<br \/>\n102 SPRUCE STREET<\/p>\n<p>LA JARA, CO 81140<\/p>\n<p>719-274-4220<\/p>\n<p><a href=\"https:\/\/north.co.schoolwebpages.com\/education\/components\/scrapbook\/default.php?sectiondetailid=1188&amp;\" target=\"_blank\" rel=\"noopener\">https:\/\/north.co.schoolwebpages.com\/education\/components\/scrapbook\/default.php?sectiondetailid=1188&amp;<\/a><\/p>\n<p>School District: NORTH CONEJOS RE-1J<br \/>\nCounty: CONEJOS<\/p>\n<p>Grades: 9, 10, 11, 12<\/p>\n<p><strong>PEAK VIRTUAL ACADEMY<\/strong><\/p>\n<p><strong>*Only available for students residing in Montrose County RE-1J. <\/strong><br \/>\n930 COLORADO AVENUE<\/p>\n<p>MONTROSE, CO 81402<\/p>\n<p>970-249-7726<br \/>\n<a href=\"https:\/\/montrosesd.schoolfusion.us\/modules\/cms\/pages.phtml?pageid=237322&amp;sessionid=75ca0ba050a935b97792b340977dc165&amp;sessionid=75ca0ba050a935b97792b340977dc165\" target=\"_blank\" rel=\"noopener\">https:\/\/montrosesd.schoolfusion.us\/modules\/cms\/pages.phtml?pageid=237322&amp;sessionid=75ca0ba050a935b97792b340977dc165&amp;sessionid=75ca0ba050a935b97792b340977dc165<\/a><\/p>\n<p>School District: MONTROSE COUNTY RE-1J<\/p>\n<p>County: MONTROSE<br \/>\nGrades: K, 1, 2, 3, 4, 5, 6, 7, 8, 9, 10, 11, 12<\/p>\n<p><strong>PROVOST ACADEMY COLORADO<\/strong><\/p>\n<p><strong>*Available to students statewide. <\/strong><\/p>\n<p>7730 E. BELLEVIEW AVENUE, SUITE AG-9<\/p>\n<p>GREENWOOD VILLAGE, CO 80111<br \/>\n888-472-2656<\/p>\n<p><a href=\"https:\/\/co.provostacademy.com\/\" target=\"_blank\" rel=\"noopener\">https:\/\/co.provostacademy.com\/<\/a><\/p>\n<p>School District: CHARTER SCHOOL INSTITUTE<\/p>\n<p>County: DENVER<br \/>\nGrades: 9, 10, 11, 12<\/p>\n<p><strong>PSD GLOBAL ACADEMY <\/strong><br \/>\n<strong>*Available to students statewide. <\/strong><br \/>\n703 EAST PROSPECT ROAD<br \/>\nFORT COLLINS, CO 80525<br \/>\n970-490-3069<br \/>\n<a href=\"https:\/\/pga.psdschools.org\/\" target=\"_blank\" rel=\"noopener\">https:\/\/pga.psdschools.org\/<\/a><\/p>\n<p>School District: POUDRE R-1<br \/>\nCounty: LARIMER<br \/>\nGrades: K, 1, 2, 3, 4, 5, 6, 7, 8, 9, 10, 11, 12<\/p>\n<p><strong>RIDGE ACADEMY<\/strong><\/p>\n<p>*Only available tuition-free for students residing in Pueblo City 60 School District.<\/p>\n<p>216 E. ORMAN AVENUE<\/p>\n<p>PUEBLO, CO 81004<\/p>\n<p>719-423-3970<\/p>\n<p><a href=\"https:\/\/ridge.pueblocityschools.us\/\" target=\"_blank\" rel=\"noopener\">https:\/\/ridge.pueblocityschools.us\/<\/a><\/p>\n<p>School District: PUEBLO CITY 60<\/p>\n<p>County: PUEBLO<\/p>\n<p>Grades: 11, 12<\/p>\n<p><strong>SOUTH PARK ONLINE<br \/>\n*Only available for students residing in Park County RE-2. <\/strong><br \/>\n640 HATHAWAY STREET<\/p>\n<p>FAIRPLAY, CO 80440<br \/>\n719-836-4410<br \/>\n<a href=\"https:\/\/www.parkcountyre2.org\/SitePages\/Home.aspx\">https:\/\/www.parkcountyre2.org\/SitePages\/Home.aspx<\/a><\/p>\n<p>School District: PARK COUNTY RE-2<br \/>\nCounty: PARK<br \/>\nGrades: 9, 10, 11, 12<\/p>\n<p><strong>SOUTHWEST COLORADO eSCHOOL<br \/>\n*Only available for students residing in Archuleta, Dolores, La Plata, Montezuma or San Juan counties. <\/strong><br \/>\n201 EAST 12TH STREET<\/p>\n<p>DURANGO, CO 81301<br \/>\n970-403-0946<\/p>\n<p><a href=\"https:\/\/www.southwestcoloradoeschool.org\/pages\/southwestcoloradoeschool\">https:\/\/www.southwestcoloradoeschool.org\/pages\/southwestcoloradoeschool<\/a><\/p>\n<p>School District: SAN JUAN BOCES<br \/>\nCounty: Archuleta, Dolores, La Plata, Montezuma or San Juan<br \/>\nGrades: 9, 10, 11, 12<\/p>\n<p><strong>ST. VRAIN GLOBAL ONLINE ACADEMY <\/strong><\/p>\n<p><strong>*Only available for students residing in St. Vrain School District. <\/strong><\/p>\n<p>1200 S. SUNSET STREET<\/p>\n<p>LONGMONT, CO 80501<\/p>\n<p>303-702-7548<\/p>\n<p><a href=\"https:\/\/www.stvrain.k12.co.us\/schools\/svgoa\/\" target=\"_blank\" rel=\"noopener\">https:\/\/www.stvrain.k12.co.us\/schools\/svgoa\/<\/a><\/p>\n<p>School District: ST VRAIN RE 1J<\/p>\n<p>County: BOULDER<\/p>\n<p>Grades: 10, 11, 12<\/p>\n<p><strong>THOMPSON ONLINE<\/strong><\/p>\n<p>*Available to students statewide.<\/p>\n<p>2605 CARLISLE DRIVE<\/p>\n<p>LOVELAND, CO 80537<\/p>\n<p>970-613-5132<\/p>\n<p><a href=\"https:\/\/www.thompson.k12.co.us\/Schools\/thompson-online.html\" target=\"_blank\" rel=\"noopener\">https:\/\/www.thompson.k12.co.us\/Schools\/thompson-online.html<\/a><\/p>\n<p>School District: THOMPSON R-2J<\/p>\n<p>County: LARIMER<\/p>\n<p>Grades: K, 1, 2, 3, 4, 5, 6, 7, 8, 9, 10, 11, 12<\/p>\n<p><strong>TIGERS ONLINE PROGRAM<br \/>\n*Only available for students residing in the East Otero School District R-1. <\/strong><br \/>\n1802 COLORADO AVENUE, SUITE 200<\/p>\n<p>LA JUNTA, CO 81050<br \/>\n719-384-4467<br \/>\n<a href=\"https:\/\/www.lajuntaschools.org\/\">https:\/\/www.lajuntaschools.org\/<\/a><\/p>\n<p>School District: EAST OTERO R-1<br \/>\nCounty: OTERO<br \/>\nGrades: 7, 8, 9, 10, 11, 12<\/p>\n<p><strong>TRINIDAD ONLINE<br \/>\n*Only available for students residing in the Trinidad 1 School District. <\/strong><br \/>\n816 WEST STREET<\/p>\n<p>TRINIDAD, CO 81082<br \/>\n719-846-2971<br \/>\n<a href=\"https:\/\/tsd1.org\/\">https:\/\/tsd1.org\/<\/a><\/p>\n<p>School District: TRINIDAD 1<br \/>\nCounty: LAS ANIMAS<br \/>\nGrades: 9, 10, 11, 12<\/p>\n<p><strong>VILAS ONLINE SCHOOL<\/strong><\/p>\n<p>*Available to students statewide.<\/p>\n<p>105 WEST MAPLE<br \/>\nVILAS, CO 81087<\/p>\n<p>866-539-4941<br \/>\n<a href=\"https:\/\/www.vilasonline.org\/\" target=\"_blank\" rel=\"noopener\">https:\/\/www.vilasonline.org\/<\/a><\/p>\n<p>School District: VILAS RE-5<br \/>\nCounty: BACA<br \/>\nGrades: K, 1, 2, 3, 4, 5, 6, 7, 8, 9, 10, 11, 12<\/p>\n<p><strong>VIRTUAL VILLAGE (LAKE GEORGE CHARTER SCHOOL)<br \/>\n*Only available for students residing in Park County RE-2. <\/strong><br \/>\n37888 US HIGHWAY 24<\/p>\n<p>LAKE GEORGE, CO 80827<br \/>\n719-748-3911<br \/>\n<a href=\"https:\/\/www.lakegeorgecharterschool.org\/\">https:\/\/www.lakegeorgecharterschool.org\/<\/a><\/p>\n<p>School District: PARK COUNTY RE-2<br \/>\nCounty: PARK<br \/>\nGrades: K, 1, 2, 3, 4, 5, 6, 7, 8<\/p>\n<p><strong>WOODLAND PARK ONLINE PROGRAM<br \/>\n*Only available for students residing in Woodland Park RE-2. <\/strong><br \/>\n101 NORTH BALDWIN<\/p>\n<p>WOODLAND PARK, CO 80866<br \/>\n719-686-2051<br \/>\n<a href=\"https:\/\/www.wpsdk12.org\/index.php\/schools\/cottageonline.html\">https:\/\/www.wpsdk12.org\/index.php\/schools\/cottageonline.html<\/a><\/p>\n<p>School District: WOODLAND PARK RE-2<br \/>\nCounty: TELLER<br \/>\nGrades: K, 1, 2, 3, 4, 5, 6, 7, 8, 9, 10, 11, 12<\/p>\n<p><strong>WORLD ACADEMY<br \/>\n*Only available for students residing in Eagle County RE 50. <\/strong><br \/>\nP. O. BOX 740<br \/>\nEAGLE, CO 81631<br \/>\n970-328-2850<\/p>\n<p><a href=\"https:\/\/eagleschools.net\/\">https:\/\/eagleschools.net\/<\/a><\/p>\n<p>School District: EAGLE COUNTY RE 50<br \/>\nCounty: EAGLE<br \/>\nGrades: K, 1, 2, 3, 4, 5, 6, 7, 8, 9, 10, 11, 12<\/p>\n<\/div><\/section>\n","protected":false},"excerpt":{"rendered":"","protected":false},"author":2,"featured_media":0,"parent":0,"menu_order":0,"comment_status":"closed","ping_status":"closed","template":"","meta":{"_monsterinsights_skip_tracking":false,"_monsterinsights_sitenote_active":false,"_monsterinsights_sitenote_note":"","_monsterinsights_sitenote_category":0,"footnotes":""},"class_list":["post-546","page","type-page","status-publish","hentry"],"_links":{"self":[{"href":"https:\/\/schoolchoiceforkids.org\/es\/wp-json\/wp\/v2\/pages\/546","targetHints":{"allow":["GET"]}}],"collection":[{"href":"https:\/\/schoolchoiceforkids.org\/es\/wp-json\/wp\/v2\/pages"}],"about":[{"href":"https:\/\/schoolchoiceforkids.org\/es\/wp-json\/wp\/v2\/types\/page"}],"author":[{"embeddable":true,"href":"https:\/\/schoolchoiceforkids.org\/es\/wp-json\/wp\/v2\/users\/2"}],"replies":[{"embeddable":true,"href":"https:\/\/schoolchoiceforkids.org\/es\/wp-json\/wp\/v2\/comments?post=546"}],"version-history":[{"count":0,"href":"https:\/\/schoolchoiceforkids.org\/es\/wp-json\/wp\/v2\/pages\/546\/revisions"}],"wp:attachment":[{"href":"https:\/\/schoolchoiceforkids.org\/es\/wp-json\/wp\/v2\/media?parent=546"}],"curies":[{"name":"wp","href":"https:\/\/api.w.org\/{rel}","templated":true}]}}