{"id":563,"date":"2016-06-09T14:57:17","date_gmt":"2016-06-09T20:57:17","guid":{"rendered":"http:\/\/sc4k.i2i.org\/?page_id=563&#038;lang=es"},"modified":"2022-08-10T18:41:03","modified_gmt":"2022-08-11T00:41:03","slug":"paginas-web-de-matricula-abierta-de-los-distritos-escolares","status":"publish","type":"page","link":"https:\/\/schoolchoiceforkids.org\/es\/paginas-web-de-matricula-abierta-de-los-distritos-escolares\/","title":{"rendered":"P\u00e1ginas Web de Matr\u00edcula Abierta de los Distritos Escolares"},"content":{"rendered":"\n<style type=\"text\/css\" data-created_by=\"avia_inline_auto\" id=\"style-css-av-l6obe3pp-276f33665e2651adf35069f7ffef8766\">\n#top .av-special-heading.av-l6obe3pp-276f33665e2651adf35069f7ffef8766{\npadding-bottom:10px;\n}\nbody .av-special-heading.av-l6obe3pp-276f33665e2651adf35069f7ffef8766 .av-special-heading-tag .heading-char{\nfont-size:25px;\n}\n.av-special-heading.av-l6obe3pp-276f33665e2651adf35069f7ffef8766 .av-subheading{\nfont-size:15px;\n}\n<\/style>\n<div  class='av-special-heading av-l6obe3pp-276f33665e2651adf35069f7ffef8766 av-special-heading-h1 blockquote modern-quote  avia-builder-el-0  el_before_av_textblock  avia-builder-el-first '><h1 class='av-special-heading-tag '  itemprop=\"headline\"  >P\u00e1ginas Web de Matr\u00edcula Abierta de los Distritos Escolares<\/h1><div class=\"special-heading-border\"><div class=\"special-heading-inner-border\"><\/div><\/div><\/div>\n<section  class='av_textblock_section av-l6obdyxc-53ed396622431a50dcd7f46c1991a6a6 '   itemscope=\"itemscope\" itemtype=\"https:\/\/schema.org\/CreativeWork\" ><div class='avia_textblock'  itemprop=\"text\" ><p>Algunos distritos escolares publican informaci\u00f3n en sus p\u00e1ginas de Internet acerca de c\u00f3mo solicitar la matr\u00edcula abierta. Haga clic en el nombre de un distrito escolar para ver la p\u00e1gina Web de matr\u00edcula abierta del distrito. Los estudiantes tienen que aplicar para matr\u00edcula abierta en las escuelas <a href=\"https:\/\/www.schoolchoiceforkids.org\/spanish.php?ID=84\"><em>charter<\/em><\/a>. Investigue con la escuela <em>charter<\/em> por individual para aprender mas acerca de las fechas de matriculaci\u00f3n y del proceso de aplicaci\u00f3n.<\/p>\n<p><a href=\"https:\/\/www.opcionescolarparaninos.org\/esdistrictmaps.php\">Haga clic aqu\u00ed para encontrar mapas de distritos escoles p\u00fablicos de Colorado.<\/a><\/p>\n<ul>\n<li><a href=\"https:\/\/www.asd20.org\/school-choice\/\" target=\"_blank\" rel=\"noopener noreferrer\">Academy 20<\/a><\/li>\n<li><a href=\"https:\/\/www.adams12.org\/programs\/schools-choice\/choice-schools\" target=\"_blank\" rel=\"noopener noreferrer\">Adams 12<\/a><\/li>\n<li><a href=\"https:\/\/adams14.org\/about\/departments\/student-services\/student-records\/enrollment-and-registration\/\" target=\"_blank\" rel=\"noopener noreferrer\">Adams 14<\/a><\/li>\n<li><a href=\"https:\/\/admissions.aurorak12.org\/open-enrollment\/\" target=\"_blank\" rel=\"noopener noreferrer\">Aurora<\/a><\/li>\n<li><a href=\"https:\/\/www.bvsd.org\/openenrollment\/Pages\/default.aspx\" target=\"_blank\" rel=\"noopener noreferrer\">Boulder<\/a><\/li>\n<li><a href=\"https:\/\/www.sd27j.org\/Page\/424\" target=\"_blank\" rel=\"noopener noreferrer\">Brighton 27J<\/a><\/li>\n<li><a href=\"https:\/\/www.cherrycreekschools.org\/domain\/1145\" target=\"_blank\" rel=\"noopener noreferrer\">Cherry Creek<\/a><\/li>\n<li><a href=\"https:\/\/www.cmsd12.org\/district_information\/how_to_enroll\" target=\"_blank\" rel=\"noopener noreferrer\">Cheyenne Mountain 12<\/a><\/li>\n<li><a href=\"https:\/\/www.d11.org\/Page\/308\" target=\"_blank\" rel=\"noopener noreferrer\">Colorado Springs 11<\/a><\/li>\n<li><a href=\"https:\/\/schoolchoice.dpsk12.org\/\" target=\"_blank\" rel=\"noopener noreferrer\">Denver<\/a><\/li>\n<li><a href=\"https:\/\/www.dcsdk12.org\/cms\/one.aspx?pageId=5755186\" target=\"_blank\" rel=\"noopener noreferrer\">Douglas County<\/a><\/li>\n<li><a href=\"https:\/\/www.durangoschools.org\/apps\/pages\/index.jsp?uREC_ID=1463824&amp;type=d&amp;pREC_ID=1619442\" target=\"_blank\" rel=\"noopener noreferrer\">Durango 9-R<\/a><\/li>\n<li><a href=\"https:\/\/www.englewoodschools.net\/our-district\/enroll\" target=\"_blank\" rel=\"noopener noreferrer\">Englewood<\/a><\/li>\n<li><a href=\"https:\/\/www.d49.org\/Page\/70\" target=\"_blank\" rel=\"noopener noreferrer\">Falcon 49<\/a><\/li>\n<li><a href=\"https:\/\/www.ffc8.org\/domain\/38\" target=\"_blank\" rel=\"noopener noreferrer\">Fountain-Fort Carson 8<\/a><\/li>\n<li><a href=\"https:\/\/www.greeleyschools.org\/Domain\/832\" target=\"_blank\" rel=\"noopener noreferrer\">Greeley 6<\/a><\/li>\n<li><a href=\"https:\/\/www.hsd2.org\/Page\/386\" target=\"_blank\" rel=\"noopener noreferrer\">Harrison 2<\/a><\/li>\n<li><a href=\"https:\/\/www.jeffcopublicschools.org\/cms\/One.aspx?portalId=627965&amp;pageId=927232\" target=\"_blank\" rel=\"noopener noreferrer\">Jefferson County<\/a><\/li>\n<li><a href=\"https:\/\/www.lewispalmer.org\/Page\/1361\" target=\"_blank\" rel=\"noopener noreferrer\">Lewis-Palmer 38<\/a><\/li>\n<li><a href=\"https:\/\/littletonpublicschools.net\/how-enroll\" target=\"_blank\" rel=\"noopener noreferrer\">Littleton<\/a><\/li>\n<li><a href=\"https:\/\/www.mssd14.org\/cms\/one.aspx?pageId=164702\" target=\"_blank\" rel=\"noopener noreferrer\">Manitou Springs 14<\/a><\/li>\n<li><a href=\"https:\/\/www.mapleton.us\/Page\/5015\" target=\"_blank\" rel=\"noopener noreferrer\">Mapleton 1<\/a><\/li>\n<li><a href=\"https:\/\/www.d51schools.org\/parents\/enrollment_and_registration\" target=\"_blank\" rel=\"noopener noreferrer\">Mesa County Valley 51<\/a><\/li>\n<li><a href=\"https:\/\/www.mcsd.org\/parents___guardians\/student_registration\" target=\"_blank\" rel=\"noopener noreferrer\">Montrose<\/a><\/li>\n<li><a href=\"https:\/\/www.psdschools.org\/schools\/school-options-choice\" target=\"_blank\" rel=\"noopener noreferrer\">Poudre R-1<\/a><\/li>\n<li><a href=\"https:\/\/www.pueblocityschools.us\/administration\/departments\/student-records-and-reporting\/school-choice-info\" target=\"_blank\" rel=\"noopener noreferrer\">Pueblo 60<\/a><\/li>\n<li><a href=\"https:\/\/www.svvsd.org\/schools\/enrollment-registration\" target=\"_blank\" rel=\"noopener noreferrer\">St. Vrain<\/a><\/li>\n<li><a href=\"https:\/\/www.thompsonschools.org\/Page\/16457\" target=\"_blank\" rel=\"noopener noreferrer\">Thompson<\/a><\/li>\n<li><a href=\"https:\/\/www.wsd3.org\/department\/student-registration\" target=\"_blank\" rel=\"noopener noreferrer\">Widefield 3<\/a><\/li>\n<li><a href=\"https:\/\/weldre4.org\/enroll\" target=\"_blank\" rel=\"noopener noreferrer\">Weld Re-4<\/a><\/li>\n<li><a href=\"https:\/\/www.westminsterpublicschools.org\/Page\/5872\" target=\"_blank\" rel=\"noopener noreferrer\">Westminster<\/a><\/li>\n<\/ul>\n<\/div><\/section>\n","protected":false},"excerpt":{"rendered":"","protected":false},"author":2,"featured_media":0,"parent":0,"menu_order":0,"comment_status":"closed","ping_status":"closed","template":"","meta":{"_monsterinsights_skip_tracking":false,"_monsterinsights_sitenote_active":false,"_monsterinsights_sitenote_note":"","_monsterinsights_sitenote_category":0,"footnotes":""},"class_list":["post-563","page","type-page","status-publish","hentry"],"_links":{"self":[{"href":"https:\/\/schoolchoiceforkids.org\/es\/wp-json\/wp\/v2\/pages\/563","targetHints":{"allow":["GET"]}}],"collection":[{"href":"https:\/\/schoolchoiceforkids.org\/es\/wp-json\/wp\/v2\/pages"}],"about":[{"href":"https:\/\/schoolchoiceforkids.org\/es\/wp-json\/wp\/v2\/types\/page"}],"author":[{"embeddable":true,"href":"https:\/\/schoolchoiceforkids.org\/es\/wp-json\/wp\/v2\/users\/2"}],"replies":[{"embeddable":true,"href":"https:\/\/schoolchoiceforkids.org\/es\/wp-json\/wp\/v2\/comments?post=563"}],"version-history":[{"count":0,"href":"https:\/\/schoolchoiceforkids.org\/es\/wp-json\/wp\/v2\/pages\/563\/revisions"}],"wp:attachment":[{"href":"https:\/\/schoolchoiceforkids.org\/es\/wp-json\/wp\/v2\/media?parent=563"}],"curies":[{"name":"wp","href":"https:\/\/api.w.org\/{rel}","templated":true}]}}