{"id":576,"date":"2016-06-09T15:27:35","date_gmt":"2016-06-09T21:27:35","guid":{"rendered":"http:\/\/sc4k.i2i.org\/?page_id=576&#038;lang=es"},"modified":"2022-08-10T19:00:12","modified_gmt":"2022-08-11T01:00:12","slug":"southeast-sureste","status":"publish","type":"page","link":"https:\/\/schoolchoiceforkids.org\/es\/southeast-sureste\/","title":{"rendered":"Southeast (Sureste)"},"content":{"rendered":"\n<style type=\"text\/css\" data-created_by=\"avia_inline_auto\" id=\"style-css-av-l6oc2pg9-fb6de0f63660201e7a292f78f21aac9a\">\n#top .av-special-heading.av-l6oc2pg9-fb6de0f63660201e7a292f78f21aac9a{\npadding-bottom:10px;\n}\nbody .av-special-heading.av-l6oc2pg9-fb6de0f63660201e7a292f78f21aac9a .av-special-heading-tag .heading-char{\nfont-size:25px;\n}\n.av-special-heading.av-l6oc2pg9-fb6de0f63660201e7a292f78f21aac9a .av-subheading{\nfont-size:15px;\n}\n<\/style>\n<div  class='av-special-heading av-l6oc2pg9-fb6de0f63660201e7a292f78f21aac9a av-special-heading-h1 blockquote modern-quote  avia-builder-el-0  el_before_av_textblock  avia-builder-el-first '><h1 class='av-special-heading-tag '  itemprop=\"headline\"  >Southeast (Sureste)<\/h1><div class=\"special-heading-border\"><div class=\"special-heading-inner-border\"><\/div><\/div><\/div>\n<section  class='av_textblock_section av-l6oc2haj-c2a3edbe5d6eb88fc259ba4c5dd00d42 '   itemscope=\"itemscope\" itemtype=\"https:\/\/schema.org\/CreativeWork\" ><div class='avia_textblock'  itemprop=\"text\" ><p><a href=\"https:\/\/www.opcionescolarparaninos.org\/esdistrictmaps.php\">Haga clic aqu\u00ed para encontrar mapas de distritos escoles p\u00fablicos de Colorado.<\/a><\/p>\n<h5><em> Mapa de las regiones de educaci\u00f3n de Colorado. Cortes\u00eda del Departamento de educaci\u00f3n de Colorado.<\/em><\/h5>\n<h4>Southeast (Sureste)<\/h4>\n<table class=\"MsoNormalTable\" style=\"width: 5.5in; margin-left: 4.65pt; border-collapse: collapse;\" border=\"1\" width=\"528\" cellspacing=\"0\" cellpadding=\"0\">\n<tbody>\n<tr style=\"height: 12.75pt;\">\n<td style=\"border-style: double solid solid double; border-color: windowtext; border-width: 1.5pt 1pt 1pt 1.5pt; padding: 0in 5.4pt; width: 2.75in; height: 12.75pt;\" valign=\"bottom\" width=\"264\">\n<p class=\"MsoNormal\"><strong><span style=\"font-size: 10pt; font-family: Arial;\">CIUDAD<\/span><\/strong><\/p>\n<\/td>\n<td style=\"border-style: double double solid none; border-color: windowtext windowtext windowtext -moz-use-text-color; border-width: 1.5pt 1.5pt 1pt medium; padding: 0in 5.4pt; width: 2.75in; height: 12.75pt;\" valign=\"bottom\" width=\"264\">\n<p class=\"MsoNormal\"><strong><span style=\"font-size: 10pt; font-family: Arial;\">DISTRITO ESCOLAR<\/span><\/strong><\/p>\n<\/td>\n<\/tr>\n<tr style=\"height: 12.75pt;\">\n<td style=\"border-style: none solid solid double; border-color: -moz-use-text-color windowtext windowtext; border-width: medium 1pt 1pt 1.5pt; padding: 0in 5.4pt; width: 2.75in; height: 12.75pt;\" valign=\"bottom\" width=\"264\">\n<p class=\"MsoNormal\"><span style=\"font-size: 10pt; font-family: Arial;\">AGUILAR<\/span><\/p>\n<\/td>\n<td style=\"border-style: none double solid none; border-color: -moz-use-text-color windowtext windowtext -moz-use-text-color; border-width: medium 1.5pt 1pt medium; padding: 0in 5.4pt; width: 2.75in; height: 12.75pt;\" valign=\"bottom\" width=\"264\">\n<p class=\"MsoNormal\"><span style=\"font-size: 10pt; font-family: Arial;\">AGUILAR RE-6<\/span><\/p>\n<\/td>\n<\/tr>\n<tr style=\"height: 12.75pt;\">\n<td style=\"border-style: none solid solid double; border-color: -moz-use-text-color windowtext windowtext; border-width: medium 1pt 1pt 1.5pt; padding: 0in 5.4pt; width: 2.75in; height: 12.75pt;\" valign=\"bottom\" width=\"264\">\n<p class=\"MsoNormal\"><span style=\"font-size: 10pt; font-family: Arial;\">BRANSON<\/span><\/p>\n<\/td>\n<td style=\"border-style: none double solid none; border-color: -moz-use-text-color windowtext windowtext -moz-use-text-color; border-width: medium 1.5pt 1pt medium; padding: 0in 5.4pt; width: 2.75in; height: 12.75pt;\" valign=\"bottom\" width=\"264\">\n<p class=\"MsoNormal\"><span style=\"font-size: 10pt; font-family: Arial;\">BRANSON REORGANIZED 82<\/span><\/p>\n<\/td>\n<\/tr>\n<tr style=\"height: 12.75pt;\">\n<td style=\"border-style: none solid solid double; border-color: -moz-use-text-color windowtext windowtext; border-width: medium 1pt 1pt 1.5pt; padding: 0in 5.4pt; width: 2.75in; height: 12.75pt;\" valign=\"bottom\" width=\"264\">\n<p class=\"MsoNormal\"><span style=\"font-size: 10pt; font-family: Arial;\">CAMPO<\/span><\/p>\n<\/td>\n<td style=\"border-style: none double solid none; border-color: -moz-use-text-color windowtext windowtext -moz-use-text-color; border-width: medium 1.5pt 1pt medium; padding: 0in 5.4pt; width: 2.75in; height: 12.75pt;\" valign=\"bottom\" width=\"264\">\n<p class=\"MsoNormal\"><span style=\"font-size: 10pt; font-family: Arial;\">CAMPO RE-6<\/span><\/p>\n<\/td>\n<\/tr>\n<tr style=\"height: 12.75pt;\">\n<td style=\"border-style: none solid solid double; border-color: -moz-use-text-color windowtext windowtext; border-width: medium 1pt 1pt 1.5pt; padding: 0in 5.4pt; width: 2.75in; height: 12.75pt;\" valign=\"bottom\" width=\"264\">\n<p class=\"MsoNormal\"><span style=\"font-size: 10pt; font-family: Arial;\">CENTENNIAL<\/span><\/p>\n<\/td>\n<td style=\"border-style: none double solid none; border-color: -moz-use-text-color windowtext windowtext -moz-use-text-color; border-width: medium 1.5pt 1pt medium; padding: 0in 5.4pt; width: 2.75in; height: 12.75pt;\" valign=\"bottom\" width=\"264\">\n<p class=\"MsoNormal\"><span style=\"font-size: 10pt; font-family: Arial;\">VILAS RE-5<\/span><\/p>\n<\/td>\n<\/tr>\n<tr style=\"height: 12.75pt;\">\n<td style=\"border-style: none solid solid double; border-color: -moz-use-text-color windowtext windowtext; border-width: medium 1pt 1pt 1.5pt; padding: 0in 5.4pt; width: 2.75in; height: 12.75pt;\" valign=\"bottom\" width=\"264\">\n<p class=\"MsoNormal\"><span style=\"font-size: 10pt; font-family: Arial;\">CHERAW<\/span><\/p>\n<\/td>\n<td style=\"border-style: none double solid none; border-color: -moz-use-text-color windowtext windowtext -moz-use-text-color; border-width: medium 1.5pt 1pt medium; padding: 0in 5.4pt; width: 2.75in; height: 12.75pt;\" valign=\"bottom\" width=\"264\">\n<p class=\"MsoNormal\"><span style=\"font-size: 10pt; font-family: Arial;\">CHERAW 31<\/span><\/p>\n<\/td>\n<\/tr>\n<tr style=\"height: 12.75pt;\">\n<td style=\"border-style: none solid solid double; border-color: -moz-use-text-color windowtext windowtext; border-width: medium 1pt 1pt 1.5pt; padding: 0in 5.4pt; width: 2.75in; height: 12.75pt;\" valign=\"bottom\" width=\"264\">\n<p class=\"MsoNormal\"><span style=\"font-size: 10pt; font-family: Arial;\">DENVER<\/span><\/p>\n<\/td>\n<td style=\"border-style: none double solid none; border-color: -moz-use-text-color windowtext windowtext -moz-use-text-color; border-width: medium 1.5pt 1pt medium; padding: 0in 5.4pt; width: 2.75in; height: 12.75pt;\" valign=\"bottom\" width=\"264\">\n<p class=\"MsoNormal\"><span style=\"font-size: 10pt; font-family: Arial;\">VILAS RE-5<\/span><\/p>\n<\/td>\n<\/tr>\n<tr style=\"height: 12.75pt;\">\n<td style=\"border-style: none solid solid double; border-color: -moz-use-text-color windowtext windowtext; border-width: medium 1pt 1pt 1.5pt; padding: 0in 5.4pt; width: 2.75in; height: 12.75pt;\" valign=\"bottom\" width=\"264\">\n<p class=\"MsoNormal\"><span style=\"font-size: 10pt; font-family: Arial;\">EADS<\/span><\/p>\n<\/td>\n<td style=\"border-style: none double solid none; border-color: -moz-use-text-color windowtext windowtext -moz-use-text-color; border-width: medium 1.5pt 1pt medium; padding: 0in 5.4pt; width: 2.75in; height: 12.75pt;\" valign=\"bottom\" width=\"264\">\n<p class=\"MsoNormal\"><span style=\"font-size: 10pt; font-family: Arial;\">EADS RE-1<\/span><\/p>\n<\/td>\n<\/tr>\n<tr style=\"height: 12.75pt;\">\n<td style=\"border-style: none solid solid double; border-color: -moz-use-text-color windowtext windowtext; border-width: medium 1pt 1pt 1.5pt; padding: 0in 5.4pt; width: 2.75in; height: 12.75pt;\" valign=\"bottom\" width=\"264\">\n<p class=\"MsoNormal\"><span style=\"font-size: 10pt; font-family: Arial;\">FOWLER<\/span><\/p>\n<\/td>\n<td style=\"border-style: none double solid none; border-color: -moz-use-text-color windowtext windowtext -moz-use-text-color; border-width: medium 1.5pt 1pt medium; padding: 0in 5.4pt; width: 2.75in; height: 12.75pt;\" valign=\"bottom\" width=\"264\">\n<p class=\"MsoNormal\"><span style=\"font-size: 10pt; font-family: Arial;\">FOWLER R-4J<\/span><\/p>\n<\/td>\n<\/tr>\n<tr style=\"height: 12.75pt;\">\n<td style=\"border-style: none solid solid double; border-color: -moz-use-text-color windowtext windowtext; border-width: medium 1pt 1pt 1.5pt; padding: 0in 5.4pt; width: 2.75in; height: 12.75pt;\" valign=\"bottom\" width=\"264\">\n<p class=\"MsoNormal\"><span style=\"font-size: 10pt; font-family: Arial;\">GARDNER<\/span><\/p>\n<\/td>\n<td style=\"border-style: none double solid none; border-color: -moz-use-text-color windowtext windowtext -moz-use-text-color; border-width: medium 1.5pt 1pt medium; padding: 0in 5.4pt; width: 2.75in; height: 12.75pt;\" valign=\"bottom\" width=\"264\">\n<p class=\"MsoNormal\"><span style=\"font-size: 10pt; font-family: Arial;\">HUERFANO RE-1<\/span><\/p>\n<\/td>\n<\/tr>\n<tr style=\"height: 12.75pt;\">\n<td style=\"border-style: none solid solid double; border-color: -moz-use-text-color windowtext windowtext; border-width: medium 1pt 1pt 1.5pt; padding: 0in 5.4pt; width: 2.75in; height: 12.75pt;\" valign=\"bottom\" width=\"264\">\n<p class=\"MsoNormal\"><span style=\"font-size: 10pt; font-family: Arial;\">GRANADA<\/span><\/p>\n<\/td>\n<td style=\"border-style: none double solid none; border-color: -moz-use-text-color windowtext windowtext -moz-use-text-color; border-width: medium 1.5pt 1pt medium; padding: 0in 5.4pt; width: 2.75in; height: 12.75pt;\" valign=\"bottom\" width=\"264\">\n<p class=\"MsoNormal\"><span style=\"font-size: 10pt; font-family: Arial;\">GRANADA<\/span><span style=\"font-size: 10pt; font-family: Arial;\"> RE-1<\/span><\/p>\n<\/td>\n<\/tr>\n<tr style=\"height: 12.75pt;\">\n<td style=\"border-style: none solid solid double; border-color: -moz-use-text-color windowtext windowtext; border-width: medium 1pt 1pt 1.5pt; padding: 0in 5.4pt; width: 2.75in; height: 12.75pt;\" valign=\"bottom\" width=\"264\">\n<p class=\"MsoNormal\"><span style=\"font-size: 10pt; font-family: Arial;\">HOEHNE<\/span><\/p>\n<\/td>\n<td style=\"border-style: none double solid none; border-color: -moz-use-text-color windowtext windowtext -moz-use-text-color; border-width: medium 1.5pt 1pt medium; padding: 0in 5.4pt; width: 2.75in; height: 12.75pt;\" valign=\"bottom\" width=\"264\">\n<p class=\"MsoNormal\"><span style=\"font-size: 10pt; font-family: Arial;\">HOEHNE REORGANIZED 3<\/span><\/p>\n<\/td>\n<\/tr>\n<tr style=\"height: 12.75pt;\">\n<td style=\"border-style: none solid solid double; border-color: -moz-use-text-color windowtext windowtext; border-width: medium 1pt 1pt 1.5pt; padding: 0in 5.4pt; width: 2.75in; height: 12.75pt;\" valign=\"bottom\" width=\"264\">\n<p class=\"MsoNormal\"><span style=\"font-size: 10pt; font-family: Arial;\">HOLLY<\/span><\/p>\n<\/td>\n<td style=\"border-style: none double solid none; border-color: -moz-use-text-color windowtext windowtext -moz-use-text-color; border-width: medium 1.5pt 1pt medium; padding: 0in 5.4pt; width: 2.75in; height: 12.75pt;\" valign=\"bottom\" width=\"264\">\n<p class=\"MsoNormal\"><span style=\"font-size: 10pt; font-family: Arial;\">HOLLY RE-3<\/span><\/p>\n<\/td>\n<\/tr>\n<tr style=\"height: 12.75pt;\">\n<td style=\"border-style: none solid solid double; border-color: -moz-use-text-color windowtext windowtext; border-width: medium 1pt 1pt 1.5pt; padding: 0in 5.4pt; width: 2.75in; height: 12.75pt;\" valign=\"bottom\" width=\"264\">\n<p class=\"MsoNormal\"><span style=\"font-size: 10pt; font-family: Arial;\">KIM<\/span><\/p>\n<\/td>\n<td style=\"border-style: none double solid none; border-color: -moz-use-text-color windowtext windowtext -moz-use-text-color; border-width: medium 1.5pt 1pt medium; padding: 0in 5.4pt; width: 2.75in; height: 12.75pt;\" valign=\"bottom\" width=\"264\">\n<p class=\"MsoNormal\"><span style=\"font-size: 10pt; font-family: Arial;\">KIM REORGANIZED 88<\/span><\/p>\n<\/td>\n<\/tr>\n<tr style=\"height: 12.75pt;\">\n<td style=\"border-style: none solid solid double; border-color: -moz-use-text-color windowtext windowtext; border-width: medium 1pt 1pt 1.5pt; padding: 0in 5.4pt; width: 2.75in; height: 12.75pt;\" valign=\"bottom\" width=\"264\">\n<p class=\"MsoNormal\"><span style=\"font-size: 10pt; font-family: Arial;\">LA JUNTA<\/span><\/p>\n<\/td>\n<td style=\"border-style: none double solid none; border-color: -moz-use-text-color windowtext windowtext -moz-use-text-color; border-width: medium 1.5pt 1pt medium; padding: 0in 5.4pt; width: 2.75in; height: 12.75pt;\" valign=\"bottom\" width=\"264\">\n<p class=\"MsoNormal\"><span style=\"font-size: 10pt; font-family: Arial;\">EAST OTERO<\/span><span style=\"font-size: 10pt; font-family: Arial;\"> R-1<\/span><\/p>\n<\/td>\n<\/tr>\n<tr style=\"height: 12.75pt;\">\n<td style=\"border-style: none solid solid double; border-color: -moz-use-text-color windowtext windowtext; border-width: medium 1pt 1pt 1.5pt; padding: 0in 5.4pt; width: 2.75in; height: 12.75pt;\" valign=\"bottom\" width=\"264\">\n<p class=\"MsoNormal\"><span style=\"font-size: 10pt; font-family: Arial;\">LA VETA<\/span><\/p>\n<\/td>\n<td style=\"border-style: none double solid none; border-color: -moz-use-text-color windowtext windowtext -moz-use-text-color; border-width: medium 1.5pt 1pt medium; padding: 0in 5.4pt; width: 2.75in; height: 12.75pt;\" valign=\"bottom\" width=\"264\">\n<p class=\"MsoNormal\"><span style=\"font-size: 10pt; font-family: Arial;\">LA VETA RE-2<\/span><\/p>\n<\/td>\n<\/tr>\n<tr style=\"height: 12.75pt;\">\n<td style=\"border-style: none solid solid double; border-color: -moz-use-text-color windowtext windowtext; border-width: medium 1pt 1pt 1.5pt; padding: 0in 5.4pt; width: 2.75in; height: 12.75pt;\" valign=\"bottom\" width=\"264\">\n<p class=\"MsoNormal\"><span style=\"font-size: 10pt; font-family: Arial;\">LAMAR<\/span><\/p>\n<\/td>\n<td style=\"border-style: none double solid none; border-color: -moz-use-text-color windowtext windowtext -moz-use-text-color; border-width: medium 1.5pt 1pt medium; padding: 0in 5.4pt; width: 2.75in; height: 12.75pt;\" valign=\"bottom\" width=\"264\">\n<p class=\"MsoNormal\"><span style=\"font-size: 10pt; font-family: Arial;\">LAMAR RE-2<\/span><\/p>\n<\/td>\n<\/tr>\n<tr style=\"height: 12.75pt;\">\n<td style=\"border-style: none solid solid double; border-color: -moz-use-text-color windowtext windowtext; border-width: medium 1pt 1pt 1.5pt; padding: 0in 5.4pt; width: 2.75in; height: 12.75pt;\" valign=\"bottom\" width=\"264\">\n<p class=\"MsoNormal\"><span style=\"font-size: 10pt; font-family: Arial;\">LAS ANIMAS<\/span><\/p>\n<\/td>\n<td style=\"border-style: none double solid none; border-color: -moz-use-text-color windowtext windowtext -moz-use-text-color; border-width: medium 1.5pt 1pt medium; padding: 0in 5.4pt; width: 2.75in; height: 12.75pt;\" valign=\"bottom\" width=\"264\">\n<p class=\"MsoNormal\"><span style=\"font-size: 10pt; font-family: Arial;\">LAS ANIMAS RE-1<\/span><\/p>\n<\/td>\n<\/tr>\n<tr style=\"height: 12.75pt;\">\n<td style=\"border-style: none solid solid double; border-color: -moz-use-text-color windowtext windowtext; border-width: medium 1pt 1pt 1.5pt; padding: 0in 5.4pt; width: 2.75in; height: 12.75pt;\" valign=\"bottom\" width=\"264\">\n<p class=\"MsoNormal\"><span style=\"font-size: 10pt; font-family: Arial;\">MANZANOLA<\/span><\/p>\n<\/td>\n<td style=\"border-style: none double solid none; border-color: -moz-use-text-color windowtext windowtext -moz-use-text-color; border-width: medium 1.5pt 1pt medium; padding: 0in 5.4pt; width: 2.75in; height: 12.75pt;\" valign=\"bottom\" width=\"264\">\n<p class=\"MsoNormal\"><span style=\"font-size: 10pt; font-family: Arial;\">MANZANOLA 3J<\/span><\/p>\n<\/td>\n<\/tr>\n<tr style=\"height: 12.75pt;\">\n<td style=\"border-style: none solid solid double; border-color: -moz-use-text-color windowtext windowtext; border-width: medium 1pt 1pt 1.5pt; padding: 0in 5.4pt; width: 2.75in; height: 12.75pt;\" valign=\"bottom\" width=\"264\">\n<p class=\"MsoNormal\"><span style=\"font-size: 10pt; font-family: Arial;\">MC CLAVE<\/span><\/p>\n<\/td>\n<td style=\"border-style: none double solid none; border-color: -moz-use-text-color windowtext windowtext -moz-use-text-color; border-width: medium 1.5pt 1pt medium; padding: 0in 5.4pt; width: 2.75in; height: 12.75pt;\" valign=\"bottom\" width=\"264\">\n<p class=\"MsoNormal\"><span style=\"font-size: 10pt; font-family: Arial;\">MC CLAVE RE-2<\/span><\/p>\n<\/td>\n<\/tr>\n<tr style=\"height: 12.75pt;\">\n<td style=\"border-style: none solid solid double; border-color: -moz-use-text-color windowtext windowtext; border-width: medium 1pt 1pt 1.5pt; padding: 0in 5.4pt; width: 2.75in; height: 12.75pt;\" valign=\"bottom\" width=\"264\">\n<p class=\"MsoNormal\"><span style=\"font-size: 10pt; font-family: Arial;\">ORDWAY<\/span><\/p>\n<\/td>\n<td style=\"border-style: none double solid none; border-color: -moz-use-text-color windowtext windowtext -moz-use-text-color; border-width: medium 1.5pt 1pt medium; padding: 0in 5.4pt; width: 2.75in; height: 12.75pt;\" valign=\"bottom\" width=\"264\">\n<p class=\"MsoNormal\"><span style=\"font-size: 10pt; font-family: Arial;\">CROWLEY<\/span><span style=\"font-size: 10pt; font-family: Arial;\"> COUNTY<\/span><span style=\"font-size: 10pt; font-family: Arial;\"> RE 1-J<\/span><\/p>\n<\/td>\n<\/tr>\n<tr style=\"height: 12.75pt;\">\n<td style=\"border-style: none solid solid double; border-color: -moz-use-text-color windowtext windowtext; border-width: medium 1pt 1pt 1.5pt; padding: 0in 5.4pt; width: 2.75in; height: 12.75pt;\" valign=\"bottom\" width=\"264\">\n<p class=\"MsoNormal\"><span style=\"font-size: 10pt; font-family: Arial;\">PRITCHETT<\/span><\/p>\n<\/td>\n<td style=\"border-style: none double solid none; border-color: -moz-use-text-color windowtext windowtext -moz-use-text-color; border-width: medium 1.5pt 1pt medium; padding: 0in 5.4pt; width: 2.75in; height: 12.75pt;\" valign=\"bottom\" width=\"264\">\n<p class=\"MsoNormal\"><span style=\"font-size: 10pt; font-family: Arial;\">PRITCHETT RE-3<\/span><\/p>\n<\/td>\n<\/tr>\n<tr style=\"height: 12.75pt;\">\n<td style=\"border-style: none solid solid double; border-color: -moz-use-text-color windowtext windowtext; border-width: medium 1pt 1pt 1.5pt; padding: 0in 5.4pt; width: 2.75in; height: 12.75pt;\" valign=\"bottom\" width=\"264\">\n<p class=\"MsoNormal\"><span style=\"font-size: 10pt; font-family: Arial;\">ROCKY FORD<\/span><\/p>\n<\/td>\n<td style=\"border-style: none double solid none; border-color: -moz-use-text-color windowtext windowtext -moz-use-text-color; border-width: medium 1.5pt 1pt medium; padding: 0in 5.4pt; width: 2.75in; height: 12.75pt;\" valign=\"bottom\" width=\"264\">\n<p class=\"MsoNormal\"><span style=\"font-size: 10pt; font-family: Arial;\">ROCKY FORD R-2<\/span><\/p>\n<\/td>\n<\/tr>\n<tr style=\"height: 12.75pt;\">\n<td style=\"border-style: none solid solid double; border-color: -moz-use-text-color windowtext windowtext; border-width: medium 1pt 1pt 1.5pt; padding: 0in 5.4pt; width: 2.75in; height: 12.75pt;\" valign=\"bottom\" width=\"264\">\n<p class=\"MsoNormal\"><span style=\"font-size: 10pt; font-family: Arial;\">SHERIDAN<\/span><span style=\"font-size: 10pt; font-family: Arial;\"> LAKE<\/span><\/p>\n<\/td>\n<td style=\"border-style: none double solid none; border-color: -moz-use-text-color windowtext windowtext -moz-use-text-color; border-width: medium 1.5pt 1pt medium; padding: 0in 5.4pt; width: 2.75in; height: 12.75pt;\" valign=\"bottom\" width=\"264\">\n<p class=\"MsoNormal\"><span style=\"font-size: 10pt; font-family: Arial;\">PLAINVIEW<\/span><span style=\"font-size: 10pt; font-family: Arial;\"> RE-2<\/span><\/p>\n<\/td>\n<\/tr>\n<tr style=\"height: 12.75pt;\">\n<td style=\"border-style: none solid solid double; border-color: -moz-use-text-color windowtext windowtext; border-width: medium 1pt 1pt 1.5pt; padding: 0in 5.4pt; width: 2.75in; height: 12.75pt;\" valign=\"bottom\" width=\"264\">\n<p class=\"MsoNormal\"><span style=\"font-size: 10pt; font-family: Arial;\">SPRINGFIELD<\/span><\/p>\n<\/td>\n<td style=\"border-style: none double solid none; border-color: -moz-use-text-color windowtext windowtext -moz-use-text-color; border-width: medium 1.5pt 1pt medium; padding: 0in 5.4pt; width: 2.75in; height: 12.75pt;\" valign=\"bottom\" width=\"264\">\n<p class=\"MsoNormal\"><span style=\"font-size: 10pt; font-family: Arial;\">SPRINGFIELD<\/span><span style=\"font-size: 10pt; font-family: Arial;\"> RE-4<\/span><\/p>\n<\/td>\n<\/tr>\n<tr style=\"height: 12.75pt;\">\n<td style=\"border-style: none solid solid double; border-color: -moz-use-text-color windowtext windowtext; border-width: medium 1pt 1pt 1.5pt; padding: 0in 5.4pt; width: 2.75in; height: 12.75pt;\" valign=\"bottom\" width=\"264\">\n<p class=\"MsoNormal\"><span style=\"font-size: 10pt; font-family: Arial;\">SWINK<\/span><\/p>\n<\/td>\n<td style=\"border-style: none double solid none; border-color: -moz-use-text-color windowtext windowtext -moz-use-text-color; border-width: medium 1.5pt 1pt medium; padding: 0in 5.4pt; width: 2.75in; height: 12.75pt;\" valign=\"bottom\" width=\"264\">\n<p class=\"MsoNormal\"><span style=\"font-size: 10pt; font-family: Arial;\">SWINK 33<\/span><\/p>\n<\/td>\n<\/tr>\n<tr style=\"height: 12.75pt;\">\n<td style=\"border-style: none solid solid double; border-color: -moz-use-text-color windowtext windowtext; border-width: medium 1pt 1pt 1.5pt; padding: 0in 5.4pt; width: 2.75in; height: 12.75pt;\" valign=\"bottom\" width=\"264\">\n<p class=\"MsoNormal\"><span style=\"font-size: 10pt; font-family: Arial;\">TRINIDAD<\/span><\/p>\n<\/td>\n<td style=\"border-style: none double solid none; border-color: -moz-use-text-color windowtext windowtext -moz-use-text-color; border-width: medium 1.5pt 1pt medium; padding: 0in 5.4pt; width: 2.75in; height: 12.75pt;\" valign=\"bottom\" width=\"264\">\n<p class=\"MsoNormal\"><span style=\"font-size: 10pt; font-family: Arial;\">TRINIDAD<\/span><span style=\"font-size: 10pt; font-family: Arial;\"> 1<\/span><\/p>\n<\/td>\n<\/tr>\n<tr style=\"height: 12.75pt;\">\n<td style=\"border-style: none solid solid double; border-color: -moz-use-text-color windowtext windowtext; border-width: medium 1pt 1pt 1.5pt; padding: 0in 5.4pt; width: 2.75in; height: 12.75pt;\" valign=\"bottom\" width=\"264\">\n<p class=\"MsoNormal\"><span style=\"font-size: 10pt; font-family: Arial;\">VILAS<\/span><\/p>\n<\/td>\n<td style=\"border-style: none double solid none; border-color: -moz-use-text-color windowtext windowtext -moz-use-text-color; border-width: medium 1.5pt 1pt medium; padding: 0in 5.4pt; width: 2.75in; height: 12.75pt;\" valign=\"bottom\" width=\"264\">\n<p class=\"MsoNormal\"><span style=\"font-size: 10pt; font-family: Arial;\">VILAS RE-5<\/span><\/p>\n<\/td>\n<\/tr>\n<tr style=\"height: 12.75pt;\">\n<td style=\"border-style: none solid solid double; border-color: -moz-use-text-color windowtext windowtext; border-width: medium 1pt 1pt 1.5pt; padding: 0in 5.4pt; width: 2.75in; height: 12.75pt;\" valign=\"bottom\" width=\"264\">\n<p class=\"MsoNormal\"><span style=\"font-size: 10pt; font-family: Arial;\">WALSENBURG<\/span><\/p>\n<\/td>\n<td style=\"border-style: none double solid none; border-color: -moz-use-text-color windowtext windowtext -moz-use-text-color; border-width: medium 1.5pt 1pt medium; padding: 0in 5.4pt; width: 2.75in; height: 12.75pt;\" valign=\"bottom\" width=\"264\">\n<p class=\"MsoNormal\"><span style=\"font-size: 10pt; font-family: Arial;\">HUERFANO RE-1<\/span><\/p>\n<\/td>\n<\/tr>\n<tr style=\"height: 12.75pt;\">\n<td style=\"border-style: none solid solid double; border-color: -moz-use-text-color windowtext windowtext; border-width: medium 1pt 1pt 1.5pt; padding: 0in 5.4pt; width: 2.75in; height: 12.75pt;\" valign=\"bottom\" width=\"264\">\n<p class=\"MsoNormal\"><span style=\"font-size: 10pt; font-family: Arial;\">WALSH<\/span><\/p>\n<\/td>\n<td style=\"border-style: none double solid none; border-color: -moz-use-text-color windowtext windowtext -moz-use-text-color; border-width: medium 1.5pt 1pt medium; padding: 0in 5.4pt; width: 2.75in; height: 12.75pt;\" valign=\"bottom\" width=\"264\">\n<p class=\"MsoNormal\"><span style=\"font-size: 10pt; font-family: Arial;\">WALSH RE-1<\/span><\/p>\n<\/td>\n<\/tr>\n<tr style=\"height: 12.75pt;\">\n<td style=\"border-style: none solid solid double; border-color: -moz-use-text-color windowtext windowtext; border-width: medium 1pt 1pt 1.5pt; padding: 0in 5.4pt; width: 2.75in; height: 12.75pt;\" valign=\"bottom\" width=\"264\">\n<p class=\"MsoNormal\"><span style=\"font-size: 10pt; font-family: Arial;\">WESTON<\/span><\/p>\n<\/td>\n<td style=\"border-style: none double solid none; border-color: -moz-use-text-color windowtext windowtext -moz-use-text-color; border-width: medium 1.5pt 1pt medium; padding: 0in 5.4pt; width: 2.75in; height: 12.75pt;\" valign=\"bottom\" width=\"264\">\n<p class=\"MsoNormal\"><span style=\"font-size: 10pt; font-family: Arial;\">PRIMERO REORGANIZED 2<\/span><\/p>\n<\/td>\n<\/tr>\n<tr style=\"height: 12.75pt;\">\n<td style=\"border-style: none solid double double; border-color: -moz-use-text-color windowtext windowtext; border-width: medium 1pt 1.5pt 1.5pt; padding: 0in 5.4pt; width: 2.75in; height: 12.75pt;\" valign=\"bottom\" width=\"264\">\n<p class=\"MsoNormal\"><span style=\"font-size: 10pt; font-family: Arial;\">WILEY<\/span><\/p>\n<\/td>\n<td style=\"border-style: none double double none; border-color: -moz-use-text-color windowtext windowtext -moz-use-text-color; border-width: medium 1.5pt 1.5pt medium; padding: 0in 5.4pt; width: 2.75in; height: 12.75pt;\" valign=\"bottom\" width=\"264\">\n<p class=\"MsoNormal\"><span style=\"font-size: 10pt; font-family: Arial;\">WILEY RE-13 JT<\/span><\/p>\n<\/td>\n<\/tr>\n<\/tbody>\n<\/table>\n<p><a href=\"https:\/\/www.opcionescolarparaninos.org\/esdistrictmaps.php\">Haga clic aqu\u00ed para encontrar mapas de distritos escoles p\u00fablicos de Colorado.<\/a><\/p>\n<\/div><\/section>\n","protected":false},"excerpt":{"rendered":"","protected":false},"author":2,"featured_media":0,"parent":0,"menu_order":0,"comment_status":"closed","ping_status":"closed","template":"","meta":{"_monsterinsights_skip_tracking":false,"_monsterinsights_sitenote_active":false,"_monsterinsights_sitenote_note":"","_monsterinsights_sitenote_category":0,"footnotes":""},"class_list":["post-576","page","type-page","status-publish","hentry"],"_links":{"self":[{"href":"https:\/\/schoolchoiceforkids.org\/es\/wp-json\/wp\/v2\/pages\/576","targetHints":{"allow":["GET"]}}],"collection":[{"href":"https:\/\/schoolchoiceforkids.org\/es\/wp-json\/wp\/v2\/pages"}],"about":[{"href":"https:\/\/schoolchoiceforkids.org\/es\/wp-json\/wp\/v2\/types\/page"}],"author":[{"embeddable":true,"href":"https:\/\/schoolchoiceforkids.org\/es\/wp-json\/wp\/v2\/users\/2"}],"replies":[{"embeddable":true,"href":"https:\/\/schoolchoiceforkids.org\/es\/wp-json\/wp\/v2\/comments?post=576"}],"version-history":[{"count":0,"href":"https:\/\/schoolchoiceforkids.org\/es\/wp-json\/wp\/v2\/pages\/576\/revisions"}],"wp:attachment":[{"href":"https:\/\/schoolchoiceforkids.org\/es\/wp-json\/wp\/v2\/media?parent=576"}],"curies":[{"name":"wp","href":"https:\/\/api.w.org\/{rel}","templated":true}]}}