{"id":58,"date":"2016-05-26T06:34:48","date_gmt":"2016-05-26T06:34:48","guid":{"rendered":"http:\/\/sc4k.i2i.org\/?page_id=58&#038;lang=es"},"modified":"2022-10-06T16:09:40","modified_gmt":"2022-10-06T22:09:40","slug":"opciones-de-escuelas-publicas","status":"publish","type":"page","link":"https:\/\/schoolchoiceforkids.org\/es\/opciones-de-escuelas-publicas\/","title":{"rendered":"Opciones de escuelas p\u00fablicas"},"content":{"rendered":"\n<style type=\"text\/css\" data-created_by=\"avia_inline_auto\" id=\"style-css-av-l6oanpzr-e381e9f26b049d86db93cf3d19df1057\">\n#top .av-special-heading.av-l6oanpzr-e381e9f26b049d86db93cf3d19df1057{\npadding-bottom:10px;\n}\nbody .av-special-heading.av-l6oanpzr-e381e9f26b049d86db93cf3d19df1057 .av-special-heading-tag .heading-char{\nfont-size:25px;\n}\n.av-special-heading.av-l6oanpzr-e381e9f26b049d86db93cf3d19df1057 .av-subheading{\nfont-size:15px;\n}\n<\/style>\n<div  class='av-special-heading av-l6oanpzr-e381e9f26b049d86db93cf3d19df1057 av-special-heading-h1 blockquote modern-quote  avia-builder-el-0  el_before_av_textblock  avia-builder-el-first '><h1 class='av-special-heading-tag '  itemprop=\"headline\"  >Opciones de escuelas p\u00fablicas<\/h1><div class=\"special-heading-border\"><div class=\"special-heading-inner-border\"><\/div><\/div><\/div>\n<section  class='av_textblock_section av-l6oan794-d7cf6d9ed454de9f85095ffbd40a0027 '   itemscope=\"itemscope\" itemtype=\"https:\/\/schema.org\/CreativeWork\" ><div class='avia_textblock'  itemprop=\"text\" ><p>Los ni\u00f1os de Colorado pueden aplicar para matr\u00edcula abierta en cientos de escuelas p\u00fablicas. Los pasos debajo lo guiar\u00e1n en el proceso de encontrar una escuela p\u00fablica para su hijo\/a.<\/p>\n<p><span style=\"color: #fe6600;\"><strong><a style=\"color: #fe6600;\" href=\"https:\/\/schoolchoiceforkids.org\/es\/preguntas-frecuentes-con-respecto-matricula-abierta\/\">1\u00b0 Paso: Aprenda acerca de matr\u00edcula abierta<\/a><\/strong><\/span><\/p>\n<p><span style=\"color: #fe6600;\"><strong><a style=\"color: #fe6600;\" href=\"https:\/\/schoolchoiceforkids.org\/es\/escoja-la-mejor-escuela-para-su-hijoa\/\">2\u00b0 Paso: Decida qu\u00e9 tipo de escuela ser\u00eda la mejor para su hijo\/a<\/a><\/strong><\/span><\/p>\n<p><span style=\"color: #fe6600;\"><strong><a style=\"color: #fe6600;\" href=\"https:\/\/schoolchoiceforkids.org\/es\/encuentre-una-escuela\/\">3\u00b0 Paso: Encuentre escuelas cerca de su casa o lugar de trabajo<\/a><\/strong><\/span><\/p>\n<p><span style=\"color: #fe6600;\"><strong><a style=\"color: #fe6600;\" href=\"https:\/\/schoolchoiceforkids.org\/es\/rendimiento-de-las-escuelas-publicas-en-colorado\/\">4\u00b0 Paso: Vea los rendimiento de escuelas<\/a><\/strong><\/span><\/p>\n<p><span style=\"color: #fe6600;\"><strong><a style=\"color: #fe6600;\" href=\"https:\/\/schoolchoiceforkids.org\/es\/como-elegir-una-escuela-para-su-hijoa\/\">5\u00b0 Paso: Prepare preguntas para hacer mientras visita las escuelas<\/a><\/strong><\/span><\/p>\n<p><span style=\"color: #fe6600;\"><strong><a style=\"color: #fe6600;\" href=\"https:\/\/schoolchoiceforkids.org\/es\/visite-una-escuela\/\">6\u00b0 Paso: Visite las escuelas, a las que Usted quisiera que su hijo\/a asistiera<\/a><\/strong><\/span><\/p>\n<p><span style=\"color: #fe6600;\"><strong><a style=\"color: #fe6600;\" href=\"https:\/\/schoolchoiceforkids.org\/es\/lista-de-requisitos-para-matricula-abierta\/\">7\u00b0 Paso: Presente las solicitudes de matr\u00edcula abierta<\/a><\/strong><\/span><\/p>\n<p><strong>Nota acerca del transporte escolar:<\/strong>\u00a0Cuando Usted matricule a su estudiante en una escuela p\u00fablica que no sea la que le corresponde por su zona escolar. Puede ser que el servicio de transporte escolar no sea provisto.<\/p>\n<\/div><\/section>\n","protected":false},"excerpt":{"rendered":"","protected":false},"author":2,"featured_media":0,"parent":0,"menu_order":0,"comment_status":"closed","ping_status":"closed","template":"","meta":{"_monsterinsights_skip_tracking":false,"_monsterinsights_sitenote_active":false,"_monsterinsights_sitenote_note":"","_monsterinsights_sitenote_category":0,"footnotes":""},"class_list":["post-58","page","type-page","status-publish","hentry"],"_links":{"self":[{"href":"https:\/\/schoolchoiceforkids.org\/es\/wp-json\/wp\/v2\/pages\/58","targetHints":{"allow":["GET"]}}],"collection":[{"href":"https:\/\/schoolchoiceforkids.org\/es\/wp-json\/wp\/v2\/pages"}],"about":[{"href":"https:\/\/schoolchoiceforkids.org\/es\/wp-json\/wp\/v2\/types\/page"}],"author":[{"embeddable":true,"href":"https:\/\/schoolchoiceforkids.org\/es\/wp-json\/wp\/v2\/users\/2"}],"replies":[{"embeddable":true,"href":"https:\/\/schoolchoiceforkids.org\/es\/wp-json\/wp\/v2\/comments?post=58"}],"version-history":[{"count":0,"href":"https:\/\/schoolchoiceforkids.org\/es\/wp-json\/wp\/v2\/pages\/58\/revisions"}],"wp:attachment":[{"href":"https:\/\/schoolchoiceforkids.org\/es\/wp-json\/wp\/v2\/media?parent=58"}],"curies":[{"name":"wp","href":"https:\/\/api.w.org\/{rel}","templated":true}]}}