{"id":581,"date":"2016-06-09T15:29:09","date_gmt":"2016-06-09T21:29:09","guid":{"rendered":"http:\/\/sc4k.i2i.org\/?page_id=581&#038;lang=es"},"modified":"2022-08-10T19:04:49","modified_gmt":"2022-08-11T01:04:49","slug":"west-central-centro-oeste","status":"publish","type":"page","link":"https:\/\/schoolchoiceforkids.org\/es\/west-central-centro-oeste\/","title":{"rendered":"West Central (Centro Oeste)"},"content":{"rendered":"\n<style type=\"text\/css\" data-created_by=\"avia_inline_auto\" id=\"style-css-av-l6oc8n0t-27356147b525f7252584678d2103e888\">\n#top .av-special-heading.av-l6oc8n0t-27356147b525f7252584678d2103e888{\npadding-bottom:10px;\n}\nbody .av-special-heading.av-l6oc8n0t-27356147b525f7252584678d2103e888 .av-special-heading-tag .heading-char{\nfont-size:25px;\n}\n.av-special-heading.av-l6oc8n0t-27356147b525f7252584678d2103e888 .av-subheading{\nfont-size:15px;\n}\n<\/style>\n<div  class='av-special-heading av-l6oc8n0t-27356147b525f7252584678d2103e888 av-special-heading-h1 blockquote modern-quote  avia-builder-el-0  el_before_av_textblock  avia-builder-el-first '><h1 class='av-special-heading-tag '  itemprop=\"headline\"  >West Central (Centro Oeste)<\/h1><div class=\"special-heading-border\"><div class=\"special-heading-inner-border\"><\/div><\/div><\/div>\n<section  class='av_textblock_section av-l6oc7ddr-0411191db96f26b1da8269b42d9a3c60 '   itemscope=\"itemscope\" itemtype=\"https:\/\/schema.org\/CreativeWork\" ><div class='avia_textblock'  itemprop=\"text\" ><p><a href=\"https:\/\/www.opcionescolarparaninos.org\/esdistrictmaps.php\">Haga clic aqu\u00ed para encontrar mapas de distritos escoles p\u00fablicos de Colorado.<\/a><\/p>\n<h5><em> Mapa de las regiones de educaci\u00f3n de Colorado. Cortes\u00eda del Departamento de educaci\u00f3n de Colorado.<\/em><\/h5>\n<h4>West Central (Centro Oeste)<\/h4>\n<table class=\"MsoNormalTable\" style=\"width: 5.5in; margin-left: 4.65pt; border-collapse: collapse;\" border=\"1\" width=\"528\" cellspacing=\"0\" cellpadding=\"0\">\n<tbody>\n<tr style=\"height: 12.75pt;\">\n<td style=\"border-style: double solid solid double; border-color: windowtext; border-width: 1.5pt 1pt 1pt 1.5pt; padding: 0in 5.4pt; width: 2.75in; height: 12.75pt;\" valign=\"bottom\" width=\"264\">\n<p class=\"MsoNormal\"><strong><span style=\"font-size: 10pt; font-family: Arial;\">CIUDAD<\/span><\/strong><\/p>\n<\/td>\n<td style=\"border-style: double double solid none; border-color: windowtext windowtext windowtext -moz-use-text-color; border-width: 1.5pt 1.5pt 1pt medium; padding: 0in 5.4pt; width: 2.75in; height: 12.75pt;\" valign=\"bottom\" width=\"264\">\n<p class=\"MsoNormal\"><strong><span style=\"font-size: 10pt; font-family: Arial;\">DISTRITO ESCOLAR<\/span><\/strong><\/p>\n<\/td>\n<\/tr>\n<tr style=\"height: 12.75pt;\">\n<td style=\"border-style: none solid solid double; border-color: -moz-use-text-color windowtext windowtext; border-width: medium 1pt 1pt 1.5pt; padding: 0in 5.4pt; width: 2.75in; height: 12.75pt;\" valign=\"bottom\" width=\"264\">\n<p class=\"MsoNormal\"><span style=\"font-size: 10pt; font-family: Arial;\">CEDAREDGE<\/span><\/p>\n<\/td>\n<td style=\"border-style: none double solid none; border-color: -moz-use-text-color windowtext windowtext -moz-use-text-color; border-width: medium 1.5pt 1pt medium; padding: 0in 5.4pt; width: 2.75in; height: 12.75pt;\" valign=\"bottom\" width=\"264\">\n<p class=\"MsoNormal\"><span style=\"font-size: 10pt; font-family: Arial;\">DELTA COUNTY 50(J)<\/span><\/p>\n<\/td>\n<\/tr>\n<tr style=\"height: 12.75pt;\">\n<td style=\"border-style: none solid solid double; border-color: -moz-use-text-color windowtext windowtext; border-width: medium 1pt 1pt 1.5pt; padding: 0in 5.4pt; width: 2.75in; height: 12.75pt;\" valign=\"bottom\" width=\"264\">\n<p class=\"MsoNormal\"><span style=\"font-size: 10pt; font-family: Arial;\">CLIFTON<\/span><\/p>\n<\/td>\n<td style=\"border-style: none double solid none; border-color: -moz-use-text-color windowtext windowtext -moz-use-text-color; border-width: medium 1.5pt 1pt medium; padding: 0in 5.4pt; width: 2.75in; height: 12.75pt;\" valign=\"bottom\" width=\"264\">\n<p class=\"MsoNormal\"><span style=\"font-size: 10pt; font-family: Arial;\">MESA<\/span><span style=\"font-size: 10pt; font-family: Arial;\"> COUNTY VALLEY<\/span><span style=\"font-size: 10pt; font-family: Arial;\"> 51<\/span><\/p>\n<\/td>\n<\/tr>\n<tr style=\"height: 12.75pt;\">\n<td style=\"border-style: none solid solid double; border-color: -moz-use-text-color windowtext windowtext; border-width: medium 1pt 1pt 1.5pt; padding: 0in 5.4pt; width: 2.75in; height: 12.75pt;\" valign=\"bottom\" width=\"264\">\n<p class=\"MsoNormal\"><span style=\"font-size: 10pt; font-family: Arial;\">COLLBRAN<\/span><\/p>\n<\/td>\n<td style=\"border-style: none double solid none; border-color: -moz-use-text-color windowtext windowtext -moz-use-text-color; border-width: medium 1.5pt 1pt medium; padding: 0in 5.4pt; width: 2.75in; height: 12.75pt;\" valign=\"bottom\" width=\"264\">\n<p class=\"MsoNormal\"><span style=\"font-size: 10pt; font-family: Arial;\">PLATEAU<\/span><span style=\"font-size: 10pt; font-family: Arial;\"> VALLEY<\/span><span style=\"font-size: 10pt; font-family: Arial;\"> 50<\/span><\/p>\n<\/td>\n<\/tr>\n<tr style=\"height: 12.75pt;\">\n<td style=\"border-style: none solid solid double; border-color: -moz-use-text-color windowtext windowtext; border-width: medium 1pt 1pt 1.5pt; padding: 0in 5.4pt; width: 2.75in; height: 12.75pt;\" valign=\"bottom\" width=\"264\">\n<p class=\"MsoNormal\"><span style=\"font-size: 10pt; font-family: Arial;\">CRAWFORD<\/span><\/p>\n<\/td>\n<td style=\"border-style: none double solid none; border-color: -moz-use-text-color windowtext windowtext -moz-use-text-color; border-width: medium 1.5pt 1pt medium; padding: 0in 5.4pt; width: 2.75in; height: 12.75pt;\" valign=\"bottom\" width=\"264\">\n<p class=\"MsoNormal\"><span style=\"font-size: 10pt; font-family: Arial;\">DELTA COUNTY 50(J)<\/span><\/p>\n<\/td>\n<\/tr>\n<tr style=\"height: 12.75pt;\">\n<td style=\"border-style: none solid solid double; border-color: -moz-use-text-color windowtext windowtext; border-width: medium 1pt 1pt 1.5pt; padding: 0in 5.4pt; width: 2.75in; height: 12.75pt;\" valign=\"bottom\" width=\"264\">\n<p class=\"MsoNormal\"><span style=\"font-size: 10pt; font-family: Arial;\">CRESTED BUTTE<\/span><\/p>\n<\/td>\n<td style=\"border-style: none double solid none; border-color: -moz-use-text-color windowtext windowtext -moz-use-text-color; border-width: medium 1.5pt 1pt medium; padding: 0in 5.4pt; width: 2.75in; height: 12.75pt;\" valign=\"bottom\" width=\"264\">\n<p class=\"MsoNormal\"><span style=\"font-size: 10pt; font-family: Arial;\">GUNNISON<\/span><span style=\"font-size: 10pt; font-family: Arial;\"> WATERSHED RE1J<\/span><\/p>\n<\/td>\n<\/tr>\n<tr style=\"height: 12.75pt;\">\n<td style=\"border-style: none solid solid double; border-color: -moz-use-text-color windowtext windowtext; border-width: medium 1pt 1pt 1.5pt; padding: 0in 5.4pt; width: 2.75in; height: 12.75pt;\" valign=\"bottom\" width=\"264\">\n<p class=\"MsoNormal\"><span style=\"font-size: 10pt; font-family: Arial;\">DE BEQUE<\/span><\/p>\n<\/td>\n<td style=\"border-style: none double solid none; border-color: -moz-use-text-color windowtext windowtext -moz-use-text-color; border-width: medium 1.5pt 1pt medium; padding: 0in 5.4pt; width: 2.75in; height: 12.75pt;\" valign=\"bottom\" width=\"264\">\n<p class=\"MsoNormal\"><span style=\"font-size: 10pt; font-family: Arial;\">DE BEQUE 49JT<\/span><\/p>\n<\/td>\n<\/tr>\n<tr style=\"height: 12.75pt;\">\n<td style=\"border-style: none solid solid double; border-color: -moz-use-text-color windowtext windowtext; border-width: medium 1pt 1pt 1.5pt; padding: 0in 5.4pt; width: 2.75in; height: 12.75pt;\" valign=\"bottom\" width=\"264\">\n<p class=\"MsoNormal\"><span style=\"font-size: 10pt; font-family: Arial;\">DELTA<\/span><\/p>\n<\/td>\n<td style=\"border-style: none double solid none; border-color: -moz-use-text-color windowtext windowtext -moz-use-text-color; border-width: medium 1.5pt 1pt medium; padding: 0in 5.4pt; width: 2.75in; height: 12.75pt;\" valign=\"bottom\" width=\"264\">\n<p class=\"MsoNormal\"><span style=\"font-size: 10pt; font-family: Arial;\">DELTA COUNTY 50(J)<\/span><\/p>\n<\/td>\n<\/tr>\n<tr style=\"height: 12.75pt;\">\n<td style=\"border-style: none solid solid double; border-color: -moz-use-text-color windowtext windowtext; border-width: medium 1pt 1pt 1.5pt; padding: 0in 5.4pt; width: 2.75in; height: 12.75pt;\" valign=\"bottom\" width=\"264\">\n<p class=\"MsoNormal\"><span style=\"font-size: 10pt; font-family: Arial;\">FRUITA<\/span><\/p>\n<\/td>\n<td style=\"border-style: none double solid none; border-color: -moz-use-text-color windowtext windowtext -moz-use-text-color; border-width: medium 1.5pt 1pt medium; padding: 0in 5.4pt; width: 2.75in; height: 12.75pt;\" valign=\"bottom\" width=\"264\">\n<p class=\"MsoNormal\"><span style=\"font-size: 10pt; font-family: Arial;\">MESA<\/span><span style=\"font-size: 10pt; font-family: Arial;\"> COUNTY VALLEY<\/span><span style=\"font-size: 10pt; font-family: Arial;\"> 51<\/span><\/p>\n<\/td>\n<\/tr>\n<tr style=\"height: 12.75pt;\">\n<td style=\"border-style: none solid solid double; border-color: -moz-use-text-color windowtext windowtext; border-width: medium 1pt 1pt 1.5pt; padding: 0in 5.4pt; width: 2.75in; height: 12.75pt;\" valign=\"bottom\" width=\"264\">\n<p class=\"MsoNormal\"><span style=\"font-size: 10pt; font-family: Arial;\">GATEWAY<\/span><\/p>\n<\/td>\n<td style=\"border-style: none double solid none; border-color: -moz-use-text-color windowtext windowtext -moz-use-text-color; border-width: medium 1.5pt 1pt medium; padding: 0in 5.4pt; width: 2.75in; height: 12.75pt;\" valign=\"bottom\" width=\"264\">\n<p class=\"MsoNormal\"><span style=\"font-size: 10pt; font-family: Arial;\">MESA<\/span><span style=\"font-size: 10pt; font-family: Arial;\"> COUNTY VALLEY<\/span><span style=\"font-size: 10pt; font-family: Arial;\"> 51<\/span><\/p>\n<\/td>\n<\/tr>\n<tr style=\"height: 12.75pt;\">\n<td style=\"border-style: none solid solid double; border-color: -moz-use-text-color windowtext windowtext; border-width: medium 1pt 1pt 1.5pt; padding: 0in 5.4pt; width: 2.75in; height: 12.75pt;\" valign=\"bottom\" width=\"264\">\n<p class=\"MsoNormal\"><span style=\"font-size: 10pt; font-family: Arial;\">GRAND JUNCTION<\/span><\/p>\n<\/td>\n<td style=\"border-style: none double solid none; border-color: -moz-use-text-color windowtext windowtext -moz-use-text-color; border-width: medium 1.5pt 1pt medium; padding: 0in 5.4pt; width: 2.75in; height: 12.75pt;\" valign=\"bottom\" width=\"264\">\n<p class=\"MsoNormal\"><span style=\"font-size: 10pt; font-family: Arial;\">CHARTER SCHOOL INSTITUTE<\/span><\/p>\n<\/td>\n<\/tr>\n<tr style=\"height: 12.75pt;\">\n<td style=\"border-style: none solid solid double; border-color: -moz-use-text-color windowtext windowtext; border-width: medium 1pt 1pt 1.5pt; padding: 0in 5.4pt; width: 2.75in; height: 12.75pt;\" valign=\"bottom\" width=\"264\">\n<p class=\"MsoNormal\"><span style=\"font-size: 10pt; font-family: Arial;\">GRAND JUNCTION<\/span><\/p>\n<\/td>\n<td style=\"border-style: none double solid none; border-color: -moz-use-text-color windowtext windowtext -moz-use-text-color; border-width: medium 1.5pt 1pt medium; padding: 0in 5.4pt; width: 2.75in; height: 12.75pt;\" valign=\"bottom\" width=\"264\">\n<p class=\"MsoNormal\"><span style=\"font-size: 10pt; font-family: Arial;\">MESA<\/span><span style=\"font-size: 10pt; font-family: Arial;\"> COUNTY VALLEY<\/span><span style=\"font-size: 10pt; font-family: Arial;\"> 51<\/span><\/p>\n<\/td>\n<\/tr>\n<tr style=\"height: 12.75pt;\">\n<td style=\"border-style: none solid solid double; border-color: -moz-use-text-color windowtext windowtext; border-width: medium 1pt 1pt 1.5pt; padding: 0in 5.4pt; width: 2.75in; height: 12.75pt;\" valign=\"bottom\" width=\"264\">\n<p class=\"MsoNormal\"><span style=\"font-size: 10pt; font-family: Arial;\">GUNNISON<\/span><\/p>\n<\/td>\n<td style=\"border-style: none double solid none; border-color: -moz-use-text-color windowtext windowtext -moz-use-text-color; border-width: medium 1.5pt 1pt medium; padding: 0in 5.4pt; width: 2.75in; height: 12.75pt;\" valign=\"bottom\" width=\"264\">\n<p class=\"MsoNormal\"><span style=\"font-size: 10pt; font-family: Arial;\">GUNNISON<\/span><span style=\"font-size: 10pt; font-family: Arial;\"> WATERSHED RE1J<\/span><\/p>\n<\/td>\n<\/tr>\n<tr style=\"height: 12.75pt;\">\n<td style=\"border-style: none solid solid double; border-color: -moz-use-text-color windowtext windowtext; border-width: medium 1pt 1pt 1.5pt; padding: 0in 5.4pt; width: 2.75in; height: 12.75pt;\" valign=\"bottom\" width=\"264\">\n<p class=\"MsoNormal\"><span style=\"font-size: 10pt; font-family: Arial;\">HOTCHKISS<\/span><\/p>\n<\/td>\n<td style=\"border-style: none double solid none; border-color: -moz-use-text-color windowtext windowtext -moz-use-text-color; border-width: medium 1.5pt 1pt medium; padding: 0in 5.4pt; width: 2.75in; height: 12.75pt;\" valign=\"bottom\" width=\"264\">\n<p class=\"MsoNormal\"><span style=\"font-size: 10pt; font-family: Arial;\">DELTA COUNTY 50(J)<\/span><\/p>\n<\/td>\n<\/tr>\n<tr style=\"height: 12.75pt;\">\n<td style=\"border-style: none solid solid double; border-color: -moz-use-text-color windowtext windowtext; border-width: medium 1pt 1pt 1.5pt; padding: 0in 5.4pt; width: 2.75in; height: 12.75pt;\" valign=\"bottom\" width=\"264\">\n<p class=\"MsoNormal\"><span style=\"font-size: 10pt; font-family: Arial;\">LAKE<\/span><span style=\"font-size: 10pt; font-family: Arial;\"> CITY<\/span><\/p>\n<\/td>\n<td style=\"border-style: none double solid none; border-color: -moz-use-text-color windowtext windowtext -moz-use-text-color; border-width: medium 1.5pt 1pt medium; padding: 0in 5.4pt; width: 2.75in; height: 12.75pt;\" valign=\"bottom\" width=\"264\">\n<p class=\"MsoNormal\"><span style=\"font-size: 10pt; font-family: Arial;\">HINSDALE<\/span><span style=\"font-size: 10pt; font-family: Arial;\"> COUNTY<\/span><span style=\"font-size: 10pt; font-family: Arial;\"> RE 1<\/span><\/p>\n<\/td>\n<\/tr>\n<tr style=\"height: 12.75pt;\">\n<td style=\"border-style: none solid solid double; border-color: -moz-use-text-color windowtext windowtext; border-width: medium 1pt 1pt 1.5pt; padding: 0in 5.4pt; width: 2.75in; height: 12.75pt;\" valign=\"bottom\" width=\"264\">\n<p class=\"MsoNormal\"><span style=\"font-size: 10pt; font-family: Arial;\">LOMA<\/span><\/p>\n<\/td>\n<td style=\"border-style: none double solid none; border-color: -moz-use-text-color windowtext windowtext -moz-use-text-color; border-width: medium 1.5pt 1pt medium; padding: 0in 5.4pt; width: 2.75in; height: 12.75pt;\" valign=\"bottom\" width=\"264\">\n<p class=\"MsoNormal\"><span style=\"font-size: 10pt; font-family: Arial;\">MESA<\/span><span style=\"font-size: 10pt; font-family: Arial;\"> COUNTY VALLEY<\/span><span style=\"font-size: 10pt; font-family: Arial;\"> 51<\/span><\/p>\n<\/td>\n<\/tr>\n<tr style=\"height: 12.75pt;\">\n<td style=\"border-style: none solid solid double; border-color: -moz-use-text-color windowtext windowtext; border-width: medium 1pt 1pt 1.5pt; padding: 0in 5.4pt; width: 2.75in; height: 12.75pt;\" valign=\"bottom\" width=\"264\">\n<p class=\"MsoNormal\"><span style=\"font-size: 10pt; font-family: Arial;\">MARBLE<\/span><\/p>\n<\/td>\n<td style=\"border-style: none double solid none; border-color: -moz-use-text-color windowtext windowtext -moz-use-text-color; border-width: medium 1.5pt 1pt medium; padding: 0in 5.4pt; width: 2.75in; height: 12.75pt;\" valign=\"bottom\" width=\"264\">\n<p class=\"MsoNormal\"><span style=\"font-size: 10pt; font-family: Arial;\">GUNNISON<\/span><span style=\"font-size: 10pt; font-family: Arial;\"> WATERSHED RE1J<\/span><\/p>\n<\/td>\n<\/tr>\n<tr style=\"height: 12.75pt;\">\n<td style=\"border-style: none solid solid double; border-color: -moz-use-text-color windowtext windowtext; border-width: medium 1pt 1pt 1.5pt; padding: 0in 5.4pt; width: 2.75in; height: 12.75pt;\" valign=\"bottom\" width=\"264\">\n<p class=\"MsoNormal\"><span style=\"font-size: 10pt; font-family: Arial;\">MONTROSE<\/span><\/p>\n<\/td>\n<td style=\"border-style: none double solid none; border-color: -moz-use-text-color windowtext windowtext -moz-use-text-color; border-width: medium 1.5pt 1pt medium; padding: 0in 5.4pt; width: 2.75in; height: 12.75pt;\" valign=\"bottom\" width=\"264\">\n<p class=\"MsoNormal\"><span style=\"font-size: 10pt; font-family: Arial;\">MONTROSE COUNTY RE-1J<\/span><\/p>\n<\/td>\n<\/tr>\n<tr style=\"height: 12.75pt;\">\n<td style=\"border-style: none solid solid double; border-color: -moz-use-text-color windowtext windowtext; border-width: medium 1pt 1pt 1.5pt; padding: 0in 5.4pt; width: 2.75in; height: 12.75pt;\" valign=\"bottom\" width=\"264\">\n<p class=\"MsoNormal\"><span style=\"font-size: 10pt; font-family: Arial;\">NATURITA<\/span><\/p>\n<\/td>\n<td style=\"border-style: none double solid none; border-color: -moz-use-text-color windowtext windowtext -moz-use-text-color; border-width: medium 1.5pt 1pt medium; padding: 0in 5.4pt; width: 2.75in; height: 12.75pt;\" valign=\"bottom\" width=\"264\">\n<p class=\"MsoNormal\"><span style=\"font-size: 10pt; font-family: Arial;\">WEST END RE-2<\/span><\/p>\n<\/td>\n<\/tr>\n<tr style=\"height: 12.75pt;\">\n<td style=\"border-style: none solid solid double; border-color: -moz-use-text-color windowtext windowtext; border-width: medium 1pt 1pt 1.5pt; padding: 0in 5.4pt; width: 2.75in; height: 12.75pt;\" valign=\"bottom\" width=\"264\">\n<p class=\"MsoNormal\"><span style=\"font-size: 10pt; font-family: Arial;\">NORWOOD<\/span><\/p>\n<\/td>\n<td style=\"border-style: none double solid none; border-color: -moz-use-text-color windowtext windowtext -moz-use-text-color; border-width: medium 1.5pt 1pt medium; padding: 0in 5.4pt; width: 2.75in; height: 12.75pt;\" valign=\"bottom\" width=\"264\">\n<p class=\"MsoNormal\"><span style=\"font-size: 10pt; font-family: Arial;\">NORWOOD<\/span><span style=\"font-size: 10pt; font-family: Arial;\"> R-2J<\/span><\/p>\n<\/td>\n<\/tr>\n<tr style=\"height: 12.75pt;\">\n<td style=\"border-style: none solid solid double; border-color: -moz-use-text-color windowtext windowtext; border-width: medium 1pt 1pt 1.5pt; padding: 0in 5.4pt; width: 2.75in; height: 12.75pt;\" valign=\"bottom\" width=\"264\">\n<p class=\"MsoNormal\"><span style=\"font-size: 10pt; font-family: Arial;\">NUCLA<\/span><\/p>\n<\/td>\n<td style=\"border-style: none double solid none; border-color: -moz-use-text-color windowtext windowtext -moz-use-text-color; border-width: medium 1.5pt 1pt medium; padding: 0in 5.4pt; width: 2.75in; height: 12.75pt;\" valign=\"bottom\" width=\"264\">\n<p class=\"MsoNormal\"><span style=\"font-size: 10pt; font-family: Arial;\">WEST END RE-2<\/span><\/p>\n<\/td>\n<\/tr>\n<tr style=\"height: 12.75pt;\">\n<td style=\"border-style: none solid solid double; border-color: -moz-use-text-color windowtext windowtext; border-width: medium 1pt 1pt 1.5pt; padding: 0in 5.4pt; width: 2.75in; height: 12.75pt;\" valign=\"bottom\" width=\"264\">\n<p class=\"MsoNormal\"><span style=\"font-size: 10pt; font-family: Arial;\">OLATHE<\/span><\/p>\n<\/td>\n<td style=\"border-style: none double solid none; border-color: -moz-use-text-color windowtext windowtext -moz-use-text-color; border-width: medium 1.5pt 1pt medium; padding: 0in 5.4pt; width: 2.75in; height: 12.75pt;\" valign=\"bottom\" width=\"264\">\n<p class=\"MsoNormal\"><span style=\"font-size: 10pt; font-family: Arial;\">MONTROSE COUNTY RE-1J<\/span><\/p>\n<\/td>\n<\/tr>\n<tr style=\"height: 12.75pt;\">\n<td style=\"border-style: none solid solid double; border-color: -moz-use-text-color windowtext windowtext; border-width: medium 1pt 1pt 1.5pt; padding: 0in 5.4pt; width: 2.75in; height: 12.75pt;\" valign=\"bottom\" width=\"264\">\n<p class=\"MsoNormal\"><span style=\"font-size: 10pt; font-family: Arial;\">OURAY<\/span><\/p>\n<\/td>\n<td style=\"border-style: none double solid none; border-color: -moz-use-text-color windowtext windowtext -moz-use-text-color; border-width: medium 1.5pt 1pt medium; padding: 0in 5.4pt; width: 2.75in; height: 12.75pt;\" valign=\"bottom\" width=\"264\">\n<p class=\"MsoNormal\"><span style=\"font-size: 10pt; font-family: Arial;\">OURAY R-1<\/span><\/p>\n<\/td>\n<\/tr>\n<tr style=\"height: 12.75pt;\">\n<td style=\"border-style: none solid solid double; border-color: -moz-use-text-color windowtext windowtext; border-width: medium 1pt 1pt 1.5pt; padding: 0in 5.4pt; width: 2.75in; height: 12.75pt;\" valign=\"bottom\" width=\"264\">\n<p class=\"MsoNormal\"><span style=\"font-size: 10pt; font-family: Arial;\">PALISADE<\/span><\/p>\n<\/td>\n<td style=\"border-style: none double solid none; border-color: -moz-use-text-color windowtext windowtext -moz-use-text-color; border-width: medium 1.5pt 1pt medium; padding: 0in 5.4pt; width: 2.75in; height: 12.75pt;\" valign=\"bottom\" width=\"264\">\n<p class=\"MsoNormal\"><span style=\"font-size: 10pt; font-family: Arial;\">MESA<\/span><span style=\"font-size: 10pt; font-family: Arial;\"> COUNTY VALLEY<\/span><span style=\"font-size: 10pt; font-family: Arial;\"> 51<\/span><\/p>\n<\/td>\n<\/tr>\n<tr style=\"height: 12.75pt;\">\n<td style=\"border-style: none solid solid double; border-color: -moz-use-text-color windowtext windowtext; border-width: medium 1pt 1pt 1.5pt; padding: 0in 5.4pt; width: 2.75in; height: 12.75pt;\" valign=\"bottom\" width=\"264\">\n<p class=\"MsoNormal\"><span style=\"font-size: 10pt; font-family: Arial;\">PAONIA<\/span><\/p>\n<\/td>\n<td style=\"border-style: none double solid none; border-color: -moz-use-text-color windowtext windowtext -moz-use-text-color; border-width: medium 1.5pt 1pt medium; padding: 0in 5.4pt; width: 2.75in; height: 12.75pt;\" valign=\"bottom\" width=\"264\">\n<p class=\"MsoNormal\"><span style=\"font-size: 10pt; font-family: Arial;\">DELTA COUNTY 50(J)<\/span><\/p>\n<\/td>\n<\/tr>\n<tr style=\"height: 12.75pt;\">\n<td style=\"border-style: none solid solid double; border-color: -moz-use-text-color windowtext windowtext; border-width: medium 1pt 1pt 1.5pt; padding: 0in 5.4pt; width: 2.75in; height: 12.75pt;\" valign=\"bottom\" width=\"264\">\n<p class=\"MsoNormal\"><span style=\"font-size: 10pt; font-family: Arial;\">PARADOX<\/span><\/p>\n<\/td>\n<td style=\"border-style: none double solid none; border-color: -moz-use-text-color windowtext windowtext -moz-use-text-color; border-width: medium 1.5pt 1pt medium; padding: 0in 5.4pt; width: 2.75in; height: 12.75pt;\" valign=\"bottom\" width=\"264\">\n<p class=\"MsoNormal\"><span style=\"font-size: 10pt; font-family: Arial;\">WEST END RE-2<\/span><\/p>\n<\/td>\n<\/tr>\n<tr style=\"height: 12.75pt;\">\n<td style=\"border-style: none solid solid double; border-color: -moz-use-text-color windowtext windowtext; border-width: medium 1pt 1pt 1.5pt; padding: 0in 5.4pt; width: 2.75in; height: 12.75pt;\" valign=\"bottom\" width=\"264\">\n<p class=\"MsoNormal\"><span style=\"font-size: 10pt; font-family: Arial;\">RIDGWAY<\/span><\/p>\n<\/td>\n<td style=\"border-style: none double solid none; border-color: -moz-use-text-color windowtext windowtext -moz-use-text-color; border-width: medium 1.5pt 1pt medium; padding: 0in 5.4pt; width: 2.75in; height: 12.75pt;\" valign=\"bottom\" width=\"264\">\n<p class=\"MsoNormal\"><span style=\"font-size: 10pt; font-family: Arial;\">RIDGWAY R-2<\/span><\/p>\n<\/td>\n<\/tr>\n<tr style=\"height: 12.75pt;\">\n<td style=\"border-style: none solid double double; border-color: -moz-use-text-color windowtext windowtext; border-width: medium 1pt 1.5pt 1.5pt; padding: 0in 5.4pt; width: 2.75in; height: 12.75pt;\" valign=\"bottom\" width=\"264\">\n<p class=\"MsoNormal\"><span style=\"font-size: 10pt; font-family: Arial;\">TELLURIDE<\/span><\/p>\n<\/td>\n<td style=\"border-style: none double double none; border-color: -moz-use-text-color windowtext windowtext -moz-use-text-color; border-width: medium 1.5pt 1.5pt medium; padding: 0in 5.4pt; width: 2.75in; height: 12.75pt;\" valign=\"bottom\" width=\"264\">\n<p class=\"MsoNormal\"><span style=\"font-size: 10pt; font-family: Arial;\">TELLURIDE R-1<\/span><\/p>\n<\/td>\n<\/tr>\n<\/tbody>\n<\/table>\n<p><a href=\"https:\/\/www.opcionescolarparaninos.org\/esdistrictmaps.php\">Haga clic aqu\u00ed para encontrar mapas de distritos escoles p\u00fablicos de Colorado.<\/a><\/p>\n<\/div><\/section>\n","protected":false},"excerpt":{"rendered":"","protected":false},"author":2,"featured_media":0,"parent":0,"menu_order":0,"comment_status":"closed","ping_status":"closed","template":"","meta":{"_monsterinsights_skip_tracking":false,"_monsterinsights_sitenote_active":false,"_monsterinsights_sitenote_note":"","_monsterinsights_sitenote_category":0,"footnotes":""},"class_list":["post-581","page","type-page","status-publish","hentry"],"_links":{"self":[{"href":"https:\/\/schoolchoiceforkids.org\/es\/wp-json\/wp\/v2\/pages\/581","targetHints":{"allow":["GET"]}}],"collection":[{"href":"https:\/\/schoolchoiceforkids.org\/es\/wp-json\/wp\/v2\/pages"}],"about":[{"href":"https:\/\/schoolchoiceforkids.org\/es\/wp-json\/wp\/v2\/types\/page"}],"author":[{"embeddable":true,"href":"https:\/\/schoolchoiceforkids.org\/es\/wp-json\/wp\/v2\/users\/2"}],"replies":[{"embeddable":true,"href":"https:\/\/schoolchoiceforkids.org\/es\/wp-json\/wp\/v2\/comments?post=581"}],"version-history":[{"count":0,"href":"https:\/\/schoolchoiceforkids.org\/es\/wp-json\/wp\/v2\/pages\/581\/revisions"}],"wp:attachment":[{"href":"https:\/\/schoolchoiceforkids.org\/es\/wp-json\/wp\/v2\/media?parent=581"}],"curies":[{"name":"wp","href":"https:\/\/api.w.org\/{rel}","templated":true}]}}