{"id":591,"date":"2016-06-09T20:26:20","date_gmt":"2016-06-10T02:26:20","guid":{"rendered":"http:\/\/sc4k.i2i.org\/?page_id=591&#038;lang=es"},"modified":"2022-08-10T15:45:41","modified_gmt":"2022-08-10T21:45:41","slug":"encuentre-escuelas-que-no-son-publicas","status":"publish","type":"page","link":"https:\/\/schoolchoiceforkids.org\/es\/encuentre-escuelas-que-no-son-publicas\/","title":{"rendered":"Encuentre escuelas que no son p\u00fablicas"},"content":{"rendered":"\n<style type=\"text\/css\" data-created_by=\"avia_inline_auto\" id=\"style-css-av-l6o4zk7e-11be5dd0ecf51cbbd7985806bb7a26f3\">\n#top .av-special-heading.av-l6o4zk7e-11be5dd0ecf51cbbd7985806bb7a26f3{\npadding-bottom:10px;\n}\nbody .av-special-heading.av-l6o4zk7e-11be5dd0ecf51cbbd7985806bb7a26f3 .av-special-heading-tag .heading-char{\nfont-size:25px;\n}\n.av-special-heading.av-l6o4zk7e-11be5dd0ecf51cbbd7985806bb7a26f3 .av-subheading{\nfont-size:15px;\n}\n<\/style>\n<div  class='av-special-heading av-l6o4zk7e-11be5dd0ecf51cbbd7985806bb7a26f3 av-special-heading-h1 blockquote modern-quote  avia-builder-el-0  el_before_av_textblock  avia-builder-el-first '><h1 class='av-special-heading-tag '  itemprop=\"headline\"  >Encuentre escuelas que no son p\u00fablicas<\/h1><div class=\"special-heading-border\"><div class=\"special-heading-inner-border\"><\/div><\/div><\/div>\n<section  class='av_textblock_section av-l6o4zbee-1732c181f1d40c0decd5dd5d51197a0f '   itemscope=\"itemscope\" itemtype=\"https:\/\/schema.org\/CreativeWork\" ><div class='avia_textblock'  itemprop=\"text\" ><p>Privada, parroquial (religiosa) e independiente son t\u00e9rminos usados para describir escuelas que no son p\u00fablicas que son patrocinadas por particulares. El pago de las colegiaturas es requerido.<\/p>\n<ul>\n<li><a href=\"https:\/\/www.schoolchoiceforkids.org\/spanish.php?ID=16\">SchoolChoiceForKids.org<\/a> enumera las escuelas privadas de Colorado, las direcciones, mapas de el \u00e1rea y\u00a0 tel\u00e9fonos.\u00a0 Adem\u00e1s del enlace de internet si les que as escuelas lo tienen.\u00a0 Tambien se dan a conocer los niveles de grados y si tienen alguna afiliaci\u00f3n religiosa.\u00a0 <strong>Nota Preescolar<\/strong>: Algunas escuelas enumeradas en <a href=\"https:\/\/www.schoolchoiceforkids.org\/spanish.php?ID=16\">SchoolChoiceForKids.org<\/a>\u00a0ofrecen preescolar, pero no todas est\u00e1n enumeradas.\u00a0 <a href=\"https:\/\/www.schoolchoiceforkids.org\/spanish.php?ID=109\">Por mas datos busque aqu\u00ed\u00a0m\u00e1s informaci\u00f3n sobre preescolares.<\/a><\/li>\n<li><a href=\"https:\/\/www.privateschoolreview.com\/state_private_schools\/stateid\/CO\" target=\"_blank\" rel=\"noopener\"><em>The Private School Review <\/em>(L<\/a><a href=\"https:\/\/www.privateschoolreview.com\/state_private_schools\/stateid\/CO\" target=\"_blank\" rel=\"noopener\">a Revisi\u00f3n de Escuelas Privadas)<\/a> le permite buscar por c\u00f3digo postal, ciudad, condado o varios tipos de escuela: <em><a href=\"https:\/\/www.privateschoolreview.com\/blueribbon_schools\/stateid\/CO\" target=\"_blank\" rel=\"noopener\">Blue Ribbon<\/a><\/em>, (condecoraci\u00f3n) <em><a href=\"https:\/\/www.privateschoolreview.com\/state_girls_highschools\/type\/7\/stateid\/CO\" target=\"_blank\" rel=\"noopener\">All-girls<\/a><\/em> (s\u00f3lo para ni\u00f1as), <a href=\"https:\/\/www.privateschoolreview.com\/state_boys_highschools\/type\/8\/stateid\/CO\" target=\"_blank\" rel=\"noopener\"><em>All-<\/em><em>boys<\/em><\/a> (s\u00f3lo para ni\u00f1os), <em><a href=\"https:\/\/www.privateschoolreview.com\/boarding.php\" target=\"_blank\" rel=\"noopener\">Boarding<\/a><\/em> (internado), <em><a href=\"https:\/\/www.privateschoolreview.com\/state_montessori_schools\/type\/10\/stateid\/CO\" target=\"_blank\" rel=\"noopener\">Montessori<\/a><\/em>, \u00f3 <em><a href=\"https:\/\/www.privateschoolreview.com\/state_daycare_schools\/type\/11\/stateid\/CO\" target=\"_blank\" rel=\"noopener\">Day care<\/a><\/em> (guarder\u00eda).<\/li>\n<li><a href=\"https:\/\/nces.ed.gov\/nceskids\/tools\/AllSchool\/map.asp?SearchType=2\" target=\"_blank\" rel=\"noopener\">La b\u00fasqueda de El Centro Nacional para Estad\u00edsticas de Educaci\u00f3n (<em>the National Center for Education Statistics)<\/em> de Escuelas Privadas<\/a> enumera las escuelas privadas por ciudad.<\/li>\n<li><a href=\"https:\/\/www.greatschools.net\/\" target=\"_blank\" rel=\"noopener\"><em> GreatSchools.net<\/em><\/a> enumera ambas escuelas p\u00fablicas y privadas por ciudad o distrito escolar.<\/li>\n<li><a href=\"https:\/\/www.coloradoschoolguides.com\/index.asp\"><u><em>Colorado School Guides<\/em> (Gu\u00edas de Escuelas en Colorado)<\/u><\/a> provee por una tarifa m\u00ednima una base de datos en donde Usted puede buscar informaci\u00f3n detallada acerca de escuelas privadas de Colorado y guarder\u00edas, escuelas preescolares y escuelas p\u00fablicas en el \u00e1rea metropolitana de Denver.<\/li>\n<\/ul>\n<p>Para aprender m\u00e1s acerca de c\u00f3mo escoger la escuela adecuada para su hijo\/a, <a href=\"https:\/\/www.schoolchoiceforkids.org\/spanish.php?ID=10\">Haga clic aqu\u00ed.<\/a><\/p>\n<\/div><\/section>\n","protected":false},"excerpt":{"rendered":"","protected":false},"author":2,"featured_media":0,"parent":0,"menu_order":0,"comment_status":"closed","ping_status":"closed","template":"","meta":{"_monsterinsights_skip_tracking":false,"_monsterinsights_sitenote_active":false,"_monsterinsights_sitenote_note":"","_monsterinsights_sitenote_category":0,"footnotes":""},"class_list":["post-591","page","type-page","status-publish","hentry"],"_links":{"self":[{"href":"https:\/\/schoolchoiceforkids.org\/es\/wp-json\/wp\/v2\/pages\/591","targetHints":{"allow":["GET"]}}],"collection":[{"href":"https:\/\/schoolchoiceforkids.org\/es\/wp-json\/wp\/v2\/pages"}],"about":[{"href":"https:\/\/schoolchoiceforkids.org\/es\/wp-json\/wp\/v2\/types\/page"}],"author":[{"embeddable":true,"href":"https:\/\/schoolchoiceforkids.org\/es\/wp-json\/wp\/v2\/users\/2"}],"replies":[{"embeddable":true,"href":"https:\/\/schoolchoiceforkids.org\/es\/wp-json\/wp\/v2\/comments?post=591"}],"version-history":[{"count":0,"href":"https:\/\/schoolchoiceforkids.org\/es\/wp-json\/wp\/v2\/pages\/591\/revisions"}],"wp:attachment":[{"href":"https:\/\/schoolchoiceforkids.org\/es\/wp-json\/wp\/v2\/media?parent=591"}],"curies":[{"name":"wp","href":"https:\/\/api.w.org\/{rel}","templated":true}]}}