{"id":613,"date":"2016-06-09T21:53:21","date_gmt":"2016-06-10T03:53:21","guid":{"rendered":"http:\/\/sc4k.i2i.org\/?page_id=613&#038;lang=es"},"modified":"2022-08-10T18:56:52","modified_gmt":"2022-08-11T00:56:52","slug":"recursos-universitarios-para-estudiantes-de-colorado","status":"publish","type":"page","link":"https:\/\/schoolchoiceforkids.org\/es\/recursos-universitarios-para-estudiantes-de-colorado\/","title":{"rendered":"Recursos universitarios para estudiantes de Colorado"},"content":{"rendered":"\n<style type=\"text\/css\" data-created_by=\"avia_inline_auto\" id=\"style-css-av-l6obyfpf-488c02b75b26504f98f506b39f4a6df8\">\n#top .av-special-heading.av-l6obyfpf-488c02b75b26504f98f506b39f4a6df8{\npadding-bottom:10px;\n}\nbody .av-special-heading.av-l6obyfpf-488c02b75b26504f98f506b39f4a6df8 .av-special-heading-tag .heading-char{\nfont-size:25px;\n}\n.av-special-heading.av-l6obyfpf-488c02b75b26504f98f506b39f4a6df8 .av-subheading{\nfont-size:15px;\n}\n<\/style>\n<div  class='av-special-heading av-l6obyfpf-488c02b75b26504f98f506b39f4a6df8 av-special-heading-h1 blockquote modern-quote  avia-builder-el-0  el_before_av_textblock  avia-builder-el-first '><h1 class='av-special-heading-tag '  itemprop=\"headline\"  >Recursos universitarios para estudiantes de Colorado<\/h1><div class=\"special-heading-border\"><div class=\"special-heading-inner-border\"><\/div><\/div><\/div>\n<section  class='av_textblock_section av-l6oby9xf-0f2aeb90e99a523d2ac61e4b959d039a '   itemscope=\"itemscope\" itemtype=\"https:\/\/schema.org\/CreativeWork\" ><div class='avia_textblock'  itemprop=\"text\" ><p><strong>Donde empezar<\/strong><\/p>\n<p>El Departamento de Educaci\u00f3n Superior de Colorado proporciona una <a href=\"https:\/\/highered.colorado.gov\/students\/attending-college\/colleges-universities\" target=\"_blank\" rel=\"noopener noreferrer\">lista<\/a> de colegios y universidades tanto p\u00fablicas como privadas ubicadas en Colorado.<\/p>\n<p>El estado de Colorado ofrece un subsidio a la mayor\u00eda de estudiantes universitarios que califican para matr\u00edcula estatal y que se han matriculado en colegios y universidades p\u00fablicas y privadas participantes de Colorado. Para m\u00e1s detalles, consulte la p\u00e1gina del <a href=\"https:\/\/highered.colorado.gov\/programs-services\/the-college-opportunity-fund\" target=\"_blank\" rel=\"noopener noreferrer\">Fondo de oportunidades universitarias<\/a> del estado.<\/p>\n<p>El programa de fondos <a href=\"https:\/\/www.danielsfund.org\/scholarships\/daniels-scholarship-program\/overview\" target=\"_blank\" rel=\"noopener noreferrer\">Daniels Fund<\/a>, ofrece becas para estudiantes en su \u00faltimo a\u00f1o de preparatoria, as\u00ed como para estudiantes no tradicionales, incluyendo adultos que ingresan o regresan a la universidad, estudiantes de escuelas alternativas, instalaciones de justicia juvenil y programas para delincuentes juveniles, beneficiarios de GED, j\u00f3venes que hayan estado en hogares de acogida, militares que est\u00e1n de regreso, entre otros.<\/p>\n<p><strong>Becas y financiamiento universitario<\/strong><\/p>\n<ul>\n<li><a href=\"https:\/\/studentaid.gov\/\" target=\"_blank\" rel=\"noopener noreferrer\">Ayuda federal para estudiantes en la web<\/a>.<\/li>\n<li><a href=\"https:\/\/www.collegeinvest.org\/\" target=\"_blank\" rel=\"noopener noreferrer\">College Invest<\/a> es una divisi\u00f3n sin fines de lucro dentro del Departamento de Educaci\u00f3n Superior de Colorado que ofrece planes de ahorro para la universidad.<\/li>\n<li>El Departamento de Educaci\u00f3n Superior de Colorado proporciona un sitio web llamado <a href=\"https:\/\/www.cicmoney101.org\/Spanish-Resources.aspx\" target=\"_blank\" rel=\"noopener noreferrer\">Money 101<\/a>, que est\u00e1 dise\u00f1ado para ayudar a las familias a comprender cuestiones financieras y proporcionar las herramientas necesarias para ayudar a financiar sus metas de educaci\u00f3n superior.<\/li>\n<li>Becas <a href=\"https:\/\/www.danielsfund.org\/scholarships\/daniels-scholarship-program\/overview\" target=\"_blank\" rel=\"noopener noreferrer\">Daniels Fund<\/a><\/li>\n<li>Becas <a href=\"https:\/\/denverfoundation.org\/scholarships\/reisher-scholars-program\/\" target=\"_blank\" rel=\"noopener noreferrer\">Denver Foundation<\/a><\/li>\n<li><a href=\"https:\/\/www.scholarships.com\/main.aspx\" target=\"_blank\" rel=\"noopener noreferrer\">Scholarships.com<\/a> (b\u00fasqueda de becas en categor\u00edas espec\u00edficas seg\u00fan la carrera\/asignatura)<\/li>\n<\/ul>\n<p><strong>Informaci\u00f3n general sobre la universidad <\/strong><\/p>\n<ul>\n<li><a href=\"https:\/\/highered.colorado.gov\/programs-services\/the-college-opportunity-fund\" target=\"_blank\" rel=\"noopener noreferrer\">Departamento de Educaci\u00f3n Superior de Colorado<\/a><\/li>\n<li><a href=\"https:\/\/www.cccs.edu\/\" target=\"_blank\" rel=\"noopener noreferrer\">Sistema de universidades comunitarias de Colorado<\/a><\/li>\n<\/ul>\n<\/div><\/section>\n","protected":false},"excerpt":{"rendered":"","protected":false},"author":2,"featured_media":0,"parent":0,"menu_order":0,"comment_status":"closed","ping_status":"closed","template":"","meta":{"_monsterinsights_skip_tracking":false,"_monsterinsights_sitenote_active":false,"_monsterinsights_sitenote_note":"","_monsterinsights_sitenote_category":0,"footnotes":""},"class_list":["post-613","page","type-page","status-publish","hentry"],"_links":{"self":[{"href":"https:\/\/schoolchoiceforkids.org\/es\/wp-json\/wp\/v2\/pages\/613","targetHints":{"allow":["GET"]}}],"collection":[{"href":"https:\/\/schoolchoiceforkids.org\/es\/wp-json\/wp\/v2\/pages"}],"about":[{"href":"https:\/\/schoolchoiceforkids.org\/es\/wp-json\/wp\/v2\/types\/page"}],"author":[{"embeddable":true,"href":"https:\/\/schoolchoiceforkids.org\/es\/wp-json\/wp\/v2\/users\/2"}],"replies":[{"embeddable":true,"href":"https:\/\/schoolchoiceforkids.org\/es\/wp-json\/wp\/v2\/comments?post=613"}],"version-history":[{"count":0,"href":"https:\/\/schoolchoiceforkids.org\/es\/wp-json\/wp\/v2\/pages\/613\/revisions"}],"wp:attachment":[{"href":"https:\/\/schoolchoiceforkids.org\/es\/wp-json\/wp\/v2\/media?parent=613"}],"curies":[{"name":"wp","href":"https:\/\/api.w.org\/{rel}","templated":true}]}}